{"id":1000,"date":"2025-09-04T21:40:18","date_gmt":"2025-09-04T21:40:18","guid":{"rendered":"https:\/\/ivfflorida.com\/?page_id=1000"},"modified":"2025-09-23T19:55:56","modified_gmt":"2025-09-23T19:55:56","slug":"infertilidad-por-factor-tubarico","status":"publish","type":"page","link":"https:\/\/ivfflorida.com\/es\/start-your-journey\/causes-of-infertility\/tubal-factor-infertility\/","title":{"rendered":"Infertilidad por factor tub\u00e1rico"},"content":{"rendered":"<div data-elementor-type=\"wp-page\" data-elementor-id=\"1000\" class=\"elementor elementor-1000\" data-elementor-post-type=\"page\">\n\t\t\t\t<div class=\"elementor-element elementor-element-744ae9ab e-flex e-con-boxed e-con e-parent\" data-id=\"744ae9ab\" data-element_type=\"container\" data-e-type=\"container\" data-settings=\"{&quot;background_background&quot;:&quot;classic&quot;}\">\n\t\t\t\t\t<div class=\"e-con-inner\">\n\t\t<div class=\"elementor-element elementor-element-6f8361a5 e-flex e-con-boxed e-con e-child\" data-id=\"6f8361a5\" data-element_type=\"container\" data-e-type=\"container\">\n\t\t\t\t\t<div class=\"e-con-inner\">\n\t\t<div class=\"elementor-element elementor-element-5056cecf e-con-full e-flex e-con e-child\" data-id=\"5056cecf\" data-element_type=\"container\" data-e-type=\"container\" data-settings=\"{&quot;background_background&quot;:&quot;classic&quot;}\">\n\t\t<div class=\"elementor-element elementor-element-7042b2c e-con-full e-flex e-con e-child\" data-id=\"7042b2c\" data-element_type=\"container\" data-e-type=\"container\">\n\t\t\t\t<div class=\"elementor-element elementor-element-c3f02f7 elementor-widget elementor-widget-heading\" data-id=\"c3f02f7\" data-element_type=\"widget\" data-e-type=\"widget\" data-widget_type=\"heading.default\">\n\t\t\t\t\t<h1 class=\"elementor-heading-title elementor-size-default\">Infertilidad por factor tub\u00e1rico<\/h1>\t\t\t\t<\/div>\n\t\t\t\t<div class=\"elementor-element elementor-element-32a9c27b elementor-widget elementor-widget-text-editor\" data-id=\"32a9c27b\" data-element_type=\"widget\" data-e-type=\"widget\" data-widget_type=\"text-editor.default\">\n\t\t\t\t\t\t\t\t\t<p>Unas trompas de Falopio sanas son esenciales para la concepci\u00f3n natural. Estas delgadas estructuras conectan los ovarios con el \u00fatero y sirven de lugar de fecundaci\u00f3n, donde se encuentran el \u00f3vulo y el espermatozoide. Cuando una o ambas trompas de Falopio est\u00e1n da\u00f1adas, obstruidas o faltan, pueden impedir que se produzca el embarazo.<\/p><p>La infertilidad por factor tub\u00e1rico representa hasta el 30% de los diagn\u00f3sticos de infertilidad femenina. La buena noticia es que suele ser tratable y muchas pacientes pueden concebir con el apoyo adecuado.<\/p>\t\t\t\t\t\t\t\t<\/div>\n\t\t\t\t<\/div>\n\t\t\t\t<\/div>\n\t\t\t\t\t<\/div>\n\t\t\t\t<\/div>\n\t\t\t\t\t<\/div>\n\t\t\t\t<\/div>\n\t\t<div class=\"elementor-element elementor-element-6b5414d0 e-con-full e-flex e-con e-parent\" data-id=\"6b5414d0\" data-element_type=\"container\" data-e-type=\"container\">\n\t\t<div class=\"elementor-element elementor-element-f635cc1 e-flex e-con-boxed e-con e-child\" data-id=\"f635cc1\" data-element_type=\"container\" data-e-type=\"container\">\n\t\t\t\t\t<div class=\"e-con-inner\">\n\t\t<div class=\"elementor-element elementor-element-4d3fbcc e-con-full e-flex e-con e-child\" data-id=\"4d3fbcc\" data-element_type=\"container\" data-e-type=\"container\">\n\t\t<div class=\"elementor-element elementor-element-486c6e96 e-con-full e-flex e-con e-child\" data-id=\"486c6e96\" data-element_type=\"container\" data-e-type=\"container\">\n\t\t<div class=\"elementor-element elementor-element-2303527a e-con-full e-flex e-con e-child\" data-id=\"2303527a\" data-element_type=\"container\" data-e-type=\"container\">\n\t\t\t\t<div class=\"elementor-element elementor-element-2a94283a elementor-widget elementor-widget-image\" data-id=\"2a94283a\" data-element_type=\"widget\" data-e-type=\"widget\" data-widget_type=\"image.default\">\n\t\t\t\t\t\t\t\t\t\t\t\t\t\t\t<img fetchpriority=\"high\" decoding=\"async\" width=\"939\" height=\"233\" src=\"https:\/\/ivfflorida.com\/wp-content\/uploads\/2025\/09\/family-sunset-marquee.jpg\" class=\"attachment-full size-full wp-image-1205\" alt=\"\" srcset=\"https:\/\/ivfflorida.com\/wp-content\/uploads\/2025\/09\/family-sunset-marquee.jpg 939w, https:\/\/ivfflorida.com\/wp-content\/uploads\/2025\/09\/family-sunset-marquee-300x74.jpg 300w, https:\/\/ivfflorida.com\/wp-content\/uploads\/2025\/09\/family-sunset-marquee-768x191.jpg 768w\" sizes=\"(max-width: 939px) 100vw, 939px\" title=\"family-sunset-marquee - IVF Florida\" \/>\t\t\t\t\t\t\t\t\t\t\t\t\t\t\t<\/div>\n\t\t\t\t<\/div>\n\t\t<div class=\"elementor-element elementor-element-2a0dc40a e-con-full e-flex e-con e-child\" data-id=\"2a0dc40a\" data-element_type=\"container\" data-e-type=\"container\" data-settings=\"{&quot;background_background&quot;:&quot;classic&quot;}\">\n\t\t<div class=\"elementor-element elementor-element-800983a e-con-full e-flex e-con e-child\" data-id=\"800983a\" data-element_type=\"container\" data-e-type=\"container\">\n\t\t\t\t<div class=\"elementor-element elementor-element-22d3d588 elementor-widget elementor-widget-heading\" data-id=\"22d3d588\" data-element_type=\"widget\" data-e-type=\"widget\" data-widget_type=\"heading.default\">\n\t\t\t\t\t<h2 class=\"elementor-heading-title elementor-size-default\">\u00bfQu\u00e9 es la infertilidad por factor tub\u00e1rico?<\/h2>\t\t\t\t<\/div>\n\t\t\t\t<\/div>\n\t\t<div class=\"elementor-element elementor-element-1a60f3c6 e-con-full e-flex e-con e-child\" data-id=\"1a60f3c6\" data-element_type=\"container\" data-e-type=\"container\">\n\t\t\t\t<div class=\"elementor-element elementor-element-7e30f469 elementor-widget elementor-widget-text-editor\" data-id=\"7e30f469\" data-element_type=\"widget\" data-e-type=\"widget\" data-widget_type=\"text-editor.default\">\n\t\t\t\t\t\t\t\t\t<h3>La infertilidad por factor tub\u00e1rico se refiere a cualquier afecci\u00f3n que impida el correcto funcionamiento de las trompas de Falopio. Esto incluye:<\/h3><ul><li aria-level=\"1\">Obstrucci\u00f3n de las trompas, que impide el encuentro entre el \u00f3vulo y el espermatozoide.<\/li><li aria-level=\"1\">trompas da\u00f1adas o con cicatrices, que dificultan el movimiento o aumentan el riesgo de embarazo ect\u00f3pico<\/li><li aria-level=\"1\">Hidros\u00e1lpinx, una afecci\u00f3n en la que la trompa est\u00e1 hinchada y llena de l\u00edquido, lo que puede reducir las probabilidades de \u00e9xito de la implantaci\u00f3n del embri\u00f3n.<\/li><li aria-level=\"1\">Ligaduras de trompas bilaterales previas o cirug\u00edas de extirpaci\u00f3n de las trompas de Falopio para la esterilizaci\u00f3n.<\/li><\/ul><p>Los problemas tub\u00e1ricos pueden afectar a una o a ambas trompas y es posible que no causen s\u00edntomas perceptibles por s\u00ed solos.<\/p>\t\t\t\t\t\t\t\t<\/div>\n\t\t\t\t<\/div>\n\t\t\t\t<\/div>\n\t\t<div class=\"elementor-element elementor-element-3652231d e-con-full e-flex e-con e-child\" data-id=\"3652231d\" data-element_type=\"container\" data-e-type=\"container\" data-settings=\"{&quot;background_background&quot;:&quot;classic&quot;}\">\n\t\t<div class=\"elementor-element elementor-element-63eb5827 e-con-full e-flex e-con e-child\" data-id=\"63eb5827\" data-element_type=\"container\" data-e-type=\"container\">\n\t\t\t\t<div class=\"elementor-element elementor-element-73527bed elementor-widget elementor-widget-heading\" data-id=\"73527bed\" data-element_type=\"widget\" data-e-type=\"widget\" data-widget_type=\"heading.default\">\n\t\t\t\t\t<h2 class=\"elementor-heading-title elementor-size-default\">\u00bfCu\u00e1les son las causas de la infertilidad tub\u00e1rica?<\/h2>\t\t\t\t<\/div>\n\t\t\t\t<\/div>\n\t\t<div class=\"elementor-element elementor-element-3c7e7a3c e-con-full e-flex e-con e-child\" data-id=\"3c7e7a3c\" data-element_type=\"container\" data-e-type=\"container\">\n\t\t\t\t<div class=\"elementor-element elementor-element-3784d1ec elementor-widget elementor-widget-text-editor\" data-id=\"3784d1ec\" data-element_type=\"widget\" data-e-type=\"widget\" data-widget_type=\"text-editor.default\">\n\t\t\t\t\t\t\t\t\t<h3>Las trompas de Falopio pueden resultar da\u00f1adas por diversos factores, entre ellos:<\/h3><ul><li aria-level=\"1\">Enfermedad inflamatoria p\u00e9lvica (EIP) por infecciones no tratadas<\/li><li aria-level=\"1\">Infecciones de transmisi\u00f3n sexual (ITS) como clamidia o gonorrea<\/li><li aria-level=\"1\">Cirug\u00eda p\u00e9lvica o abdominal previa, incluida la cirug\u00eda por apendicitis o endometriosis.<\/li><li aria-level=\"1\">Embarazo ect\u00f3pico, que puede da\u00f1ar la trompa afectada<\/li><li aria-level=\"1\">Ligadura de trompas, si la fertilidad se reconsidera m\u00e1s adelante.<\/li><\/ul><p>Incluso las cicatrices o bloqueos menores pueden afectar a la fertilidad, por lo que las pruebas son una parte clave del proceso de diagn\u00f3stico.<\/p>\t\t\t\t\t\t\t\t<\/div>\n\t\t\t\t<\/div>\n\t\t\t\t<\/div>\n\t\t<div class=\"elementor-element elementor-element-1e628a5a e-con-full e-flex e-con e-child\" data-id=\"1e628a5a\" data-element_type=\"container\" data-e-type=\"container\" data-settings=\"{&quot;background_background&quot;:&quot;classic&quot;}\">\n\t\t<div class=\"elementor-element elementor-element-527c5402 e-con-full e-flex e-con e-child\" data-id=\"527c5402\" data-element_type=\"container\" data-e-type=\"container\">\n\t\t\t\t<div class=\"elementor-element elementor-element-54ca7616 elementor-widget elementor-widget-heading\" data-id=\"54ca7616\" data-element_type=\"widget\" data-e-type=\"widget\" data-widget_type=\"heading.default\">\n\t\t\t\t\t<h2 class=\"elementor-heading-title elementor-size-default\">C\u00f3mo afecta el factor tub\u00e1rico a la fertilidad<\/h2>\t\t\t\t<\/div>\n\t\t\t\t<\/div>\n\t\t<div class=\"elementor-element elementor-element-229b79c2 e-con-full e-flex e-con e-child\" data-id=\"229b79c2\" data-element_type=\"container\" data-e-type=\"container\">\n\t\t\t\t<div class=\"elementor-element elementor-element-23431622 elementor-widget elementor-widget-text-editor\" data-id=\"23431622\" data-element_type=\"widget\" data-e-type=\"widget\" data-widget_type=\"text-editor.default\">\n\t\t\t\t\t\t\t\t\t<h3>Si las trompas de Falopio est\u00e1n obstruidas o no funcionan correctamente, el \u00f3vulo y el espermatozoide no pueden encontrarse, lo que hace casi imposible la concepci\u00f3n natural. Adem\u00e1s:<\/h3><ul><li aria-level=\"1\">Un hidros\u00e1lpinx puede filtrar l\u00edquido al \u00fatero, lo que interfiere en la implantaci\u00f3n del embri\u00f3n.<\/li><li aria-level=\"1\">Las trompas da\u00f1adas pueden aumentar el riesgo de embarazo ect\u00f3pico, en el que el embri\u00f3n se implanta fuera del \u00fatero.<\/li><\/ul><p>Una vez diagnosticada, la infertilidad por factor tub\u00e1rico a menudo puede evitarse o corregirse con tratamientos de fertilidad.<\/p>\t\t\t\t\t\t\t\t<\/div>\n\t\t\t\t<\/div>\n\t\t\t\t<\/div>\n\t\t<div class=\"elementor-element elementor-element-28a03424 e-con-full e-flex e-con e-child\" data-id=\"28a03424\" data-element_type=\"container\" data-e-type=\"container\" data-settings=\"{&quot;background_background&quot;:&quot;classic&quot;}\">\n\t\t<div class=\"elementor-element elementor-element-723af8fa e-con-full e-flex e-con e-child\" data-id=\"723af8fa\" data-element_type=\"container\" data-e-type=\"container\">\n\t\t\t\t<div class=\"elementor-element elementor-element-42be5acd elementor-widget elementor-widget-heading\" data-id=\"42be5acd\" data-element_type=\"widget\" data-e-type=\"widget\" data-widget_type=\"heading.default\">\n\t\t\t\t\t<h2 class=\"elementor-heading-title elementor-size-default\">C\u00f3mo se diagnostica la infertilidad tub\u00e1rica<\/h2>\t\t\t\t<\/div>\n\t\t\t\t<\/div>\n\t\t<div class=\"elementor-element elementor-element-5d1c7688 e-con-full e-flex e-con e-child\" data-id=\"5d1c7688\" data-element_type=\"container\" data-e-type=\"container\">\n\t\t\t\t<div class=\"elementor-element elementor-element-11542eb9 elementor-widget elementor-widget-text-editor\" data-id=\"11542eb9\" data-element_type=\"widget\" data-e-type=\"widget\" data-widget_type=\"text-editor.default\">\n\t\t\t\t\t\t\t\t\t<h3>Su especialista en fertilidad puede recomendarle pruebas de imagen para evaluar la salud de sus trompas de Falopio. Entre ellas se incluyen:<\/h3><ul><li aria-level=\"1\">Histerosalpingograf\u00eda (HSG): Radiograf\u00eda especializada que utiliza un medio de contraste para visualizar el \u00fatero y las trompas de Falopio.<\/li><li aria-level=\"1\">Ecograf\u00eda salina (SIS): Utiliza ultrasonidos y suero salino para evaluar la cavidad uterina y, en ocasiones, las aberturas tub\u00e1ricas.<\/li><li aria-level=\"1\">Laparoscopia: Procedimiento quir\u00fargico m\u00ednimamente invasivo que permite la visualizaci\u00f3n directa de las trompas y las estructuras p\u00e9lvicas circundantes.<\/li><\/ul><p>Estas pruebas ayudan a determinar si las trompas est\u00e1n abiertas, obstruidas o da\u00f1adas, y a planificar el tratamiento en consecuencia.<\/p>\t\t\t\t\t\t\t\t<\/div>\n\t\t\t\t<\/div>\n\t\t\t\t<\/div>\n\t\t<div class=\"elementor-element elementor-element-20874b5 e-con-full e-flex e-con e-child\" data-id=\"20874b5\" data-element_type=\"container\" data-e-type=\"container\" data-settings=\"{&quot;background_background&quot;:&quot;classic&quot;}\">\n\t\t<div class=\"elementor-element elementor-element-4f0b7df3 e-con-full e-flex e-con e-child\" data-id=\"4f0b7df3\" data-element_type=\"container\" data-e-type=\"container\">\n\t\t\t\t<div class=\"elementor-element elementor-element-498bfbaf elementor-widget elementor-widget-heading\" data-id=\"498bfbaf\" data-element_type=\"widget\" data-e-type=\"widget\" data-widget_type=\"heading.default\">\n\t\t\t\t\t<h2 class=\"elementor-heading-title elementor-size-default\">Opciones de tratamiento para la infertilidad por factor tub\u00e1rico<\/h2>\t\t\t\t<\/div>\n\t\t\t\t<\/div>\n\t\t<div class=\"elementor-element elementor-element-3d0b9534 e-con-full e-flex e-con e-child\" data-id=\"3d0b9534\" data-element_type=\"container\" data-e-type=\"container\">\n\t\t\t\t<div class=\"elementor-element elementor-element-632a47db elementor-widget elementor-widget-text-editor\" data-id=\"632a47db\" data-element_type=\"widget\" data-e-type=\"widget\" data-widget_type=\"text-editor.default\">\n\t\t\t\t\t\t\t\t\t<h3>El mejor tratamiento depende de la gravedad de la obstrucci\u00f3n y de sus objetivos reproductivos. Las opciones pueden incluir:<\/h3><ul><li aria-level=\"1\">Reparaci\u00f3n quir\u00fargica de obstrucciones leves o adherencias en casos seleccionados<\/li><li aria-level=\"1\">Extirpaci\u00f3n de un hidros\u00e1lpinx para mejorar las tasas de \u00e9xito de la FIV<\/li><li aria-level=\"1\">Fecundaci\u00f3n in vitro (FIV), que evita por completo las trompas de Falopio fecundando los \u00f3vulos en el laboratorio y transfiriendo los embriones directamente al \u00fatero.<\/li><\/ul><p>La FIV suele ser el m\u00e9todo m\u00e1s eficaz para las lesiones tub\u00e1ricas de moderadas a graves y tambi\u00e9n puede reducir el riesgo de embarazo ect\u00f3pico.<\/p><p>IVF Florida ofrece pruebas avanzadas y opciones de tratamiento probadas para ayudar a los pacientes con infertilidad por factor tub\u00e1rico a construir sus familias, con claridad, confianza y atenci\u00f3n experta.<\/p>\t\t\t\t\t\t\t\t<\/div>\n\t\t\t\t<\/div>\n\t\t\t\t<\/div>\n\t\t\t\t<\/div>\n\t\t<div class=\"elementor-element elementor-element-3cff8c44 e-con-full e-flex e-con e-child\" data-id=\"3cff8c44\" data-element_type=\"container\" data-e-type=\"container\">\n\t\t<div class=\"elementor-element elementor-element-55f5d4db e-con-full e-flex e-con e-child\" data-id=\"55f5d4db\" data-element_type=\"container\" data-e-type=\"container\" data-settings=\"{&quot;background_background&quot;:&quot;classic&quot;}\">\n\t\t<div class=\"elementor-element elementor-element-11283269 e-con-full e-flex e-con e-child\" data-id=\"11283269\" data-element_type=\"container\" data-e-type=\"container\">\n\t\t\t\t<div class=\"elementor-element elementor-element-1e1fa37d elementor-widget elementor-widget-text-editor\" data-id=\"1e1fa37d\" data-element_type=\"widget\" data-e-type=\"widget\" data-widget_type=\"text-editor.default\">\n\t\t\t\t\t\t\t\t\t<p>Desde nuestra primera consulta con la Dra. Kari Von Goeben, quedamos completamente convencidos. Sentimos una conexi\u00f3n emocional que no hab\u00edamos experimentado en ning\u00fan otro lugar: hab\u00eda una atenci\u00f3n genuina, compasi\u00f3n y una orientaci\u00f3n excelente. Analiz\u00f3 minuciosamente nuestro historial m\u00e9dico y nos proporcion\u00f3 informaci\u00f3n muy valiosa que desconoc\u00edamos. Con su asesoramiento y tratamiento expertos, ahora estamos embarazados de dos semanas y nos sentimos incre\u00edblemente bendecidos.<\/p>\t\t\t\t\t\t\t\t<\/div>\n\t\t\t\t<\/div>\n\t\t\t\t<\/div>\n\t\t<div class=\"elementor-element elementor-element-1edfbe32 e-con-full interior-helpful-resources-column e-flex e-con e-child\" data-id=\"1edfbe32\" data-element_type=\"container\" data-e-type=\"container\" data-settings=\"{&quot;background_background&quot;:&quot;classic&quot;}\">\n\t\t\t\t<div class=\"elementor-element elementor-element-5d3ac7e0 elementor-widget elementor-widget-heading\" data-id=\"5d3ac7e0\" data-element_type=\"widget\" data-e-type=\"widget\" data-widget_type=\"heading.default\">\n\t\t\t\t\t<h5 class=\"elementor-heading-title elementor-size-default\">Recursos \u00fatiles<\/h5>\t\t\t\t<\/div>\n\t\t\t\t<div class=\"elementor-element elementor-element-5f3795e elementor-widget elementor-widget-text-editor\" data-id=\"5f3795e\" data-element_type=\"widget\" data-e-type=\"widget\" data-widget_type=\"text-editor.default\">\n\t\t\t\t\t\t\t\t\t<ul><li><a href=\"\/es\/comienza-tu-viaje\/cuando-acudir-a-un-especialista-en-fertilidad\/\">Cu\u00e1ndo acudir a un especialista en fertilidad<\/a><\/li><li><a href=\"\/es\/tratamientos\/fecundacion-in-vitro\/\">Fecundaci\u00f3n in vitro (FIV)\u00a0<\/a><\/li><li><a href=\"\/es\/comienza-tu-viaje\/su-primera-visita\/\">Su primera cita <\/a><\/li><\/ul>\t\t\t\t\t\t\t\t<\/div>\n\t\t\t\t<\/div>\n\t\t\t\t<\/div>\n\t\t\t\t<\/div>\n\t\t\t\t\t<\/div>\n\t\t\t\t<\/div>\n\t\t\t\t<\/div>\n\t\t\t\t<\/div>","protected":false},"excerpt":{"rendered":"<p>Factor tub\u00e1rico Infertilidad Unas trompas de Falopio sanas son esenciales para la concepci\u00f3n natural. Estas delgadas estructuras conectan los ovarios con el \u00fatero y sirven como lugar de fecundaci\u00f3n, donde el \u00f3vulo y el espermatozoide se encuentran...<\/p>","protected":false},"author":2,"featured_media":0,"parent":463,"menu_order":0,"template":"","meta":{"_acf_changed":false,"footnotes":""},"class_list":["post-1000","page","type-page","status-publish","hentry"],"acf":[],"aioseo_notices":[],"_links":{"self":[{"href":"https:\/\/ivfflorida.com\/es\/wp-json\/wp\/v2\/pages\/1000","targetHints":{"allow":["GET"]}}],"collection":[{"href":"https:\/\/ivfflorida.com\/es\/wp-json\/wp\/v2\/pages"}],"about":[{"href":"https:\/\/ivfflorida.com\/es\/wp-json\/wp\/v2\/types\/page"}],"author":[{"embeddable":true,"href":"https:\/\/ivfflorida.com\/es\/wp-json\/wp\/v2\/users\/2"}],"replies":[{"embeddable":true,"href":"https:\/\/ivfflorida.com\/es\/wp-json\/wp\/v2\/comments?post=1000"}],"version-history":[{"count":9,"href":"https:\/\/ivfflorida.com\/es\/wp-json\/wp\/v2\/pages\/1000\/revisions"}],"predecessor-version":[{"id":2416,"href":"https:\/\/ivfflorida.com\/es\/wp-json\/wp\/v2\/pages\/1000\/revisions\/2416"}],"up":[{"embeddable":true,"href":"https:\/\/ivfflorida.com\/es\/wp-json\/wp\/v2\/pages\/463"}],"wp:attachment":[{"href":"https:\/\/ivfflorida.com\/es\/wp-json\/wp\/v2\/media?parent=1000"}],"curies":[{"name":"wp","href":"https:\/\/api.w.org\/{rel}","templated":true}]}}