{"id":1002,"date":"2025-09-05T14:01:46","date_gmt":"2025-09-05T14:01:46","guid":{"rendered":"https:\/\/ivfflorida.com\/?page_id=1002"},"modified":"2025-09-23T19:54:52","modified_gmt":"2025-09-23T19:54:52","slug":"perdida-recurrente-del-embarazo","status":"publish","type":"page","link":"https:\/\/ivfflorida.com\/es\/start-your-journey\/causes-of-infertility\/recurrent-pregnancy-loss\/","title":{"rendered":"P\u00e9rdida recurrente del embarazo"},"content":{"rendered":"<div data-elementor-type=\"wp-page\" data-elementor-id=\"1002\" class=\"elementor elementor-1002\" data-elementor-post-type=\"page\">\n\t\t\t\t<div class=\"elementor-element elementor-element-509eeb03 e-flex e-con-boxed e-con e-parent\" data-id=\"509eeb03\" data-element_type=\"container\" data-e-type=\"container\" data-settings=\"{&quot;background_background&quot;:&quot;classic&quot;}\">\n\t\t\t\t\t<div class=\"e-con-inner\">\n\t\t<div class=\"elementor-element elementor-element-54a58f96 e-flex e-con-boxed e-con e-child\" data-id=\"54a58f96\" data-element_type=\"container\" data-e-type=\"container\">\n\t\t\t\t\t<div class=\"e-con-inner\">\n\t\t<div class=\"elementor-element elementor-element-7b3e3553 e-con-full e-flex e-con e-child\" data-id=\"7b3e3553\" data-element_type=\"container\" data-e-type=\"container\" data-settings=\"{&quot;background_background&quot;:&quot;classic&quot;}\">\n\t\t<div class=\"elementor-element elementor-element-a0620d4 e-con-full e-flex e-con e-child\" data-id=\"a0620d4\" data-element_type=\"container\" data-e-type=\"container\">\n\t\t\t\t<div class=\"elementor-element elementor-element-25d92af9 elementor-widget elementor-widget-heading\" data-id=\"25d92af9\" data-element_type=\"widget\" data-e-type=\"widget\" data-widget_type=\"heading.default\">\n\t\t\t\t\t<h1 class=\"elementor-heading-title elementor-size-default\">P\u00e9rdida recurrente del embarazo<\/h1>\t\t\t\t<\/div>\n\t\t\t\t<div class=\"elementor-element elementor-element-10b86a6b elementor-widget elementor-widget-text-editor\" data-id=\"10b86a6b\" data-element_type=\"widget\" data-e-type=\"widget\" data-widget_type=\"text-editor.default\">\n\t\t\t\t\t\t\t\t\t<p>Experimentar m\u00e1s de un aborto espont\u00e1neo puede ser agotador emocional y f\u00edsicamente, y a menudo deja a las pacientes en busca de respuestas. La p\u00e9rdida recurrente del embarazo se refiere a dos o m\u00e1s p\u00e9rdidas consecutivas del embarazo, que suelen ocurrir en el primer trimestre. Aunque el aborto espont\u00e1neo es m\u00e1s frecuente de lo que la mayor\u00eda de la gente cree, las p\u00e9rdidas repetidas merecen una evaluaci\u00f3n experta y una atenci\u00f3n cuidadosa e individualizada.<\/p><p>En IVF Florida, estamos aqu\u00ed para descubrir las causas y guiarle hacia los pr\u00f3ximos pasos m\u00e1s eficaces para hacer crecer su familia.<\/p>\t\t\t\t\t\t\t\t<\/div>\n\t\t\t\t<\/div>\n\t\t\t\t<\/div>\n\t\t\t\t\t<\/div>\n\t\t\t\t<\/div>\n\t\t\t\t\t<\/div>\n\t\t\t\t<\/div>\n\t\t<div class=\"elementor-element elementor-element-e27320a e-con-full e-flex e-con e-parent\" data-id=\"e27320a\" data-element_type=\"container\" data-e-type=\"container\">\n\t\t<div class=\"elementor-element elementor-element-22bf6917 e-flex e-con-boxed e-con e-child\" data-id=\"22bf6917\" data-element_type=\"container\" data-e-type=\"container\">\n\t\t\t\t\t<div class=\"e-con-inner\">\n\t\t<div class=\"elementor-element elementor-element-2d418b96 e-con-full e-flex e-con e-child\" data-id=\"2d418b96\" data-element_type=\"container\" data-e-type=\"container\">\n\t\t<div class=\"elementor-element elementor-element-16216a52 e-con-full e-flex e-con e-child\" data-id=\"16216a52\" data-element_type=\"container\" data-e-type=\"container\">\n\t\t<div class=\"elementor-element elementor-element-79c756d1 e-con-full e-flex e-con e-child\" data-id=\"79c756d1\" data-element_type=\"container\" data-e-type=\"container\">\n\t\t\t\t<div class=\"elementor-element elementor-element-1e406ce9 elementor-widget elementor-widget-image\" data-id=\"1e406ce9\" data-element_type=\"widget\" data-e-type=\"widget\" data-widget_type=\"image.default\">\n\t\t\t\t\t\t\t\t\t\t\t\t\t\t\t<img fetchpriority=\"high\" decoding=\"async\" width=\"939\" height=\"233\" src=\"https:\/\/ivfflorida.com\/wp-content\/uploads\/2025\/09\/father-lifting-child.jpg\" class=\"attachment-full size-full wp-image-1206\" alt=\"\" srcset=\"https:\/\/ivfflorida.com\/wp-content\/uploads\/2025\/09\/father-lifting-child.jpg 939w, https:\/\/ivfflorida.com\/wp-content\/uploads\/2025\/09\/father-lifting-child-300x74.jpg 300w, https:\/\/ivfflorida.com\/wp-content\/uploads\/2025\/09\/father-lifting-child-768x191.jpg 768w\" sizes=\"(max-width: 939px) 100vw, 939px\" \/>\t\t\t\t\t\t\t\t\t\t\t\t\t\t\t<\/div>\n\t\t\t\t<\/div>\n\t\t<div class=\"elementor-element elementor-element-1922629b e-con-full e-flex e-con e-child\" data-id=\"1922629b\" data-element_type=\"container\" data-e-type=\"container\" data-settings=\"{&quot;background_background&quot;:&quot;classic&quot;}\">\n\t\t<div class=\"elementor-element elementor-element-7ce6eaec e-con-full e-flex e-con e-child\" data-id=\"7ce6eaec\" data-element_type=\"container\" data-e-type=\"container\">\n\t\t\t\t<div class=\"elementor-element elementor-element-1fa29dcb elementor-widget elementor-widget-heading\" data-id=\"1fa29dcb\" data-element_type=\"widget\" data-e-type=\"widget\" data-widget_type=\"heading.default\">\n\t\t\t\t\t<h2 class=\"elementor-heading-title elementor-size-default\">\u00bfQu\u00e9 es la p\u00e9rdida recurrente del embarazo?<\/h2>\t\t\t\t<\/div>\n\t\t\t\t<\/div>\n\t\t<div class=\"elementor-element elementor-element-1ba89e0b e-con-full e-flex e-con e-child\" data-id=\"1ba89e0b\" data-element_type=\"container\" data-e-type=\"container\">\n\t\t\t\t<div class=\"elementor-element elementor-element-6975580a elementor-widget elementor-widget-text-editor\" data-id=\"6975580a\" data-element_type=\"widget\" data-e-type=\"widget\" data-widget_type=\"text-editor.default\">\n\t\t\t\t\t\t\t\t\t<p>La RPL se define como dos o m\u00e1s p\u00e9rdidas de embarazo cl\u00ednicamente reconocidas. Pueden producirse con o sin latido fetal y a menudo ocurren pronto, antes de las 12 semanas. La causa puede no ser siempre obvia, especialmente cuando los embarazos eran por lo dem\u00e1s sanos hasta cierto punto.<\/p><p>Es importante saber que el aborto espont\u00e1neo recurrente no es el resultado de algo que hayas hecho o dejado de hacer. La mayor\u00eda de las causas son m\u00e9dicas, hormonales, gen\u00e9ticas o estructurales, y muchas son tratables una vez identificadas.<\/p>\t\t\t\t\t\t\t\t<\/div>\n\t\t\t\t<\/div>\n\t\t\t\t<\/div>\n\t\t<div class=\"elementor-element elementor-element-62226c16 e-con-full e-flex e-con e-child\" data-id=\"62226c16\" data-element_type=\"container\" data-e-type=\"container\" data-settings=\"{&quot;background_background&quot;:&quot;classic&quot;}\">\n\t\t<div class=\"elementor-element elementor-element-28c00eb0 e-con-full e-flex e-con e-child\" data-id=\"28c00eb0\" data-element_type=\"container\" data-e-type=\"container\">\n\t\t\t\t<div class=\"elementor-element elementor-element-5afc24c0 elementor-widget elementor-widget-heading\" data-id=\"5afc24c0\" data-element_type=\"widget\" data-e-type=\"widget\" data-widget_type=\"heading.default\">\n\t\t\t\t\t<h2 class=\"elementor-heading-title elementor-size-default\">\u00bfCu\u00e1les son las causas de la p\u00e9rdida recurrente del embarazo?\n<\/h2>\t\t\t\t<\/div>\n\t\t\t\t<\/div>\n\t\t<div class=\"elementor-element elementor-element-48a6cb4b e-con-full e-flex e-con e-child\" data-id=\"48a6cb4b\" data-element_type=\"container\" data-e-type=\"container\">\n\t\t\t\t<div class=\"elementor-element elementor-element-74ef1dcc elementor-widget elementor-widget-text-editor\" data-id=\"74ef1dcc\" data-element_type=\"widget\" data-e-type=\"widget\" data-widget_type=\"text-editor.default\">\n\t\t\t\t\t\t\t\t\t<h3>Se conocen varios factores que contribuyen al aborto espont\u00e1neo recurrente. Su especialista en fertilidad tendr\u00e1 en cuenta m\u00faltiples factores, entre ellos:<\/h3><ul><li aria-level=\"1\">Anomal\u00edas cromos\u00f3micas en el embri\u00f3n (a menudo debidas a la calidad del \u00f3vulo o del esperma).<\/li><li aria-level=\"1\">Anomal\u00edas uterinas, como un tabique o tejido cicatricial que afecte a la implantaci\u00f3n.<\/li><li aria-level=\"1\">Trastornos de la coagulaci\u00f3n sangu\u00ednea, como el s\u00edndrome antifosfol\u00edpido<\/li><li aria-level=\"1\">Desequilibrios hormonales, como disfunci\u00f3n tiroidea o problemas en la fase l\u00fatea.<\/li><li aria-level=\"1\">Factores del sistema inmunitario que afectan a la respuesta del organismo al inicio del embarazo<\/li><li aria-level=\"1\">Factores relacionados con la edad, sobre todo en personas mayores de 35 a\u00f1os<\/li><\/ul><p>En algunos casos, no se encuentra una causa clara, pero el tratamiento sigue siendo posible y a menudo eficaz.<\/p>\t\t\t\t\t\t\t\t<\/div>\n\t\t\t\t<\/div>\n\t\t\t\t<\/div>\n\t\t<div class=\"elementor-element elementor-element-580994c e-con-full e-flex e-con e-child\" data-id=\"580994c\" data-element_type=\"container\" data-e-type=\"container\" data-settings=\"{&quot;background_background&quot;:&quot;classic&quot;}\">\n\t\t<div class=\"elementor-element elementor-element-20f079b e-con-full e-flex e-con e-child\" data-id=\"20f079b\" data-element_type=\"container\" data-e-type=\"container\">\n\t\t\t\t<div class=\"elementor-element elementor-element-62bb194 elementor-widget elementor-widget-heading\" data-id=\"62bb194\" data-element_type=\"widget\" data-e-type=\"widget\" data-widget_type=\"heading.default\">\n\t\t\t\t\t<h2 class=\"elementor-heading-title elementor-size-default\">Opciones de tratamiento para la p\u00e9rdida recurrente del embarazo<\/h2>\t\t\t\t<\/div>\n\t\t\t\t<\/div>\n\t\t<div class=\"elementor-element elementor-element-73e05a9 e-con-full e-flex e-con e-child\" data-id=\"73e05a9\" data-element_type=\"container\" data-e-type=\"container\">\n\t\t\t\t<div class=\"elementor-element elementor-element-be79795 elementor-widget elementor-widget-text-editor\" data-id=\"be79795\" data-element_type=\"widget\" data-e-type=\"widget\" data-widget_type=\"text-editor.default\">\n\t\t\t\t\t\t\t\t\t<h3>El tratamiento depende de la causa identificada (si se encuentra alguna), la edad y los antecedentes reproductivos. Las opciones pueden incluir:<\/h3><ul><li aria-level=\"1\">Correcci\u00f3n quir\u00fargica de un tabique uterino o de adherencias<\/li><li aria-level=\"1\">FIV con pruebas gen\u00e9ticas preimplantacionales (PGT-A) para seleccionar embriones cromos\u00f3micamente normales<\/li><li aria-level=\"1\">Tratamiento anticoagulante para reducir el riesgo de trastornos de la coagulaci\u00f3n durante el embarazo<\/li><li aria-level=\"1\">Apoyo hormonal durante los primeros meses de embarazo<\/li><li aria-level=\"1\">Asesoramiento nutricional o sobre el estilo de vida si se identifican factores de riesgo relevantes.<\/li><\/ul><p>En los casos en los que no existe un diagn\u00f3stico claro, la FIV puede mejorar las probabilidades de \u00e9xito del embarazo al optimizar la fecundaci\u00f3n, la calidad embrionaria y la implantaci\u00f3n.<\/p><p>Comprendemos la complejidad emocional de las p\u00e9rdidas recurrentes. Le ayudaremos a seguir adelante con las respuestas, la atenci\u00f3n y el apoyo que se merece.<\/p>\t\t\t\t\t\t\t\t<\/div>\n\t\t\t\t<\/div>\n\t\t\t\t<\/div>\n\t\t\t\t<\/div>\n\t\t<div class=\"elementor-element elementor-element-38f96a28 e-con-full e-flex e-con e-child\" data-id=\"38f96a28\" data-element_type=\"container\" data-e-type=\"container\">\n\t\t<div class=\"elementor-element elementor-element-2404e557 e-con-full e-flex e-con e-child\" data-id=\"2404e557\" data-element_type=\"container\" data-e-type=\"container\" data-settings=\"{&quot;background_background&quot;:&quot;classic&quot;}\">\n\t\t<div class=\"elementor-element elementor-element-6c4e66d6 e-con-full e-flex e-con e-child\" data-id=\"6c4e66d6\" data-element_type=\"container\" data-e-type=\"container\">\n\t\t\t\t<div class=\"elementor-element elementor-element-7fdc3e70 elementor-widget elementor-widget-text-editor\" data-id=\"7fdc3e70\" data-element_type=\"widget\" data-e-type=\"widget\" data-widget_type=\"text-editor.default\">\n\t\t\t\t\t\t\t\t\t<p>El Dr. Hoyos es el mejor profesional y un ser humano incre\u00edblemente amable. Me escuch\u00f3 con compasi\u00f3n, me tranquiliz\u00f3 e hizo que todo el proceso fuera indoloro, r\u00e1pido y gentil. Su habilidad y trato con los pacientes son extraordinarios.<\/p>\t\t\t\t\t\t\t\t<\/div>\n\t\t\t\t<\/div>\n\t\t\t\t<\/div>\n\t\t<div class=\"elementor-element elementor-element-43fe82a e-con-full interior-helpful-resources-column e-flex e-con e-child\" data-id=\"43fe82a\" data-element_type=\"container\" data-e-type=\"container\" data-settings=\"{&quot;background_background&quot;:&quot;classic&quot;}\">\n\t\t\t\t<div class=\"elementor-element elementor-element-6c23ac0 elementor-widget elementor-widget-heading\" data-id=\"6c23ac0\" data-element_type=\"widget\" data-e-type=\"widget\" data-widget_type=\"heading.default\">\n\t\t\t\t\t<h5 class=\"elementor-heading-title elementor-size-default\">Recursos \u00fatiles<\/h5>\t\t\t\t<\/div>\n\t\t\t\t<div class=\"elementor-element elementor-element-1fd585e7 elementor-widget elementor-widget-text-editor\" data-id=\"1fd585e7\" data-element_type=\"widget\" data-e-type=\"widget\" data-widget_type=\"text-editor.default\">\n\t\t\t\t\t\t\t\t\t<ul><li><a href=\"\/es\/concertar-cita\/\">Citas<\/a><\/li><li><a href=\"\/es\/lugares\/\">Ubicaciones<\/a><\/li><li><a href=\"\/es\/proveedores\/\">Proveedores<\/a><\/li><\/ul>\t\t\t\t\t\t\t\t<\/div>\n\t\t\t\t<\/div>\n\t\t\t\t<\/div>\n\t\t\t\t<\/div>\n\t\t\t\t\t<\/div>\n\t\t\t\t<\/div>\n\t\t\t\t<\/div>\n\t\t\t\t<\/div>","protected":false},"excerpt":{"rendered":"<p>P\u00e9rdida recurrente del embarazo Experimentar m\u00e1s de un aborto espont\u00e1neo puede ser agotador emocional y f\u00edsicamente, y a menudo deja a las pacientes en busca de respuestas. La p\u00e9rdida recurrente del embarazo se refiere a dos o m\u00e1s p\u00e9rdidas consecutivas del embarazo, que suelen ocurrir en el primer trimestre...<\/p>","protected":false},"author":2,"featured_media":0,"parent":463,"menu_order":0,"template":"","meta":{"_acf_changed":false,"footnotes":""},"class_list":["post-1002","page","type-page","status-publish","hentry"],"acf":[],"aioseo_notices":[],"_links":{"self":[{"href":"https:\/\/ivfflorida.com\/es\/wp-json\/wp\/v2\/pages\/1002","targetHints":{"allow":["GET"]}}],"collection":[{"href":"https:\/\/ivfflorida.com\/es\/wp-json\/wp\/v2\/pages"}],"about":[{"href":"https:\/\/ivfflorida.com\/es\/wp-json\/wp\/v2\/types\/page"}],"author":[{"embeddable":true,"href":"https:\/\/ivfflorida.com\/es\/wp-json\/wp\/v2\/users\/2"}],"replies":[{"embeddable":true,"href":"https:\/\/ivfflorida.com\/es\/wp-json\/wp\/v2\/comments?post=1002"}],"version-history":[{"count":9,"href":"https:\/\/ivfflorida.com\/es\/wp-json\/wp\/v2\/pages\/1002\/revisions"}],"predecessor-version":[{"id":2407,"href":"https:\/\/ivfflorida.com\/es\/wp-json\/wp\/v2\/pages\/1002\/revisions\/2407"}],"up":[{"embeddable":true,"href":"https:\/\/ivfflorida.com\/es\/wp-json\/wp\/v2\/pages\/463"}],"wp:attachment":[{"href":"https:\/\/ivfflorida.com\/es\/wp-json\/wp\/v2\/media?parent=1002"}],"curies":[{"name":"wp","href":"https:\/\/api.w.org\/{rel}","templated":true}]}}