{"id":1005,"date":"2025-09-05T15:59:58","date_gmt":"2025-09-05T15:59:58","guid":{"rendered":"https:\/\/ivfflorida.com\/?page_id=1005"},"modified":"2025-09-26T19:54:39","modified_gmt":"2025-09-26T19:54:39","slug":"fibromas-uterinos","status":"publish","type":"page","link":"https:\/\/ivfflorida.com\/es\/start-your-journey\/causes-of-infertility\/uterine-fibroids\/","title":{"rendered":"Fibromas uterinos"},"content":{"rendered":"<div data-elementor-type=\"wp-page\" data-elementor-id=\"1005\" class=\"elementor elementor-1005\" data-elementor-post-type=\"page\">\n\t\t\t\t<div class=\"elementor-element elementor-element-c389fec e-flex e-con-boxed e-con e-parent\" data-id=\"c389fec\" data-element_type=\"container\" data-e-type=\"container\" data-settings=\"{&quot;background_background&quot;:&quot;classic&quot;}\">\n\t\t\t\t\t<div class=\"e-con-inner\">\n\t\t<div class=\"elementor-element elementor-element-65465b03 e-flex e-con-boxed e-con e-child\" data-id=\"65465b03\" data-element_type=\"container\" data-e-type=\"container\">\n\t\t\t\t\t<div class=\"e-con-inner\">\n\t\t<div class=\"elementor-element elementor-element-72ea1e12 e-con-full e-flex e-con e-child\" data-id=\"72ea1e12\" data-element_type=\"container\" data-e-type=\"container\" data-settings=\"{&quot;background_background&quot;:&quot;classic&quot;}\">\n\t\t<div class=\"elementor-element elementor-element-1f64c6e3 e-con-full e-flex e-con e-child\" data-id=\"1f64c6e3\" data-element_type=\"container\" data-e-type=\"container\">\n\t\t\t\t<div class=\"elementor-element elementor-element-7115cc5f elementor-widget elementor-widget-heading\" data-id=\"7115cc5f\" data-element_type=\"widget\" data-e-type=\"widget\" data-widget_type=\"heading.default\">\n\t\t\t\t\t<h1 class=\"elementor-heading-title elementor-size-default\">Fibromas uterinos<\/h1>\t\t\t\t<\/div>\n\t\t\t\t<div class=\"elementor-element elementor-element-1ceae3ec elementor-widget elementor-widget-text-editor\" data-id=\"1ceae3ec\" data-element_type=\"widget\" data-e-type=\"widget\" data-widget_type=\"text-editor.default\">\n\t\t\t\t\t\t\t\t\t<p><span style=\"font-weight: 400;\">Los miomas uterinos son tumores benignos (no cancerosos) que se desarrollan dentro o alrededor del \u00fatero. Aunque muchas personas con miomas uterinos no presentan s\u00edntomas, estos tumores pueden interferir en la fertilidad al afectar al entorno uterino, las trompas de Falopio o la capacidad de implantaci\u00f3n del embri\u00f3n.<\/span><\/p><p><span style=\"font-weight: 400;\">Los miomas son muy frecuentes y muy tratables. Con la atenci\u00f3n de expertos, la mayor\u00eda de las pacientes pueden concebir con \u00e9xito y llevar un embarazo saludable, incluso si los fibromas est\u00e1n presentes.<\/span><\/p>\t\t\t\t\t\t\t\t<\/div>\n\t\t\t\t<\/div>\n\t\t\t\t<\/div>\n\t\t\t\t\t<\/div>\n\t\t\t\t<\/div>\n\t\t\t\t\t<\/div>\n\t\t\t\t<\/div>\n\t\t<div class=\"elementor-element elementor-element-422121e7 e-con-full e-flex e-con e-parent\" data-id=\"422121e7\" data-element_type=\"container\" data-e-type=\"container\">\n\t\t<div class=\"elementor-element elementor-element-77f2e9aa e-flex e-con-boxed e-con e-child\" data-id=\"77f2e9aa\" data-element_type=\"container\" data-e-type=\"container\">\n\t\t\t\t\t<div class=\"e-con-inner\">\n\t\t<div class=\"elementor-element elementor-element-7f50d395 e-con-full e-flex e-con e-child\" data-id=\"7f50d395\" data-element_type=\"container\" data-e-type=\"container\">\n\t\t<div class=\"elementor-element elementor-element-4566225e e-con-full e-flex e-con e-child\" data-id=\"4566225e\" data-element_type=\"container\" data-e-type=\"container\">\n\t\t<div class=\"elementor-element elementor-element-341ead7c e-con-full e-flex e-con e-child\" data-id=\"341ead7c\" data-element_type=\"container\" data-e-type=\"container\">\n\t\t\t\t<div class=\"elementor-element elementor-element-c53f1b0 elementor-widget elementor-widget-image\" data-id=\"c53f1b0\" data-element_type=\"widget\" data-e-type=\"widget\" data-widget_type=\"image.default\">\n\t\t\t\t\t\t\t\t\t\t\t\t\t\t\t<img fetchpriority=\"high\" decoding=\"async\" width=\"939\" height=\"233\" src=\"https:\/\/ivfflorida.com\/wp-content\/uploads\/2025\/09\/daugher-parents-hands.jpg\" class=\"attachment-full size-full wp-image-1204\" alt=\"\" srcset=\"https:\/\/ivfflorida.com\/wp-content\/uploads\/2025\/09\/daugher-parents-hands.jpg 939w, https:\/\/ivfflorida.com\/wp-content\/uploads\/2025\/09\/daugher-parents-hands-300x74.jpg 300w, https:\/\/ivfflorida.com\/wp-content\/uploads\/2025\/09\/daugher-parents-hands-768x191.jpg 768w\" sizes=\"(max-width: 939px) 100vw, 939px\" title=\"daugher-padres-manos - IVF Florida\" \/>\t\t\t\t\t\t\t\t\t\t\t\t\t\t\t<\/div>\n\t\t\t\t<\/div>\n\t\t<div class=\"elementor-element elementor-element-3b267b3b e-con-full e-flex e-con e-child\" data-id=\"3b267b3b\" data-element_type=\"container\" data-e-type=\"container\" data-settings=\"{&quot;background_background&quot;:&quot;classic&quot;}\">\n\t\t<div class=\"elementor-element elementor-element-109fdba3 e-con-full e-flex e-con e-child\" data-id=\"109fdba3\" data-element_type=\"container\" data-e-type=\"container\">\n\t\t\t\t<div class=\"elementor-element elementor-element-b643a7c elementor-widget elementor-widget-heading\" data-id=\"b643a7c\" data-element_type=\"widget\" data-e-type=\"widget\" data-widget_type=\"heading.default\">\n\t\t\t\t\t<h2 class=\"elementor-heading-title elementor-size-default\">\u00bfQu\u00e9 son los miomas uterinos?<\/h2>\t\t\t\t<\/div>\n\t\t\t\t<\/div>\n\t\t<div class=\"elementor-element elementor-element-345aaf5e e-con-full e-flex e-con e-child\" data-id=\"345aaf5e\" data-element_type=\"container\" data-e-type=\"container\">\n\t\t\t\t<div class=\"elementor-element elementor-element-4e05e84 elementor-widget elementor-widget-text-editor\" data-id=\"4e05e84\" data-element_type=\"widget\" data-e-type=\"widget\" data-widget_type=\"text-editor.default\">\n\t\t\t\t\t\t\t\t\t<p>Los miomas se forman cuando el m\u00fasculo y el tejido conjuntivo de la pared uterina crecen de forma anormal, creando n\u00f3dulos firmes y gomosos que var\u00edan en tama\u00f1o y n\u00famero. Pueden ser tan peque\u00f1os como un guisante o tan grandes como un pomelo.<\/p><h3>Los miomas se clasifican seg\u00fan el lugar donde crecen:<\/h3><ul><li aria-level=\"1\">Miomas submucosos: Crecen justo debajo del revestimiento interno del \u00fatero y pueden sobresalir en la cavidad uterina.<\/li><li aria-level=\"1\">Miomas intramurales: Crecen dentro de la pared uterina<\/li><li aria-level=\"1\">Miomas subserosos: Crecen en la pared externa del \u00fatero<\/li><\/ul><p>No todos los miomas afectan a la fertilidad. El tama\u00f1o, la localizaci\u00f3n y el n\u00famero de miomas ayudan a determinar si es recomendable un tratamiento antes de intentar concebir.<\/p><p>Aunque el DOR es m\u00e1s frecuente a partir de los 35 a\u00f1os, puede aparecer a cualquier edad y a menudo no presenta s\u00edntomas evidentes. En algunos casos, solo se descubre mediante pruebas de fertilidad.<\/p>\t\t\t\t\t\t\t\t<\/div>\n\t\t\t\t<\/div>\n\t\t\t\t<\/div>\n\t\t<div class=\"elementor-element elementor-element-5968b5db e-con-full e-flex e-con e-child\" data-id=\"5968b5db\" data-element_type=\"container\" data-e-type=\"container\" data-settings=\"{&quot;background_background&quot;:&quot;classic&quot;}\">\n\t\t<div class=\"elementor-element elementor-element-1fd2f3fe e-con-full e-flex e-con e-child\" data-id=\"1fd2f3fe\" data-element_type=\"container\" data-e-type=\"container\">\n\t\t\t\t<div class=\"elementor-element elementor-element-64635f2e elementor-widget elementor-widget-heading\" data-id=\"64635f2e\" data-element_type=\"widget\" data-e-type=\"widget\" data-widget_type=\"heading.default\">\n\t\t\t\t\t<h2 class=\"elementor-heading-title elementor-size-default\">\u00bfCu\u00e1les son las causas de los miomas?<\/h2>\t\t\t\t<\/div>\n\t\t\t\t<\/div>\n\t\t<div class=\"elementor-element elementor-element-4b1e3ebf e-con-full e-flex e-con e-child\" data-id=\"4b1e3ebf\" data-element_type=\"container\" data-e-type=\"container\">\n\t\t\t\t<div class=\"elementor-element elementor-element-162b98ed elementor-widget elementor-widget-text-editor\" data-id=\"162b98ed\" data-element_type=\"widget\" data-e-type=\"widget\" data-widget_type=\"text-editor.default\">\n\t\t\t\t\t\t\t\t\t<h3>No se conoce la causa exacta de los miomas, pero varios factores pueden aumentar la probabilidad de desarrollarlos:<\/h3><ul><li aria-level=\"1\">Hormonas: El estr\u00f3geno y la progesterona favorecen el crecimiento de los fibromas<\/li><li aria-level=\"1\">Gen\u00e9tica: Los miomas suelen ser hereditarios<\/li><li aria-level=\"1\">Raza: los miomas son m\u00e1s frecuentes y pueden crecer de forma m\u00e1s agresiva en las mujeres negras<\/li><li aria-level=\"1\">Edad: los miomas son m\u00e1s frecuentes durante la edad reproductiva, sobre todo entre los 30 y los 40 a\u00f1os.<\/li><\/ul><p>Los miomas no est\u00e1n causados por elecciones de estilo de vida, y muchas personas no saben que los tienen hasta que se hacen pruebas por otros motivos.<\/p>\t\t\t\t\t\t\t\t<\/div>\n\t\t\t\t<\/div>\n\t\t\t\t<\/div>\n\t\t<div class=\"elementor-element elementor-element-5049be68 e-con-full e-flex e-con e-child\" data-id=\"5049be68\" data-element_type=\"container\" data-e-type=\"container\" data-settings=\"{&quot;background_background&quot;:&quot;classic&quot;}\">\n\t\t<div class=\"elementor-element elementor-element-284a4ba8 e-con-full e-flex e-con e-child\" data-id=\"284a4ba8\" data-element_type=\"container\" data-e-type=\"container\">\n\t\t\t\t<div class=\"elementor-element elementor-element-2ea23e1c elementor-widget elementor-widget-heading\" data-id=\"2ea23e1c\" data-element_type=\"widget\" data-e-type=\"widget\" data-widget_type=\"heading.default\">\n\t\t\t\t\t<h2 class=\"elementor-heading-title elementor-size-default\">C\u00f3mo afectan los miomas a la fertilidad<\/h2>\t\t\t\t<\/div>\n\t\t\t\t<\/div>\n\t\t<div class=\"elementor-element elementor-element-27e25678 e-con-full e-flex e-con e-child\" data-id=\"27e25678\" data-element_type=\"container\" data-e-type=\"container\">\n\t\t\t\t<div class=\"elementor-element elementor-element-2cb48681 elementor-widget elementor-widget-text-editor\" data-id=\"2cb48681\" data-element_type=\"widget\" data-e-type=\"widget\" data-widget_type=\"text-editor.default\">\n\t\t\t\t\t\t\t\t\t<h3>Los miomas pueden afectar a la fertilidad de varias formas, dependiendo de su tama\u00f1o y localizaci\u00f3n:<\/h3><ul><li aria-level=\"1\">Distorsionar la cavidad uterina puede interferir en la implantaci\u00f3n del embri\u00f3n<\/li><li aria-level=\"1\">La obstrucci\u00f3n de las trompas de Falopio puede impedir el encuentro entre el \u00f3vulo y el espermatozoide.<\/li><li aria-level=\"1\">La afectaci\u00f3n del flujo sangu\u00edneo al endometrio puede afectar a la capacidad de sostener un embri\u00f3n en desarrollo.<\/li><li aria-level=\"1\">Provocar inflamaci\u00f3n o contracciones uterinas puede contribuir a la p\u00e9rdida precoz del embarazo<\/li><\/ul><p>No siempre es necesario extirpar incluso los miomas de gran tama\u00f1o, pero cuando afectan a la fertilidad, existe tratamiento.<\/p>\t\t\t\t\t\t\t\t<\/div>\n\t\t\t\t<\/div>\n\t\t\t\t<\/div>\n\t\t<div class=\"elementor-element elementor-element-2673c612 e-con-full e-flex e-con e-child\" data-id=\"2673c612\" data-element_type=\"container\" data-e-type=\"container\" data-settings=\"{&quot;background_background&quot;:&quot;classic&quot;}\">\n\t\t<div class=\"elementor-element elementor-element-78c2d8a8 e-con-full e-flex e-con e-child\" data-id=\"78c2d8a8\" data-element_type=\"container\" data-e-type=\"container\">\n\t\t\t\t<div class=\"elementor-element elementor-element-1967ed0d elementor-widget elementor-widget-heading\" data-id=\"1967ed0d\" data-element_type=\"widget\" data-e-type=\"widget\" data-widget_type=\"heading.default\">\n\t\t\t\t\t<h2 class=\"elementor-heading-title elementor-size-default\">Opciones de tratamiento para los miomas<\/h2>\t\t\t\t<\/div>\n\t\t\t\t<\/div>\n\t\t<div class=\"elementor-element elementor-element-2f9b6d15 e-con-full e-flex e-con e-child\" data-id=\"2f9b6d15\" data-element_type=\"container\" data-e-type=\"container\">\n\t\t\t\t<div class=\"elementor-element elementor-element-5d214e34 elementor-widget elementor-widget-text-editor\" data-id=\"5d214e34\" data-element_type=\"widget\" data-e-type=\"widget\" data-widget_type=\"text-editor.default\">\n\t\t\t\t\t\t\t\t\t<h3>No todos los miomas requieren tratamiento antes de intentar concebir. Si se recomienda la intervenci\u00f3n, las opciones pueden incluir:<\/h3><ul><li aria-level=\"1\">Miomectom\u00eda: Procedimiento quir\u00fargico para extirpar los miomas conservando el \u00fatero. Puede realizarse por laparoscopia o con una incisi\u00f3n abdominal, dependiendo del tama\u00f1o y la localizaci\u00f3n de los miomas.<\/li><li aria-level=\"1\">Medicaci\u00f3n: Las terapias hormonales pueden reducir temporalmente los miomas, pero no se utilizan a largo plazo en pacientes con problemas de fertilidad.<\/li><li aria-level=\"1\">Fecundaci\u00f3n in vitro (FIV): En algunos casos, puede recomendarse la FIV para sortear problemas anat\u00f3micos.<\/li><\/ul><p>Su equipo m\u00e9dico tendr\u00e1 en cuenta todos los factores (edad, s\u00edntomas, calendario reproductivo y respuesta a tratamientos anteriores) antes de recomendarle los siguientes pasos.<\/p><p>IVF Florida se especializa en la atenci\u00f3n personalizada de la fertilidad para pacientes con fibromas. Estamos aqu\u00ed para ayudarle a avanzar con claridad, confianza y el apoyo de un equipo m\u00e9dico de confianza.<\/p>\t\t\t\t\t\t\t\t<\/div>\n\t\t\t\t<\/div>\n\t\t\t\t<\/div>\n\t\t<div class=\"elementor-element elementor-element-736a5ea e-con-full e-flex e-con e-child\" data-id=\"736a5ea\" data-element_type=\"container\" data-e-type=\"container\" data-settings=\"{&quot;background_background&quot;:&quot;classic&quot;}\">\n\t\t<div class=\"elementor-element elementor-element-7be8cf0c e-con-full e-flex e-con e-child\" data-id=\"7be8cf0c\" data-element_type=\"container\" data-e-type=\"container\">\n\t\t\t\t<div class=\"elementor-element elementor-element-2bfe2080 elementor-widget elementor-widget-heading\" data-id=\"2bfe2080\" data-element_type=\"widget\" data-e-type=\"widget\" data-widget_type=\"heading.default\">\n\t\t\t\t\t<h2 class=\"elementor-heading-title elementor-size-default\">C\u00f3mo se diagnostican los miomas<\/h2>\t\t\t\t<\/div>\n\t\t\t\t<\/div>\n\t\t<div class=\"elementor-element elementor-element-40a2bfa1 e-con-full e-flex e-con e-child\" data-id=\"40a2bfa1\" data-element_type=\"container\" data-e-type=\"container\">\n\t\t\t\t<div class=\"elementor-element elementor-element-2696939 elementor-widget elementor-widget-text-editor\" data-id=\"2696939\" data-element_type=\"widget\" data-e-type=\"widget\" data-widget_type=\"text-editor.default\">\n\t\t\t\t\t\t\t\t\t<h3>Los especialistas en fertilidad utilizan una combinaci\u00f3n de pruebas de imagen y evaluaciones para determinar si los miomas pueden estar contribuyendo a la infertilidad. Estos pueden incluir:<\/h3><ul><li aria-level=\"1\">Ecograf\u00eda transvaginal para evaluar el tama\u00f1o y la localizaci\u00f3n del mioma<\/li><li aria-level=\"1\">Ecohisterograf\u00eda salina (SIS) para evaluar la cavidad uterina con mayor claridad.<\/li><li aria-level=\"1\">Resonancia magn\u00e9tica en algunos casos, para obtener im\u00e1genes detalladas antes de la cirug\u00eda<\/li><\/ul><p>Un diagn\u00f3stico claro ayuda a su proveedor a desarrollar un plan de tratamiento espec\u00edfico basado en sus objetivos de fertilidad.<\/p>\t\t\t\t\t\t\t\t<\/div>\n\t\t\t\t<\/div>\n\t\t\t\t<\/div>\n\t\t\t\t<\/div>\n\t\t<div class=\"elementor-element elementor-element-3701f16a e-con-full e-flex e-con e-child\" data-id=\"3701f16a\" data-element_type=\"container\" data-e-type=\"container\">\n\t\t<div class=\"elementor-element elementor-element-71947041 e-con-full e-flex e-con e-child\" data-id=\"71947041\" data-element_type=\"container\" data-e-type=\"container\" data-settings=\"{&quot;background_background&quot;:&quot;classic&quot;}\">\n\t\t<div class=\"elementor-element elementor-element-456e1a50 e-con-full e-flex e-con e-child\" data-id=\"456e1a50\" data-element_type=\"container\" data-e-type=\"container\">\n\t\t\t\t<div class=\"elementor-element elementor-element-20121d43 elementor-widget elementor-widget-text-editor\" data-id=\"20121d43\" data-element_type=\"widget\" data-e-type=\"widget\" data-widget_type=\"text-editor.default\">\n\t\t\t\t\t\t\t\t\t<p>El Dr. Z. fue un regalo de Dios para nosotros. Aparte de ser grande en lo que hace, es compasivo, cari\u00f1oso e hizo que mi esposa y yo nos sentimos confiados y seguros con nuestro procedimiento. \u00c9l es el mejor. Muy recomendable.<\/p>\t\t\t\t\t\t\t\t<\/div>\n\t\t\t\t<\/div>\n\t\t\t\t<\/div>\n\t\t<div class=\"elementor-element elementor-element-4030018f e-con-full interior-helpful-resources-column e-flex e-con e-child\" data-id=\"4030018f\" data-element_type=\"container\" data-e-type=\"container\" data-settings=\"{&quot;background_background&quot;:&quot;classic&quot;}\">\n\t\t\t\t<div class=\"elementor-element elementor-element-3e9e41a1 elementor-widget elementor-widget-heading\" data-id=\"3e9e41a1\" data-element_type=\"widget\" data-e-type=\"widget\" data-widget_type=\"heading.default\">\n\t\t\t\t\t<h5 class=\"elementor-heading-title elementor-size-default\">Recursos \u00fatiles<\/h5>\t\t\t\t<\/div>\n\t\t\t\t<div class=\"elementor-element elementor-element-5f1a48a8 elementor-widget elementor-widget-text-editor\" data-id=\"5f1a48a8\" data-element_type=\"widget\" data-e-type=\"widget\" data-widget_type=\"text-editor.default\">\n\t\t\t\t\t\t\t\t\t<ul><li><a href=\"\/es\/comienza-tu-viaje\/cuando-acudir-a-un-especialista-en-fertilidad\/\">Cu\u00e1ndo acudir a un especialista en fertilidad\u00a0<\/a><\/li><li><a href=\"\/es\/comienza-tu-viaje\/su-primera-visita\/\">Su primera cita<\/a>\u00a0<\/li><li><a href=\"\/es\/comienza-tu-viaje\/causas-de-infertilidad\/\">Causas de la infertilidad<\/a><\/li><\/ul>\t\t\t\t\t\t\t\t<\/div>\n\t\t\t\t<\/div>\n\t\t\t\t<\/div>\n\t\t\t\t<\/div>\n\t\t\t\t\t<\/div>\n\t\t\t\t<\/div>\n\t\t\t\t<\/div>\n\t\t\t\t<\/div>","protected":false},"excerpt":{"rendered":"<p>Miomas uterinos Los miomas uterinos son tumores benignos (no cancerosos) que se desarrollan dentro o alrededor del \u00fatero. Aunque muchas personas con miomas no presentan s\u00edntomas, estos tumores pueden interferir en la fertilidad al afectar al entorno uterino, las trompas de Falopio o la capacidad de implantaci\u00f3n del embri\u00f3n....<\/p>","protected":false},"author":2,"featured_media":0,"parent":463,"menu_order":0,"template":"","meta":{"_acf_changed":false,"footnotes":""},"class_list":["post-1005","page","type-page","status-publish","hentry"],"acf":[],"aioseo_notices":[],"_links":{"self":[{"href":"https:\/\/ivfflorida.com\/es\/wp-json\/wp\/v2\/pages\/1005","targetHints":{"allow":["GET"]}}],"collection":[{"href":"https:\/\/ivfflorida.com\/es\/wp-json\/wp\/v2\/pages"}],"about":[{"href":"https:\/\/ivfflorida.com\/es\/wp-json\/wp\/v2\/types\/page"}],"author":[{"embeddable":true,"href":"https:\/\/ivfflorida.com\/es\/wp-json\/wp\/v2\/users\/2"}],"replies":[{"embeddable":true,"href":"https:\/\/ivfflorida.com\/es\/wp-json\/wp\/v2\/comments?post=1005"}],"version-history":[{"count":12,"href":"https:\/\/ivfflorida.com\/es\/wp-json\/wp\/v2\/pages\/1005\/revisions"}],"predecessor-version":[{"id":3453,"href":"https:\/\/ivfflorida.com\/es\/wp-json\/wp\/v2\/pages\/1005\/revisions\/3453"}],"up":[{"embeddable":true,"href":"https:\/\/ivfflorida.com\/es\/wp-json\/wp\/v2\/pages\/463"}],"wp:attachment":[{"href":"https:\/\/ivfflorida.com\/es\/wp-json\/wp\/v2\/media?parent=1005"}],"curies":[{"name":"wp","href":"https:\/\/api.w.org\/{rel}","templated":true}]}}