{"id":1145,"date":"2025-09-12T16:04:01","date_gmt":"2025-09-12T16:04:01","guid":{"rendered":"https:\/\/ivfflorida.com\/?page_id=1145"},"modified":"2025-09-24T20:56:09","modified_gmt":"2025-09-24T20:56:09","slug":"subvenciones","status":"publish","type":"page","link":"https:\/\/ivfflorida.com\/es\/resources\/grants\/","title":{"rendered":"Subvenciones"},"content":{"rendered":"<div data-elementor-type=\"wp-page\" data-elementor-id=\"1145\" class=\"elementor elementor-1145\" data-elementor-post-type=\"page\">\n\t\t\t\t<div class=\"elementor-element elementor-element-663abb2d e-flex e-con-boxed e-con e-parent\" data-id=\"663abb2d\" data-element_type=\"container\" data-e-type=\"container\" data-settings=\"{&quot;background_background&quot;:&quot;classic&quot;}\">\n\t\t\t\t\t<div class=\"e-con-inner\">\n\t\t<div class=\"elementor-element elementor-element-89f3dcc e-flex e-con-boxed e-con e-child\" data-id=\"89f3dcc\" data-element_type=\"container\" data-e-type=\"container\">\n\t\t\t\t\t<div class=\"e-con-inner\">\n\t\t<div class=\"elementor-element elementor-element-1ddb31f1 e-con-full e-flex e-con e-child\" data-id=\"1ddb31f1\" data-element_type=\"container\" data-e-type=\"container\" data-settings=\"{&quot;background_background&quot;:&quot;classic&quot;}\">\n\t\t<div class=\"elementor-element elementor-element-69a7729e e-con-full e-flex e-con e-child\" data-id=\"69a7729e\" data-element_type=\"container\" data-e-type=\"container\">\n\t\t\t\t<div class=\"elementor-element elementor-element-54190615 elementor-widget elementor-widget-heading\" data-id=\"54190615\" data-element_type=\"widget\" data-e-type=\"widget\" data-widget_type=\"heading.default\">\n\t\t\t\t\t<h1 class=\"elementor-heading-title elementor-size-default\">Ayudas para tratamientos de fertilidad <\/h1>\t\t\t\t<\/div>\n\t\t\t\t<div class=\"elementor-element elementor-element-7b261bf0 elementor-widget elementor-widget-text-editor\" data-id=\"7b261bf0\" data-element_type=\"widget\" data-e-type=\"widget\" data-widget_type=\"text-editor.default\">\n\t\t\t\t\t\t\t\t\t<p>Entendemos que el coste de los tratamientos de infertilidad, como la FIV, la IIU, la donaci\u00f3n de \u00f3vulos y la gestaci\u00f3n subrogada, puede suponer un obst\u00e1culo importante para muchos padres con esperanza. Afortunadamente, varias organizaciones ofrecen ayudas econ\u00f3micas y subvenciones para aliviar la carga financiera.<\/p>\t\t\t\t\t\t\t\t<\/div>\n\t\t\t\t<\/div>\n\t\t\t\t<\/div>\n\t\t\t\t\t<\/div>\n\t\t\t\t<\/div>\n\t\t\t\t\t<\/div>\n\t\t\t\t<\/div>\n\t\t<div class=\"elementor-element elementor-element-20ec7d41 e-con-full e-flex e-con e-parent\" data-id=\"20ec7d41\" data-element_type=\"container\" data-e-type=\"container\">\n\t\t<div class=\"elementor-element elementor-element-170e495e e-flex e-con-boxed e-con e-child\" data-id=\"170e495e\" data-element_type=\"container\" data-e-type=\"container\">\n\t\t\t\t\t<div class=\"e-con-inner\">\n\t\t<div class=\"elementor-element elementor-element-7e5a8de e-con-full e-flex e-con e-child\" data-id=\"7e5a8de\" data-element_type=\"container\" data-e-type=\"container\">\n\t\t<div class=\"elementor-element elementor-element-6551da2d e-con-full e-flex e-con e-child\" data-id=\"6551da2d\" data-element_type=\"container\" data-e-type=\"container\">\n\t\t<div class=\"elementor-element elementor-element-2f9719b4 e-con-full e-flex e-con e-child\" data-id=\"2f9719b4\" data-element_type=\"container\" data-e-type=\"container\">\n\t\t\t\t<div class=\"elementor-element elementor-element-6a3f3a01 elementor-widget elementor-widget-image\" data-id=\"6a3f3a01\" data-element_type=\"widget\" data-e-type=\"widget\" data-widget_type=\"image.default\">\n\t\t\t\t\t\t\t\t\t\t\t\t\t\t\t<img fetchpriority=\"high\" decoding=\"async\" width=\"939\" height=\"233\" src=\"https:\/\/ivfflorida.com\/wp-content\/uploads\/2025\/09\/daugher-in-middle.jpg\" class=\"attachment-full size-full wp-image-1203\" alt=\"\" srcset=\"https:\/\/ivfflorida.com\/wp-content\/uploads\/2025\/09\/daugher-in-middle.jpg 939w, https:\/\/ivfflorida.com\/wp-content\/uploads\/2025\/09\/daugher-in-middle-300x74.jpg 300w, https:\/\/ivfflorida.com\/wp-content\/uploads\/2025\/09\/daugher-in-middle-768x191.jpg 768w\" sizes=\"(max-width: 939px) 100vw, 939px\" title=\"hija-en-medio - IVF Florida\" \/>\t\t\t\t\t\t\t\t\t\t\t\t\t\t\t<\/div>\n\t\t\t\t<\/div>\n\t\t<div class=\"elementor-element elementor-element-5ab8c347 e-con-full e-flex e-con e-child\" data-id=\"5ab8c347\" data-element_type=\"container\" data-e-type=\"container\" data-settings=\"{&quot;background_background&quot;:&quot;classic&quot;}\">\n\t\t<div class=\"elementor-element elementor-element-c970dc6 e-con-full e-flex e-con e-child\" data-id=\"c970dc6\" data-element_type=\"container\" data-e-type=\"container\">\n\t\t\t\t<div class=\"elementor-element elementor-element-5257130c elementor-widget elementor-widget-heading\" data-id=\"5257130c\" data-element_type=\"widget\" data-e-type=\"widget\" data-widget_type=\"heading.default\">\n\t\t\t\t\t<h2 class=\"elementor-heading-title elementor-size-default\">Beca de construcci\u00f3n familiar de la Fundaci\u00f3n Tinina Q. Cade<\/h2>\t\t\t\t<\/div>\n\t\t\t\t<\/div>\n\t\t<div class=\"elementor-element elementor-element-7de3dfe1 e-con-full e-flex e-con e-child\" data-id=\"7de3dfe1\" data-element_type=\"container\" data-e-type=\"container\">\n\t\t\t\t<div class=\"elementor-element elementor-element-5ea32385 elementor-widget elementor-widget-text-editor\" data-id=\"5ea32385\" data-element_type=\"widget\" data-e-type=\"widget\" data-widget_type=\"text-editor.default\">\n\t\t\t\t\t\t\t\t\t<p>La Fundaci\u00f3n Tinina Q. Cade es una organizaci\u00f3n sin \u00e1nimo de lucro dedicada a apoyar a las familias que luchan contra la infertilidad. Desde su creaci\u00f3n, la Fundaci\u00f3n Cade ha concedido m\u00e1s de $1 millones en subvenciones para ayudar a las familias a compensar el coste de los tratamientos de fertilidad o la adopci\u00f3n nacional.<\/p><h3>La misi\u00f3n de la fundaci\u00f3n incluye:<\/h3><ul><li aria-level=\"1\">Sensibilizaci\u00f3n sobre la infertilidad y recursos educativos<\/li><li aria-level=\"1\">Ofrecer ayuda financiera para tratamientos de infertilidad y adopci\u00f3n<\/li><li aria-level=\"1\">Financiaci\u00f3n de ayudas a la creaci\u00f3n de familias para superar los obst\u00e1culos econ\u00f3micos<\/li><\/ul><h3>Detalles de la subvenci\u00f3n:<\/h3><ul><li aria-level=\"1\">Las familias que re\u00fanan los requisitos podr\u00e1n recibir hasta $10.000<\/li><li aria-level=\"1\">Los fondos pueden utilizarse para FIV, donaci\u00f3n de \u00f3vulos, donaci\u00f3n de embriones, maternidad subrogada o adopci\u00f3n nacional.<\/li><li aria-level=\"1\">Abierto a residentes legales permanentes en EE.UU. con diagn\u00f3stico m\u00e9dico de infertilidad<\/li><li aria-level=\"1\">Sin l\u00edmite de edad ni restricciones en la estructura familiar<\/li><li aria-level=\"1\">Se ofrece dos veces al a\u00f1o, en funci\u00f3n de la recaudaci\u00f3n de fondos disponible<\/li><\/ul>\t\t\t\t\t\t\t\t<\/div>\n\t\t\t\t<div class=\"elementor-element elementor-element-01a7987 elementor-widget elementor-widget-button\" data-id=\"01a7987\" data-element_type=\"widget\" data-e-type=\"widget\" data-widget_type=\"button.default\">\n\t\t\t\t\t\t\t\t\t\t<a class=\"elementor-button elementor-button-link elementor-size-sm\" href=\"https:\/\/cadefoundation.org\/familygrant\" target=\"_blank\">\n\t\t\t\t\t\t<span class=\"elementor-button-content-wrapper\">\n\t\t\t\t\t\t\t\t\t<span class=\"elementor-button-text\">M\u00e1s informaci\u00f3n<\/span>\n\t\t\t\t\t<\/span>\n\t\t\t\t\t<\/a>\n\t\t\t\t\t\t\t\t<\/div>\n\t\t\t\t<\/div>\n\t\t\t\t<\/div>\n\t\t<div class=\"elementor-element elementor-element-5eee4be7 e-con-full e-flex e-con e-child\" data-id=\"5eee4be7\" data-element_type=\"container\" data-e-type=\"container\" data-settings=\"{&quot;background_background&quot;:&quot;classic&quot;}\">\n\t\t<div class=\"elementor-element elementor-element-42258d74 e-con-full e-flex e-con e-child\" data-id=\"42258d74\" data-element_type=\"container\" data-e-type=\"container\">\n\t\t\t\t<div class=\"elementor-element elementor-element-18c5ffba elementor-widget elementor-widget-heading\" data-id=\"18c5ffba\" data-element_type=\"widget\" data-e-type=\"widget\" data-widget_type=\"heading.default\">\n\t\t\t\t\t<h2 class=\"elementor-heading-title elementor-size-default\">Otros programas de ayudas a la fertilidad<\/h2>\t\t\t\t<\/div>\n\t\t\t\t<\/div>\n\t\t<div class=\"elementor-element elementor-element-75d540d1 e-con-full e-flex e-con e-child\" data-id=\"75d540d1\" data-element_type=\"container\" data-e-type=\"container\">\n\t\t\t\t<div class=\"elementor-element elementor-element-3adbee9e elementor-widget elementor-widget-text-editor\" data-id=\"3adbee9e\" data-element_type=\"widget\" data-e-type=\"widget\" data-widget_type=\"text-editor.default\">\n\t\t\t\t\t\t\t\t\t<p>Aunque la Fundaci\u00f3n Cade es una de las subvenciones para la infertilidad m\u00e1s reconocidas, existen otros programas que los residentes de Florida pueden encontrar \u00fatiles. Muchos de ellos est\u00e1n abiertos en todo el pa\u00eds y ofrecen una valiosa ayuda econ\u00f3mica:<\/p><ul><li aria-level=\"1\"><strong><a href=\"https:\/\/babyquestfoundation.org\/\" target=\"_blank\" rel=\"noopener\">Fundaci\u00f3n Baby Quest<\/a> <\/strong>- Concede subvenciones para FIV, donaci\u00f3n de \u00f3vulos, gestaci\u00f3n subrogada, donaci\u00f3n de embriones y congelaci\u00f3n de \u00f3vulos. Abierto en todo el pa\u00eds.<\/li><li aria-level=\"1\"><a href=\"https:\/\/www.hopeforfertility.org\/\" target=\"_blank\" rel=\"noopener\"><strong>Fundaci\u00f3n Esperanza para la Fertilidad<\/strong><\/a> - Ofrece ayudas a parejas estadounidenses legalmente casadas con diagn\u00f3stico de infertilidad.<\/li><li aria-level=\"1\"><strong><a href=\"https:\/\/starfishinfertilityfoundation.org\/\" target=\"_blank\" rel=\"noopener\">Fundaci\u00f3n Starfish para la fertilidad<\/a><\/strong> - Ofrece ayudas para la FIV a quienes no tienen seguro de fertilidad.<\/li><li aria-level=\"1\"><strong><a href=\"https:\/\/agcscholarships.org\/\" target=\"_blank\" rel=\"noopener\">Fundaci\u00f3n de Becas AGC<\/a><\/strong> - Ofrece becas de FIV a parejas o personas que demuestren necesidad econ\u00f3mica.<\/li><li aria-level=\"1\"><a href=\"https:\/\/journeytoparenthood.org\/\" target=\"_blank\" rel=\"noopener\"><strong>Viaje a la paternidad<\/strong><\/a> - Concede subvenciones para gastos de FIV, donaci\u00f3n de \u00f3vulos y gestaci\u00f3n subrogada.<\/li><\/ul>\t\t\t\t\t\t\t\t<\/div>\n\t\t\t\t<\/div>\n\t\t\t\t<\/div>\n\t\t\t\t<\/div>\n\t\t<div class=\"elementor-element elementor-element-71d1ad79 e-con-full e-flex e-con e-child\" data-id=\"71d1ad79\" data-element_type=\"container\" data-e-type=\"container\">\n\t\t<div class=\"elementor-element elementor-element-508e58de e-con-full e-flex e-con e-child\" data-id=\"508e58de\" data-element_type=\"container\" data-e-type=\"container\" data-settings=\"{&quot;background_background&quot;:&quot;classic&quot;}\">\n\t\t<div class=\"elementor-element elementor-element-19a72df9 e-con-full e-flex e-con e-child\" data-id=\"19a72df9\" data-element_type=\"container\" data-e-type=\"container\">\n\t\t\t\t<div class=\"elementor-element elementor-element-238867f elementor-widget elementor-widget-text-editor\" data-id=\"238867f\" data-element_type=\"widget\" data-e-type=\"widget\" data-widget_type=\"text-editor.default\">\n\t\t\t\t\t\t\t\t\t<p><span style=\"font-weight: 400;\">Estamos muy agradecidos a IVF Florida por hacer realidad nuestros sue\u00f1os de ser padres.<\/span><\/p>\t\t\t\t\t\t\t\t<\/div>\n\t\t\t\t<\/div>\n\t\t\t\t<\/div>\n\t\t<div class=\"elementor-element elementor-element-c181ac1 e-con-full interior-helpful-resources-column e-flex e-con e-child\" data-id=\"c181ac1\" data-element_type=\"container\" data-e-type=\"container\" data-settings=\"{&quot;background_background&quot;:&quot;classic&quot;}\">\n\t\t\t\t<div class=\"elementor-element elementor-element-6728fcec elementor-widget elementor-widget-heading\" data-id=\"6728fcec\" data-element_type=\"widget\" data-e-type=\"widget\" data-widget_type=\"heading.default\">\n\t\t\t\t\t<h5 class=\"elementor-heading-title elementor-size-default\">Recursos \u00fatiles<\/h5>\t\t\t\t<\/div>\n\t\t\t\t<div class=\"elementor-element elementor-element-57bf297f elementor-widget elementor-widget-text-editor\" data-id=\"57bf297f\" data-element_type=\"widget\" data-e-type=\"widget\" data-widget_type=\"text-editor.default\">\n\t\t\t\t\t\t\t\t\t<ul><li><a href=\"\/es\/concertar-cita\/\">Citas<\/a><\/li><li><a href=\"\/es\/lugares\/\">Ubicaciones<\/a><\/li><li><a href=\"\/es\/proveedores\/\">Proveedores<\/a><\/li><\/ul>\t\t\t\t\t\t\t\t<\/div>\n\t\t\t\t<\/div>\n\t\t\t\t<\/div>\n\t\t\t\t<\/div>\n\t\t\t\t\t<\/div>\n\t\t\t\t<\/div>\n\t\t\t\t<\/div>\n\t\t\t\t<\/div>","protected":false},"excerpt":{"rendered":"<p>Subvenciones para tratamientos de fertilidad Comprendemos que el coste de los tratamientos de infertilidad, como la FIV, la IIU, la donaci\u00f3n de \u00f3vulos y la gestaci\u00f3n subrogada, puede suponer un obst\u00e1culo importante para muchos padres con esperanzas. Afortunadamente, varias organizaciones ofrecen ayudas econ\u00f3micas y subvenciones para aliviar la carga financiera...<\/p>","protected":false},"author":2,"featured_media":0,"parent":439,"menu_order":0,"template":"","meta":{"_acf_changed":false,"footnotes":""},"class_list":["post-1145","page","type-page","status-publish","hentry"],"acf":[],"aioseo_notices":[],"_links":{"self":[{"href":"https:\/\/ivfflorida.com\/es\/wp-json\/wp\/v2\/pages\/1145","targetHints":{"allow":["GET"]}}],"collection":[{"href":"https:\/\/ivfflorida.com\/es\/wp-json\/wp\/v2\/pages"}],"about":[{"href":"https:\/\/ivfflorida.com\/es\/wp-json\/wp\/v2\/types\/page"}],"author":[{"embeddable":true,"href":"https:\/\/ivfflorida.com\/es\/wp-json\/wp\/v2\/users\/2"}],"replies":[{"embeddable":true,"href":"https:\/\/ivfflorida.com\/es\/wp-json\/wp\/v2\/comments?post=1145"}],"version-history":[{"count":12,"href":"https:\/\/ivfflorida.com\/es\/wp-json\/wp\/v2\/pages\/1145\/revisions"}],"predecessor-version":[{"id":2914,"href":"https:\/\/ivfflorida.com\/es\/wp-json\/wp\/v2\/pages\/1145\/revisions\/2914"}],"up":[{"embeddable":true,"href":"https:\/\/ivfflorida.com\/es\/wp-json\/wp\/v2\/pages\/439"}],"wp:attachment":[{"href":"https:\/\/ivfflorida.com\/es\/wp-json\/wp\/v2\/media?parent=1145"}],"curies":[{"name":"wp","href":"https:\/\/api.w.org\/{rel}","templated":true}]}}