{"id":1222,"date":"2025-09-16T19:58:04","date_gmt":"2025-09-16T19:58:04","guid":{"rendered":"https:\/\/ivfflorida.com\/?page_id=1222"},"modified":"2025-09-23T19:55:13","modified_gmt":"2025-09-23T19:55:13","slug":"analisis-de-semen-andrologia","status":"publish","type":"page","link":"https:\/\/ivfflorida.com\/es\/start-your-journey\/causes-of-infertility\/semen-analysis-andrology\/","title":{"rendered":"An\u00e1lisis de semen\/Androlog\u00eda"},"content":{"rendered":"<div data-elementor-type=\"wp-page\" data-elementor-id=\"1222\" class=\"elementor elementor-1222\" data-elementor-post-type=\"page\">\n\t\t\t\t<div class=\"elementor-element elementor-element-47f96ee8 e-flex e-con-boxed e-con e-parent\" data-id=\"47f96ee8\" data-element_type=\"container\" data-e-type=\"container\" data-settings=\"{&quot;background_background&quot;:&quot;classic&quot;}\">\n\t\t\t\t\t<div class=\"e-con-inner\">\n\t\t<div class=\"elementor-element elementor-element-58b60bbb e-flex e-con-boxed e-con e-child\" data-id=\"58b60bbb\" data-element_type=\"container\" data-e-type=\"container\">\n\t\t\t\t\t<div class=\"e-con-inner\">\n\t\t<div class=\"elementor-element elementor-element-241506d e-con-full e-flex e-con e-child\" data-id=\"241506d\" data-element_type=\"container\" data-e-type=\"container\" data-settings=\"{&quot;background_background&quot;:&quot;classic&quot;}\">\n\t\t<div class=\"elementor-element elementor-element-9f16e67 e-con-full e-flex e-con e-child\" data-id=\"9f16e67\" data-element_type=\"container\" data-e-type=\"container\">\n\t\t\t\t<div class=\"elementor-element elementor-element-35912823 elementor-widget elementor-widget-heading\" data-id=\"35912823\" data-element_type=\"widget\" data-e-type=\"widget\" data-widget_type=\"heading.default\">\n\t\t\t\t\t<h1 class=\"elementor-heading-title elementor-size-default\">An\u00e1lisis de semen y androlog\u00eda<\/h1>\t\t\t\t<\/div>\n\t\t\t\t<div class=\"elementor-element elementor-element-7346d4be elementor-widget elementor-widget-text-editor\" data-id=\"7346d4be\" data-element_type=\"widget\" data-e-type=\"widget\" data-widget_type=\"text-editor.default\">\n\t\t\t\t\t\t\t\t\t<p><span style=\"font-weight: 400;\">La fertilidad masculina es una parte clave del proceso de concepci\u00f3n, y un an\u00e1lisis de semen es uno de los primeros pasos de diagn\u00f3stico en la comprensi\u00f3n de la salud reproductiva. En IVF Florida, creemos en la evaluaci\u00f3n de ambos miembros de la pareja para crear el camino m\u00e1s claro a seguir. Un an\u00e1lisis de semen es una forma r\u00e1pida y no invasiva de entender la fertilidad masculina, y a menudo proporciona respuestas importantes.<\/span><\/p>\t\t\t\t\t\t\t\t<\/div>\n\t\t\t\t<\/div>\n\t\t\t\t<\/div>\n\t\t\t\t\t<\/div>\n\t\t\t\t<\/div>\n\t\t\t\t\t<\/div>\n\t\t\t\t<\/div>\n\t\t<div class=\"elementor-element elementor-element-498be0b2 e-con-full e-flex e-con e-parent\" data-id=\"498be0b2\" data-element_type=\"container\" data-e-type=\"container\">\n\t\t<div class=\"elementor-element elementor-element-29705df7 e-flex e-con-boxed e-con e-child\" data-id=\"29705df7\" data-element_type=\"container\" data-e-type=\"container\">\n\t\t\t\t\t<div class=\"e-con-inner\">\n\t\t<div class=\"elementor-element elementor-element-1a04957e e-con-full e-flex e-con e-child\" data-id=\"1a04957e\" data-element_type=\"container\" data-e-type=\"container\">\n\t\t<div class=\"elementor-element elementor-element-5851b654 e-con-full e-flex e-con e-child\" data-id=\"5851b654\" data-element_type=\"container\" data-e-type=\"container\">\n\t\t<div class=\"elementor-element elementor-element-9b672db e-con-full e-flex e-con e-child\" data-id=\"9b672db\" data-element_type=\"container\" data-e-type=\"container\">\n\t\t\t\t<div class=\"elementor-element elementor-element-6e961da5 elementor-widget elementor-widget-image\" data-id=\"6e961da5\" data-element_type=\"widget\" data-e-type=\"widget\" data-widget_type=\"image.default\">\n\t\t\t\t\t\t\t\t\t\t\t\t\t\t\t<img fetchpriority=\"high\" decoding=\"async\" width=\"939\" height=\"233\" src=\"https:\/\/ivfflorida.com\/wp-content\/uploads\/2025\/09\/father-lifting-child.jpg\" class=\"attachment-full size-full wp-image-1206\" alt=\"\" srcset=\"https:\/\/ivfflorida.com\/wp-content\/uploads\/2025\/09\/father-lifting-child.jpg 939w, https:\/\/ivfflorida.com\/wp-content\/uploads\/2025\/09\/father-lifting-child-300x74.jpg 300w, https:\/\/ivfflorida.com\/wp-content\/uploads\/2025\/09\/father-lifting-child-768x191.jpg 768w\" sizes=\"(max-width: 939px) 100vw, 939px\" title=\"padre-fecundaci\u00f3n-hijo - IVF Florida\" \/>\t\t\t\t\t\t\t\t\t\t\t\t\t\t\t<\/div>\n\t\t\t\t<\/div>\n\t\t<div class=\"elementor-element elementor-element-6f42a4eb e-con-full e-flex e-con e-child\" data-id=\"6f42a4eb\" data-element_type=\"container\" data-e-type=\"container\" data-settings=\"{&quot;background_background&quot;:&quot;classic&quot;}\">\n\t\t<div class=\"elementor-element elementor-element-15a710c3 e-con-full e-flex e-con e-child\" data-id=\"15a710c3\" data-element_type=\"container\" data-e-type=\"container\">\n\t\t\t\t<div class=\"elementor-element elementor-element-3ecd22b2 elementor-widget elementor-widget-heading\" data-id=\"3ecd22b2\" data-element_type=\"widget\" data-e-type=\"widget\" data-widget_type=\"heading.default\">\n\t\t\t\t\t<h2 class=\"elementor-heading-title elementor-size-default\">\u00bfQu\u00e9 es un an\u00e1lisis de semen?<\/h2>\t\t\t\t<\/div>\n\t\t\t\t<\/div>\n\t\t<div class=\"elementor-element elementor-element-12a5fc92 e-con-full e-flex e-con e-child\" data-id=\"12a5fc92\" data-element_type=\"container\" data-e-type=\"container\">\n\t\t\t\t<div class=\"elementor-element elementor-element-50d7c994 elementor-widget elementor-widget-text-editor\" data-id=\"50d7c994\" data-element_type=\"widget\" data-e-type=\"widget\" data-widget_type=\"text-editor.default\">\n\t\t\t\t\t\t\t\t\t<h3>Un an\u00e1lisis de semen es una prueba de laboratorio que mide la salud y viabilidad de los espermatozoides. Se utiliza para evaluar los factores clave que influyen en la fertilidad, incluyendo:<\/h3><ul><li aria-level=\"1\"><b>Recuento de espermatozoides<\/b> - el n\u00famero de espermatozoides presentes en el semen<\/li><li aria-level=\"1\"><b>Motilidad<\/b> - lo bien que se mueven los espermatozoides<\/li><li aria-level=\"1\"><b>Morfolog\u00eda<\/b> - la forma y la estructura del esperma<\/li><li aria-level=\"1\"><b>Volumen y pH<\/b> - caracter\u00edsticas del propio semen<\/li><\/ul><p>Estas mediciones proporcionan una imagen completa del potencial reproductivo masculino y ayudan a orientar al equipo m\u00e9dico en la selecci\u00f3n del tratamiento adecuado.<\/p>\t\t\t\t\t\t\t\t<\/div>\n\t\t\t\t<\/div>\n\t\t\t\t<\/div>\n\t\t<div class=\"elementor-element elementor-element-477fabaa e-con-full e-flex e-con e-child\" data-id=\"477fabaa\" data-element_type=\"container\" data-e-type=\"container\" data-settings=\"{&quot;background_background&quot;:&quot;classic&quot;}\">\n\t\t<div class=\"elementor-element elementor-element-4b2ae66 e-con-full e-flex e-con e-child\" data-id=\"4b2ae66\" data-element_type=\"container\" data-e-type=\"container\">\n\t\t\t\t<div class=\"elementor-element elementor-element-4be5ad8c elementor-widget elementor-widget-heading\" data-id=\"4be5ad8c\" data-element_type=\"widget\" data-e-type=\"widget\" data-widget_type=\"heading.default\">\n\t\t\t\t\t<h2 class=\"elementor-heading-title elementor-size-default\">\u00bfCu\u00e1ndo se recomienda un an\u00e1lisis de semen?<\/h2>\t\t\t\t<\/div>\n\t\t\t\t<\/div>\n\t\t<div class=\"elementor-element elementor-element-e269f26 e-con-full e-flex e-con e-child\" data-id=\"e269f26\" data-element_type=\"container\" data-e-type=\"container\">\n\t\t\t\t<div class=\"elementor-element elementor-element-3ac68f14 elementor-widget elementor-widget-text-editor\" data-id=\"3ac68f14\" data-element_type=\"widget\" data-e-type=\"widget\" data-widget_type=\"text-editor.default\">\n\t\t\t\t\t\t\t\t\t<h3>Un an\u00e1lisis de semen suele formar parte del estudio inicial de fertilidad para personas o parejas que intentan concebir. Tambi\u00e9n puede recomendarse si:<\/h3><ul><li aria-level=\"1\">No se ha producido la concepci\u00f3n tras varios meses intent\u00e1ndolo<\/li><li aria-level=\"1\">Existen antecedentes conocidos de problemas urol\u00f3gicos u hormonales<\/li><li aria-level=\"1\">Ha sufrido una intervenci\u00f3n quir\u00fargica previa, una infecci\u00f3n o un traumatismo que afecte al aparato reproductor<\/li><li aria-level=\"1\">Est\u00e1 planeando utilizar esperma para la IIU, la FIV o la preservaci\u00f3n de la fertilidad<\/li><\/ul><p>En muchos casos, esta sencilla prueba puede aportar claridad en una fase temprana del proceso.<\/p>\t\t\t\t\t\t\t\t<\/div>\n\t\t\t\t<\/div>\n\t\t\t\t<\/div>\n\t\t<div class=\"elementor-element elementor-element-6645a2da e-con-full e-flex e-con e-child\" data-id=\"6645a2da\" data-element_type=\"container\" data-e-type=\"container\" data-settings=\"{&quot;background_background&quot;:&quot;classic&quot;}\">\n\t\t<div class=\"elementor-element elementor-element-4a081cd5 e-con-full e-flex e-con e-child\" data-id=\"4a081cd5\" data-element_type=\"container\" data-e-type=\"container\">\n\t\t\t\t<div class=\"elementor-element elementor-element-64d00390 elementor-widget elementor-widget-heading\" data-id=\"64d00390\" data-element_type=\"widget\" data-e-type=\"widget\" data-widget_type=\"heading.default\">\n\t\t\t\t\t<h2 class=\"elementor-heading-title elementor-size-default\">Qu\u00e9 esperar durante las pruebas\n<\/h2>\t\t\t\t<\/div>\n\t\t\t\t<\/div>\n\t\t<div class=\"elementor-element elementor-element-345e4dc6 e-con-full e-flex e-con e-child\" data-id=\"345e4dc6\" data-element_type=\"container\" data-e-type=\"container\">\n\t\t\t\t<div class=\"elementor-element elementor-element-1c32e711 elementor-widget elementor-widget-text-editor\" data-id=\"1c32e711\" data-element_type=\"widget\" data-e-type=\"widget\" data-widget_type=\"text-editor.default\">\n\t\t\t\t\t\t\t\t\t<p>Las muestras de semen suelen recogerse tras un breve periodo de abstinencia (normalmente de 2 a 5 d\u00edas). Los pacientes pueden producir la muestra en una de nuestras oficinas de IVF Florida con una cita o producir la muestra en casa y utilizar un kit de an\u00e1lisis de semen por correo, o con una cita programada, dejar una muestra casera en una de nuestras cl\u00ednicas.<\/p><h3>Para garantizar los resultados m\u00e1s precisos:<\/h3><ul><li aria-level=\"1\">Siga las pautas de abstinencia proporcionadas por su equipo asistencial<\/li><li aria-level=\"1\">Utilizar \u00fanicamente los envases est\u00e9riles proporcionados por la cl\u00ednica o nuestro kit de pruebas por correo.<\/li><li aria-level=\"1\">Entregue la muestra dentro del plazo recomendado si se recoge fuera de las instalaciones o siga todas las instrucciones de env\u00edo por correo.<\/li><\/ul><p>Una vez recibida, su muestra es evaluada por nuestro equipo de androlog\u00eda, especialistas formados en la evaluaci\u00f3n de la salud reproductiva masculina.<\/p>\t\t\t\t\t\t\t\t<\/div>\n\t\t\t\t<\/div>\n\t\t\t\t<\/div>\n\t\t<div class=\"elementor-element elementor-element-95577ce e-con-full e-flex e-con e-child\" data-id=\"95577ce\" data-element_type=\"container\" data-e-type=\"container\" data-settings=\"{&quot;background_background&quot;:&quot;classic&quot;}\">\n\t\t<div class=\"elementor-element elementor-element-e5e3ec9 e-con-full e-flex e-con e-child\" data-id=\"e5e3ec9\" data-element_type=\"container\" data-e-type=\"container\">\n\t\t\t\t<div class=\"elementor-element elementor-element-cd1d442 elementor-widget elementor-widget-heading\" data-id=\"cd1d442\" data-element_type=\"widget\" data-e-type=\"widget\" data-widget_type=\"heading.default\">\n\t\t\t\t\t<h2 class=\"elementor-heading-title elementor-size-default\">Lo que pueden revelar sus resultados<\/h2>\t\t\t\t<\/div>\n\t\t\t\t<\/div>\n\t\t<div class=\"elementor-element elementor-element-e74d884 e-con-full e-flex e-con e-child\" data-id=\"e74d884\" data-element_type=\"container\" data-e-type=\"container\">\n\t\t\t\t<div class=\"elementor-element elementor-element-70aa1ab elementor-widget elementor-widget-text-editor\" data-id=\"70aa1ab\" data-element_type=\"widget\" data-e-type=\"widget\" data-widget_type=\"text-editor.default\">\n\t\t\t\t\t\t\t\t\t<h3>Un an\u00e1lisis de semen puede detectar una serie de hallazgos, desde la salud normal de los espermatozoides hasta afecciones espec\u00edficas como:<\/h3><ul><li aria-level=\"1\">Bajo recuento de espermatozoides (oligospermia)<\/li><\/ul><ul><li aria-level=\"1\">Motilidad deficiente (astenozoospermia)<\/li><\/ul><ul><li aria-level=\"1\">Morfolog\u00eda anormal (teratozoospermia)<\/li><\/ul><ul><li aria-level=\"1\">Ausencia de espermatozoides (azoospermia)<\/li><\/ul><p>Si los resultados est\u00e1n fuera del rango esperado, su especialista en fertilidad revisar\u00e1 los hallazgos con usted y puede recomendarle pruebas adicionales o una consulta con un ur\u00f3logo especializado en fertilidad masculina.<\/p>\t\t\t\t\t\t\t\t<\/div>\n\t\t\t\t<\/div>\n\t\t\t\t<\/div>\n\t\t\t\t<\/div>\n\t\t<div class=\"elementor-element elementor-element-66f9323d e-con-full e-flex e-con e-child\" data-id=\"66f9323d\" data-element_type=\"container\" data-e-type=\"container\">\n\t\t<div class=\"elementor-element elementor-element-21bed4db e-con-full e-flex e-con e-child\" data-id=\"21bed4db\" data-element_type=\"container\" data-e-type=\"container\" data-settings=\"{&quot;background_background&quot;:&quot;classic&quot;}\">\n\t\t<div class=\"elementor-element elementor-element-7caadc7d e-con-full e-flex e-con e-child\" data-id=\"7caadc7d\" data-element_type=\"container\" data-e-type=\"container\">\n\t\t\t\t<div class=\"elementor-element elementor-element-10a40f0d elementor-widget elementor-widget-text-editor\" data-id=\"10a40f0d\" data-element_type=\"widget\" data-e-type=\"widget\" data-widget_type=\"text-editor.default\">\n\t\t\t\t\t\t\t\t\t<p>El equipo de FIV de Coral Gables, Pembroke Pines y Margate son realmente un grupo especial de se\u00f1oras. Desde todas las enfermeras, el equipo y los miembros del personal hicieron que el proceso fuera extremadamente reconfortante.<\/p>\t\t\t\t\t\t\t\t<\/div>\n\t\t\t\t<\/div>\n\t\t\t\t<\/div>\n\t\t<div class=\"elementor-element elementor-element-66e031c4 e-con-full interior-helpful-resources-column e-flex e-con e-child\" data-id=\"66e031c4\" data-element_type=\"container\" data-e-type=\"container\" data-settings=\"{&quot;background_background&quot;:&quot;classic&quot;}\">\n\t\t\t\t<div class=\"elementor-element elementor-element-60ba98c5 elementor-widget elementor-widget-heading\" data-id=\"60ba98c5\" data-element_type=\"widget\" data-e-type=\"widget\" data-widget_type=\"heading.default\">\n\t\t\t\t\t<h5 class=\"elementor-heading-title elementor-size-default\">Recursos \u00fatiles<\/h5>\t\t\t\t<\/div>\n\t\t\t\t<div class=\"elementor-element elementor-element-4d0cbe44 elementor-widget elementor-widget-text-editor\" data-id=\"4d0cbe44\" data-element_type=\"widget\" data-e-type=\"widget\" data-widget_type=\"text-editor.default\">\n\t\t\t\t\t\t\t\t\t<ul><li><a href=\"\/es\/concertar-cita\/\">Citas<\/a><\/li><li><a href=\"\/es\/lugares\/\">Ubicaciones<\/a><\/li><li><a href=\"\/es\/proveedores\/\">Proveedores<\/a><\/li><\/ul>\t\t\t\t\t\t\t\t<\/div>\n\t\t\t\t<\/div>\n\t\t\t\t<\/div>\n\t\t\t\t<\/div>\n\t\t\t\t\t<\/div>\n\t\t\t\t<\/div>\n\t\t\t\t<\/div>\n\t\t\t\t<\/div>","protected":false},"excerpt":{"rendered":"<p>An\u00e1lisis de Semen y Androlog\u00eda La fertilidad masculina es una parte clave del proceso de concepci\u00f3n, y un an\u00e1lisis de semen es uno de los primeros pasos de diagn\u00f3stico en la comprensi\u00f3n de la salud reproductiva. En IVF Florida, creemos en la evaluaci\u00f3n de ambos miembros de la pareja para crear el camino m\u00e1s claro...<\/p>","protected":false},"author":2,"featured_media":0,"parent":463,"menu_order":0,"template":"","meta":{"_acf_changed":false,"footnotes":""},"class_list":["post-1222","page","type-page","status-publish","hentry"],"acf":[],"aioseo_notices":[],"_links":{"self":[{"href":"https:\/\/ivfflorida.com\/es\/wp-json\/wp\/v2\/pages\/1222","targetHints":{"allow":["GET"]}}],"collection":[{"href":"https:\/\/ivfflorida.com\/es\/wp-json\/wp\/v2\/pages"}],"about":[{"href":"https:\/\/ivfflorida.com\/es\/wp-json\/wp\/v2\/types\/page"}],"author":[{"embeddable":true,"href":"https:\/\/ivfflorida.com\/es\/wp-json\/wp\/v2\/users\/2"}],"replies":[{"embeddable":true,"href":"https:\/\/ivfflorida.com\/es\/wp-json\/wp\/v2\/comments?post=1222"}],"version-history":[{"count":9,"href":"https:\/\/ivfflorida.com\/es\/wp-json\/wp\/v2\/pages\/1222\/revisions"}],"predecessor-version":[{"id":2410,"href":"https:\/\/ivfflorida.com\/es\/wp-json\/wp\/v2\/pages\/1222\/revisions\/2410"}],"up":[{"embeddable":true,"href":"https:\/\/ivfflorida.com\/es\/wp-json\/wp\/v2\/pages\/463"}],"wp:attachment":[{"href":"https:\/\/ivfflorida.com\/es\/wp-json\/wp\/v2\/media?parent=1222"}],"curies":[{"name":"wp","href":"https:\/\/api.w.org\/{rel}","templated":true}]}}