{"id":287,"date":"2025-07-30T17:06:19","date_gmt":"2025-07-30T17:06:19","guid":{"rendered":"https:\/\/ivfflorida.com\/?page_id=287"},"modified":"2025-09-24T12:47:50","modified_gmt":"2025-09-24T12:47:50","slug":"condiciones-de-uso","status":"publish","type":"page","link":"https:\/\/ivfflorida.com\/es\/terms-of-use\/","title":{"rendered":"Condiciones generales"},"content":{"rendered":"<div data-elementor-type=\"wp-page\" data-elementor-id=\"287\" class=\"elementor elementor-287\" data-elementor-post-type=\"page\">\n\t\t\t\t<div class=\"elementor-element elementor-element-639d0b86 e-flex e-con-boxed e-con e-parent\" data-id=\"639d0b86\" data-element_type=\"container\" data-e-type=\"container\" data-settings=\"{&quot;background_background&quot;:&quot;classic&quot;}\">\n\t\t\t\t\t<div class=\"e-con-inner\">\n\t\t<div class=\"elementor-element elementor-element-3b10c6ba e-flex e-con-boxed e-con e-child\" data-id=\"3b10c6ba\" data-element_type=\"container\" data-e-type=\"container\">\n\t\t\t\t\t<div class=\"e-con-inner\">\n\t\t<div class=\"elementor-element elementor-element-3d855d2f e-con-full e-flex e-con e-child\" data-id=\"3d855d2f\" data-element_type=\"container\" data-e-type=\"container\">\n\t\t\t\t<div class=\"elementor-element elementor-element-4b476bce elementor-widget elementor-widget-heading\" data-id=\"4b476bce\" data-element_type=\"widget\" data-e-type=\"widget\" data-widget_type=\"heading.default\">\n\t\t\t\t\t<h1 class=\"elementor-heading-title elementor-size-default\">Condiciones generales<\/h1>\t\t\t\t<\/div>\n\t\t\t\t<div class=\"elementor-element elementor-element-58635ded elementor-widget elementor-widget-text-editor\" data-id=\"58635ded\" data-element_type=\"widget\" data-e-type=\"widget\" data-widget_type=\"text-editor.default\">\n\t\t\t\t\t\t\t\t\t<p>Estas condiciones de uso (\"Condiciones de uso\") son aplicables a todo acceso o uso de cualquier contenido de este sitio web (\"Sitio\"). Cualquier uso de este Sitio constituye su aceptaci\u00f3n de estas Condiciones de uso.<\/p><h3>No menores<\/h3><p>Usted declara y garantiza que tiene al menos 18 a\u00f1os y que posee el derecho y la capacidad legales para aceptar y utilizar este Sitio de acuerdo con estas Condiciones de uso.<\/p><h3>Copyright<\/h3><p>El Sitio puede contener contenido de propiedad que est\u00e1 protegido por derechos de autor y otras leyes. IVF Florida Reproductive Associates conserva todos los derechos sobre el Sitio, incluidos, entre otros, todos los derechos de autor y otros derechos de propiedad en todo el mundo y en todos los medios.<\/p><h3>Privacidad<\/h3><p>Los datos de registro y toda la informaci\u00f3n enviada por usted al sitio web est\u00e1n sujetos a nuestra pol\u00edtica de privacidad. <a href=\"https:\/\/www.usfertility.com\/privacy-statement\/\" target=\"_blank\" rel=\"noopener\">Pol\u00edtica de privacidad<\/a>que se incorpora en estos t\u00e9rminos del uso por referencia. La Pol\u00edtica de privacidad rige el uso de la informaci\u00f3n por parte de IVF Florida Reproductive Associates, y IVF Florida Reproductive Associates declina toda responsabilidad por el uso de dicha informaci\u00f3n por parte de terceros.<\/p><h3>Ning\u00fan consejo m\u00e9dico<\/h3><p>El Sitio no constituye, ni debe interpretarse como tal, ning\u00fan consejo, diagn\u00f3stico o tratamiento m\u00e9dico, de enfermer\u00eda o de otro tipo de atenci\u00f3n sanitaria profesional. Nada de lo contenido en este Sitio es o debe ser considerado o utilizado como sustituto de un consejo, diagn\u00f3stico o tratamiento m\u00e9dico. La informaci\u00f3n proporcionada en el Sitio no crea una relaci\u00f3n m\u00e9dico-paciente entre usted y ning\u00fan m\u00e9dico.<\/p><h3>Contenido y normas de conducta<\/h3><p>Usted entiende que al acceder o utilizar el Sitio, puede estar expuesto a contenido que considere ofensivo u objetable. Las opiniones expresadas en los comentarios de cualquier blog no son necesariamente las de IVF Florida Reproductive Associates o cualquiera de sus respectivos funcionarios, directores, propietarios, empleados, contratistas o representantes. Bajo ninguna circunstancia IVF Florida Reproductive Associates ser\u00e1 responsable de ninguna manera por cualquier contenido, incluyendo pero no limitado a cualquier error u omisi\u00f3n en cualquier contenido, o por cualquier p\u00e9rdida o da\u00f1o de cualquier tipo incurrido como resultado del uso de cualquier contenido publicado, transmitido, o puesto a disposici\u00f3n a trav\u00e9s del Sitio. Usted reconoce que IVF Florida Reproductive Associates tiene el derecho, a su sola discreci\u00f3n, de rechazar o eliminar cualquier contenido que est\u00e9 disponible a trav\u00e9s del Sitio, y de editar cualquier contenido. IVF Florida Reproductive Associates no aprueba ni respalda ning\u00fan comentario de los blogs. Usted acepta que debe evaluar y asumir todos los riesgos asociados con el uso de cualquier contenido, incluyendo cualquier confianza en la exactitud, integridad o utilidad del Sitio.<\/p><p><strong>Al utilizar el Sitio, usted se compromete a no:<\/strong><\/p><p>Recopilar cualquier informaci\u00f3n sobre otros usuarios, incluyendo sin limitaci\u00f3n, cualquier dato o informaci\u00f3n personal;<\/p><p>Suplantar la identidad de cualquier persona o entidad, incluidos, entre otros, funcionarios, directores, propietarios, empleados, agentes o representantes de US Fertility, o declarar falsamente o tergiversar de cualquier otro modo su relaci\u00f3n con una persona o entidad;<\/p><p>Transmitir cualquier contenido que no tenga derecho a transmitir en virtud de cualquier ley o acuerdo contractual o fiduciario;<\/p><p>Copiar o transmitir cualquier contenido que infrinja cualquier patente, marca registrada, secreto comercial, derechos de autor u otros derechos de propiedad de cualquier parte;<\/p><p>Modificar directa o indirectamente cualquier contenido del Sitio sin el permiso expreso de IVF Florida Reproductive Associates;<\/p><p>Eliminar cualquier aviso del Sitio;<\/p><p>Promover actividades ilegales o promover da\u00f1os f\u00edsicos o lesiones contra cualquier grupo o individuo;<\/p><p>Utilizar el Sitio con fines fraudulentos o enga\u00f1osos;<\/p><p>Transmitir cualquier material que contenga c\u00f3digos inform\u00e1ticos, archivos o programas dise\u00f1ados para interrumpir, destruir o limitar la funcionalidad de cualquier software o hardware inform\u00e1tico;<\/p><p>Interferir o interrumpir el Sitio o los servidores o redes conectados al Sitio;<\/p><p>Tomar medidas para interferir o comprometer de cualquier modo las medidas de seguridad del Sitio;<\/p><p>Conceder derechos sobre el Sitio a cualquier otra persona o entidad;<\/p><p>Intentar descompilar, realizar ingenier\u00eda inversa, desensamblar, modificar o piratear el Sitio o el software subyacente, o derrotar o superar cualquier tecnolog\u00eda de encriptaci\u00f3n o gesti\u00f3n de derechos digitales implementada por IVF Florida Reproductive Associates con respecto al Sitio o los datos transmitidos, procesados o almacenados por IVF Florida Reproductive Associates; o<\/p><p>Utilizar el Sitio de cualquier forma no permitida por las presentes Condiciones de Uso.<\/p><p>Si se descubre que usted viola estos T\u00e9rminos de Uso, seg\u00fan lo determine IVF Florida Reproductive Associates a su entera discreci\u00f3n, podemos cancelar su derecho de acceso al Sitio.<\/p><h3>Cambios en las condiciones de uso<\/h3><p>IVF Florida Reproductive Associates puede cambiar los T\u00e9rminos de Uso en cualquier momento notific\u00e1ndole del cambio mediante la publicaci\u00f3n de un aviso en el Sitio que indique que los t\u00e9rminos han sido modificados. Usted acepta regirse por dichos cambios al utilizar el Sitio despu\u00e9s de que se realicen cambios a estos T\u00e9rminos de uso.<\/p><h3>Garant\u00edas; limitaci\u00f3n de responsabilidad<\/h3><p>IVF FLORIDA REPRODUCTIVE ASSOCIATES NO HACE REPRESENTACIONES O GARANT\u00cdAS, YA SEA EXPRESA O IMPL\u00cdCITA, CON RESPECTO A LA EXACTITUD, INTEGRIDAD, RENDIMIENTO, GARANT\u00cdA DE COMERCIABILIDAD O IDONEIDAD PARA UN PROP\u00d3SITO PARTICULAR DEL SITIO O EL CONTENIDO PROPORCIONADO EN EL MISMO. SALVO LO DISPUESTO ESPEC\u00cdFICAMENTE EN ESTAS CONDICIONES DE USO, EL SITIO SE PROPORCIONA \"TAL CUAL\", Y US FERTILITY NO OFRECE NINGUNA OTRA DECLARACI\u00d3N NI GARANT\u00cdA CON RESPECTO AL SITIO.<\/p><p>SUJETO A LA LEY ESTATAL APLICABLE, EN NING\u00daN CASO IVF FLORIDA REPRODUCTIVE ASSOCIATES SER\u00c1 RESPONSABLE DE NING\u00daN DA\u00d1O ESPECIAL, INDIRECTO, INCIDENTAL, EJEMPLAR O CONSECUENTE O DE LA P\u00c9RDIDA DE BENEFICIOS DE CUALQUIER MANERA QUE SURJA DE O EST\u00c9 RELACIONADO CON ESTOS T\u00c9RMINOS DE USO O QUE RESULTE DEL USO O LA INCAPACIDAD DE USAR EL SITIO O DEL CUMPLIMIENTO O INCUMPLIMIENTO DE CUALQUIER OBLIGACI\u00d3N BAJO ESTOS T\u00c9RMINOS DE USO.<\/p><h3>Indemnizaci\u00f3n<\/h3><p>Usted acepta indemnizar, defender y eximir de responsabilidad a IVF Florida Reproductive Associates de cualquier reclamaci\u00f3n o p\u00e9rdida de terceros que surja o est\u00e9 relacionada de cualquier forma con su uso del Sitio, su incumplimiento de estas Condiciones de uso o su violaci\u00f3n de la propiedad intelectual u otros derechos de terceros.<\/p><h3>Disposiciones varias<\/h3><p><strong>Elecci\u00f3n de la ley aplicable.<\/strong> A todos los efectos, estas Condiciones de uso se regir\u00e1n e interpretar\u00e1n de conformidad con las leyes del Estado de Delaware, sin tener en cuenta las normas de elecci\u00f3n de la ley aplicable.<\/p><p><strong>Acuerdo completo.<\/strong> Estos t\u00e9rminos de uso, como pueden ser enmendados de vez en cuando en la discreci\u00f3n \u00fanica de IVF Florida Reproductive Associates, constituye IVF Florida Reproductive Associates el acuerdo entero y reemplaza todas las escrituras, discusiones, acuerdos, y entendimientos anteriores o contempor\u00e1neos de cualquier clase, con respecto al tema de estos t\u00e9rminos de uso.<\/p><p><strong>Divisibilidad.<\/strong> Si alguna disposici\u00f3n de estas Condiciones de uso se considerara inaplicable, estas Condiciones de uso seguir\u00e1n en pleno vigor y efecto sin dicha disposici\u00f3n.<\/p>\t\t\t\t\t\t\t\t<\/div>\n\t\t\t\t<\/div>\n\t\t\t\t\t<\/div>\n\t\t\t\t<\/div>\n\t\t\t\t\t<\/div>\n\t\t\t\t<\/div>\n\t\t\t\t<\/div>","protected":false},"excerpt":{"rendered":"<p>T\u00e9rminos y condiciones Estos t\u00e9rminos de uso (\u201cT\u00e9rminos de Uso\u201d) son aplicables a todo acceso o uso de cualquier contenido de este sitio web (\u201cSitio\u201d). Cualquier uso de este Sitio implica la aceptaci\u00f3n de estas Condiciones de uso...<\/p>","protected":false},"author":3,"featured_media":0,"parent":0,"menu_order":0,"template":"","meta":{"_acf_changed":false,"footnotes":""},"class_list":["post-287","page","type-page","status-publish","hentry"],"acf":[],"aioseo_notices":[],"_links":{"self":[{"href":"https:\/\/ivfflorida.com\/es\/wp-json\/wp\/v2\/pages\/287","targetHints":{"allow":["GET"]}}],"collection":[{"href":"https:\/\/ivfflorida.com\/es\/wp-json\/wp\/v2\/pages"}],"about":[{"href":"https:\/\/ivfflorida.com\/es\/wp-json\/wp\/v2\/types\/page"}],"author":[{"embeddable":true,"href":"https:\/\/ivfflorida.com\/es\/wp-json\/wp\/v2\/users\/3"}],"replies":[{"embeddable":true,"href":"https:\/\/ivfflorida.com\/es\/wp-json\/wp\/v2\/comments?post=287"}],"version-history":[{"count":12,"href":"https:\/\/ivfflorida.com\/es\/wp-json\/wp\/v2\/pages\/287\/revisions"}],"predecessor-version":[{"id":2466,"href":"https:\/\/ivfflorida.com\/es\/wp-json\/wp\/v2\/pages\/287\/revisions\/2466"}],"wp:attachment":[{"href":"https:\/\/ivfflorida.com\/es\/wp-json\/wp\/v2\/media?parent=287"}],"curies":[{"name":"wp","href":"https:\/\/api.w.org\/{rel}","templated":true}]}}