{"id":377,"date":"2025-08-05T17:25:59","date_gmt":"2025-08-05T17:25:59","guid":{"rendered":"https:\/\/ivfflorida.com\/?page_id=377"},"modified":"2025-09-24T21:46:27","modified_gmt":"2025-09-24T21:46:27","slug":"estudios-clinicos","status":"publish","type":"page","link":"https:\/\/ivfflorida.com\/es\/about-ivf-florida\/clinical-studies\/","title":{"rendered":"Estudios cl\u00ednicos"},"content":{"rendered":"<div data-elementor-type=\"wp-page\" data-elementor-id=\"377\" class=\"elementor elementor-377\" data-elementor-post-type=\"page\">\n\t\t\t\t<div class=\"elementor-element elementor-element-8b4f882 e-flex e-con-boxed e-con e-parent\" data-id=\"8b4f882\" data-element_type=\"container\" data-e-type=\"container\" data-settings=\"{&quot;background_background&quot;:&quot;classic&quot;}\">\n\t\t\t\t\t<div class=\"e-con-inner\">\n\t\t<div class=\"elementor-element elementor-element-60255d0b e-flex e-con-boxed e-con e-child\" data-id=\"60255d0b\" data-element_type=\"container\" data-e-type=\"container\">\n\t\t\t\t\t<div class=\"e-con-inner\">\n\t\t<div class=\"elementor-element elementor-element-79ab730c e-con-full e-flex e-con e-child\" data-id=\"79ab730c\" data-element_type=\"container\" data-e-type=\"container\" data-settings=\"{&quot;background_background&quot;:&quot;classic&quot;}\">\n\t\t<div class=\"elementor-element elementor-element-39cb2652 e-con-full e-flex e-con e-child\" data-id=\"39cb2652\" data-element_type=\"container\" data-e-type=\"container\">\n\t\t\t\t<div class=\"elementor-element elementor-element-61b4fb9d elementor-widget elementor-widget-heading\" data-id=\"61b4fb9d\" data-element_type=\"widget\" data-e-type=\"widget\" data-widget_type=\"heading.default\">\n\t\t\t\t\t<h1 class=\"elementor-heading-title elementor-size-default\">Estudios cl\u00ednicos<\/h1>\t\t\t\t<\/div>\n\t\t\t\t<div class=\"elementor-element elementor-element-14f9e3e7 elementor-widget elementor-widget-text-editor\" data-id=\"14f9e3e7\" data-element_type=\"widget\" data-e-type=\"widget\" data-widget_type=\"text-editor.default\">\n\t\t\t\t\t\t\t\t\t<p>IVF Florida se compromete a avanzar en el campo de la medicina reproductiva. Las caracter\u00edsticas \u00fanicas de nuestro centro de fertilidad de vanguardia nos permiten ofrecer a nuestros pacientes los tratamientos de fertilidad m\u00e1s eficaces y la oportunidad de participar en investigaciones y ensayos cl\u00ednicos continuos que nos ayudan a avanzar en el campo de la fertilidad.<\/p><p>IVF Florida anima a los pacientes actuales y futuros a explorar estas oportunidades y aprovechar al m\u00e1ximo sus ventajas \u00fanicas. Al participar, los pacientes pueden ayudar a avanzar en el campo de la fertilidad y obtener acceso a tratamientos de vanguardia que se est\u00e1n evaluando actualmente. Y en algunos casos, pueden incluso optar a descuentos en los servicios o a incentivos econ\u00f3micos.<\/p><p>Si no es paciente de IVF Florida y desea obtener m\u00e1s informaci\u00f3n sobre cualquiera de los estudios enumerados, <a href=\"https:\/\/ivfflorida.com\/es\/concertar-cita\/\">concertar una cita<\/a>\u00a0o llame al\u00a0<a href=\"tel:954-247-6200\">954-247-6200<\/a>\u00a0para descubrir c\u00f3mo puede beneficiarse de estas oportunidades \u00fanicas.<\/p>\t\t\t\t\t\t\t\t<\/div>\n\t\t\t\t<\/div>\n\t\t\t\t<\/div>\n\t\t\t\t\t<\/div>\n\t\t\t\t<\/div>\n\t\t\t\t\t<\/div>\n\t\t\t\t<\/div>\n\t\t<div class=\"elementor-element elementor-element-61cd9aff e-con-full e-flex e-con e-parent\" data-id=\"61cd9aff\" data-element_type=\"container\" data-e-type=\"container\">\n\t\t<div class=\"elementor-element elementor-element-3741b9d e-flex e-con-boxed e-con e-child\" data-id=\"3741b9d\" data-element_type=\"container\" data-e-type=\"container\">\n\t\t\t\t\t<div class=\"e-con-inner\">\n\t\t<div class=\"elementor-element elementor-element-35833ea1 e-con-full e-flex e-con e-child\" data-id=\"35833ea1\" data-element_type=\"container\" data-e-type=\"container\">\n\t\t<div class=\"elementor-element elementor-element-72a4088c e-con-full e-flex e-con e-child\" data-id=\"72a4088c\" data-element_type=\"container\" data-e-type=\"container\">\n\t\t<div class=\"elementor-element elementor-element-1a48c0a e-con-full e-flex e-con e-child\" data-id=\"1a48c0a\" data-element_type=\"container\" data-e-type=\"container\">\n\t\t\t\t<div class=\"elementor-element elementor-element-2b58b742 elementor-widget elementor-widget-image\" data-id=\"2b58b742\" data-element_type=\"widget\" data-e-type=\"widget\" data-widget_type=\"image.default\">\n\t\t\t\t\t\t\t\t\t\t\t\t\t\t\t<img fetchpriority=\"high\" decoding=\"async\" width=\"939\" height=\"233\" src=\"https:\/\/ivfflorida.com\/wp-content\/uploads\/2025\/09\/daugher-parents-hands.jpg\" class=\"attachment-full size-full wp-image-1204\" alt=\"\" srcset=\"https:\/\/ivfflorida.com\/wp-content\/uploads\/2025\/09\/daugher-parents-hands.jpg 939w, https:\/\/ivfflorida.com\/wp-content\/uploads\/2025\/09\/daugher-parents-hands-300x74.jpg 300w, https:\/\/ivfflorida.com\/wp-content\/uploads\/2025\/09\/daugher-parents-hands-768x191.jpg 768w\" sizes=\"(max-width: 939px) 100vw, 939px\" title=\"daugher-padres-manos - IVF Florida\" \/>\t\t\t\t\t\t\t\t\t\t\t\t\t\t\t<\/div>\n\t\t\t\t<\/div>\n\t\t<div class=\"elementor-element elementor-element-1fd5051a e-con-full e-flex e-con e-child\" data-id=\"1fd5051a\" data-element_type=\"container\" data-e-type=\"container\" data-settings=\"{&quot;background_background&quot;:&quot;classic&quot;}\">\n\t\t<div class=\"elementor-element elementor-element-73bfaeab e-con-full e-flex e-con e-child\" data-id=\"73bfaeab\" data-element_type=\"container\" data-e-type=\"container\">\n\t\t\t\t<div class=\"elementor-element elementor-element-7f85fa67 elementor-widget elementor-widget-heading\" data-id=\"7f85fa67\" data-element_type=\"widget\" data-e-type=\"widget\" data-widget_type=\"heading.default\">\n\t\t\t\t\t<h2 class=\"elementor-heading-title elementor-size-default\">Ensayos cl\u00ednicos y estudios de investigaci\u00f3n activos<\/h2>\t\t\t\t<\/div>\n\t\t\t\t<\/div>\n\t\t<div class=\"elementor-element elementor-element-41ea0468 e-con-full e-flex e-con e-child\" data-id=\"41ea0468\" data-element_type=\"container\" data-e-type=\"container\">\n\t\t\t\t<div class=\"elementor-element elementor-element-4818226e elementor-widget elementor-widget-text-editor\" data-id=\"4818226e\" data-element_type=\"widget\" data-e-type=\"widget\" data-widget_type=\"text-editor.default\">\n\t\t\t\t\t\t\t\t\t<h3>PROGRESO<\/h3><p>IVF Florida est\u00e1 buscando mujeres para participar en un estudio de investigaci\u00f3n de fertilidad para ver si una preparaci\u00f3n de progesterona en investigaci\u00f3n administrada como una inyecci\u00f3n bajo la piel es segura y eficaz en el apoyo a la implantaci\u00f3n y el embarazo temprano despu\u00e9s de la transferencia de euploides congelados (FET) en comparaci\u00f3n con Crinone, una progesterona administrada por v\u00eda vaginal.<\/p><p><strong>Puede participar en el estudio si:<\/strong><\/p><ul><li aria-level=\"1\">Tienen entre 35 y 42 a\u00f1os<\/li><li aria-level=\"1\">Est\u00e1 planeando una \u00fanica transferencia de embriones congelados<\/li><li aria-level=\"1\">Tener un embri\u00f3n euploide para la transferencia<\/li><li aria-level=\"1\">Tener ciclos menstruales regulares (24-38 d\u00edas)<\/li><li aria-level=\"1\">No tener antecedentes de p\u00e9rdidas recurrentes del embarazo (2 o m\u00e1s p\u00e9rdidas consecutivas).<\/li><li aria-level=\"1\">Tener un IMC &lt;38 kg\/m2<\/li><\/ul><p>Si es candidata para el estudio, los f\u00e1rmacos del estudio y el ciclo de FET le ser\u00e1n proporcionados sin coste alguno.<\/p><p>Nuestro equipo eval\u00faa la situaci\u00f3n \u00fanica de cada paciente para descubrir las causas m\u00e1s probables de sus problemas de fertilidad y recomendar un plan de tratamiento basado en sus objetivos.<\/p>\t\t\t\t\t\t\t\t<\/div>\n\t\t\t\t<\/div>\n\t\t\t\t<\/div>\n\t\t<div class=\"elementor-element elementor-element-39ac97af e-con-full e-flex e-con e-child\" data-id=\"39ac97af\" data-element_type=\"container\" data-e-type=\"container\" data-settings=\"{&quot;background_background&quot;:&quot;classic&quot;}\">\n\t\t<div class=\"elementor-element elementor-element-2f85ee52 e-con-full e-flex e-con e-child\" data-id=\"2f85ee52\" data-element_type=\"container\" data-e-type=\"container\">\n\t\t\t\t<div class=\"elementor-element elementor-element-7120dd85 elementor-widget elementor-widget-heading\" data-id=\"7120dd85\" data-element_type=\"widget\" data-e-type=\"widget\" data-widget_type=\"heading.default\">\n\t\t\t\t\t<h2 class=\"elementor-heading-title elementor-size-default\">\u00bfEst\u00e1 cualificado para un estudio de investigaci\u00f3n?<\/h2>\t\t\t\t<\/div>\n\t\t\t\t<\/div>\n\t\t<div class=\"elementor-element elementor-element-269ed71 e-con-full e-flex e-con e-child\" data-id=\"269ed71\" data-element_type=\"container\" data-e-type=\"container\">\n\t\t\t\t<div class=\"elementor-element elementor-element-5d606fe3 elementor-widget elementor-widget-text-editor\" data-id=\"5d606fe3\" data-element_type=\"widget\" data-e-type=\"widget\" data-widget_type=\"text-editor.default\">\n\t\t\t\t\t\t\t\t\t<p>Para saber si puede optar al\u00a0<a href=\"https:\/\/progressivfstudy.com\/\" target=\"_blank\" rel=\"noopener\">Estudio de investigaci\u00f3n sobre fertilidad PROGRESS<\/a>P\u00f3ngase en contacto con su m\u00e9dico o equipo cl\u00ednico, o env\u00ede un correo electr\u00f3nico a nuestro coordinador de investigaci\u00f3n a\u00a0<a href=\"mailto:Karina.Stroker@ivfflorida.com\">Karina.Stroker@ivfflorida.com<\/a><\/p>\t\t\t\t\t\t\t\t<\/div>\n\t\t\t\t<div class=\"elementor-element elementor-element-d5f2102 elementor-widget elementor-widget-button\" data-id=\"d5f2102\" data-element_type=\"widget\" data-e-type=\"widget\" data-widget_type=\"button.default\">\n\t\t\t\t\t\t\t\t\t\t<a class=\"elementor-button elementor-button-link elementor-size-sm\" href=\"\/wp-content\/uploads\/2025\/08\/progress-trial-irb-approved-brochure.pdf\" target=\"_blank\">\n\t\t\t\t\t\t<span class=\"elementor-button-content-wrapper\">\n\t\t\t\t\t\t\t\t\t<span class=\"elementor-button-text\">Ver el folleto PROGRESS <\/span>\n\t\t\t\t\t<\/span>\n\t\t\t\t\t<\/a>\n\t\t\t\t\t\t\t\t<\/div>\n\t\t\t\t<\/div>\n\t\t\t\t<\/div>\n\t\t\t\t<\/div>\n\t\t<div class=\"elementor-element elementor-element-29264500 e-con-full e-flex e-con e-child\" data-id=\"29264500\" data-element_type=\"container\" data-e-type=\"container\">\n\t\t<div class=\"elementor-element elementor-element-b148041 e-con-full e-flex e-con e-child\" data-id=\"b148041\" data-element_type=\"container\" data-e-type=\"container\" data-settings=\"{&quot;background_background&quot;:&quot;classic&quot;}\">\n\t\t<div class=\"elementor-element elementor-element-7dd73ed6 e-con-full e-flex e-con e-child\" data-id=\"7dd73ed6\" data-element_type=\"container\" data-e-type=\"container\">\n\t\t\t\t<div class=\"elementor-element elementor-element-2917cef elementor-widget elementor-widget-text-editor\" data-id=\"2917cef\" data-element_type=\"widget\" data-e-type=\"widget\" data-widget_type=\"text-editor.default\">\n\t\t\t\t\t\t\t\t\t<p><span style=\"font-weight: 400;\">No hay palabras para expresar toda nuestra gratitud. Gracias por ayudarnos a hacer realidad nuestro sue\u00f1o de formar una familia.<\/span><\/p>\t\t\t\t\t\t\t\t<\/div>\n\t\t\t\t<\/div>\n\t\t\t\t<\/div>\n\t\t<div class=\"elementor-element elementor-element-51d0519f e-con-full interior-helpful-resources-column e-flex e-con e-child\" data-id=\"51d0519f\" data-element_type=\"container\" data-e-type=\"container\" data-settings=\"{&quot;background_background&quot;:&quot;classic&quot;}\">\n\t\t\t\t<div class=\"elementor-element elementor-element-6ea1aa40 elementor-widget elementor-widget-heading\" data-id=\"6ea1aa40\" data-element_type=\"widget\" data-e-type=\"widget\" data-widget_type=\"heading.default\">\n\t\t\t\t\t<h5 class=\"elementor-heading-title elementor-size-default\">Recursos \u00fatiles<\/h5>\t\t\t\t<\/div>\n\t\t\t\t<div class=\"elementor-element elementor-element-56c5507c elementor-widget elementor-widget-text-editor\" data-id=\"56c5507c\" data-element_type=\"widget\" data-e-type=\"widget\" data-widget_type=\"text-editor.default\">\n\t\t\t\t\t\t\t\t\t<ul><li><a href=\"\/es\/concertar-cita\/\">Citas<\/a><\/li><li><a href=\"\/es\/lugares\/\">Ubicaciones<\/a><\/li><li><a href=\"\/es\/proveedores\/\">Proveedores<\/a><\/li><\/ul>\t\t\t\t\t\t\t\t<\/div>\n\t\t\t\t<\/div>\n\t\t\t\t<\/div>\n\t\t\t\t<\/div>\n\t\t\t\t\t<\/div>\n\t\t\t\t<\/div>\n\t\t\t\t<\/div>\n\t\t\t\t<\/div>","protected":false},"excerpt":{"rendered":"<p>Estudios cl\u00ednicos IVF Florida se compromete a avanzar en el campo de la medicina reproductiva. Las caracter\u00edsticas \u00fanicas de nuestro centro de fertilidad de vanguardia nos permiten ofrecer a nuestros pacientes los tratamientos de fertilidad m\u00e1s eficaces y la oportunidad de participar en investigaciones y ensayos cl\u00ednicos continuos que nos ayudan a avanzar en el campo de la fertilidad....<\/p>","protected":false},"author":2,"featured_media":0,"parent":383,"menu_order":0,"template":"","meta":{"_acf_changed":false,"footnotes":""},"class_list":["post-377","page","type-page","status-publish","hentry"],"acf":[],"aioseo_notices":[],"_links":{"self":[{"href":"https:\/\/ivfflorida.com\/es\/wp-json\/wp\/v2\/pages\/377","targetHints":{"allow":["GET"]}}],"collection":[{"href":"https:\/\/ivfflorida.com\/es\/wp-json\/wp\/v2\/pages"}],"about":[{"href":"https:\/\/ivfflorida.com\/es\/wp-json\/wp\/v2\/types\/page"}],"author":[{"embeddable":true,"href":"https:\/\/ivfflorida.com\/es\/wp-json\/wp\/v2\/users\/2"}],"replies":[{"embeddable":true,"href":"https:\/\/ivfflorida.com\/es\/wp-json\/wp\/v2\/comments?post=377"}],"version-history":[{"count":15,"href":"https:\/\/ivfflorida.com\/es\/wp-json\/wp\/v2\/pages\/377\/revisions"}],"predecessor-version":[{"id":3080,"href":"https:\/\/ivfflorida.com\/es\/wp-json\/wp\/v2\/pages\/377\/revisions\/3080"}],"up":[{"embeddable":true,"href":"https:\/\/ivfflorida.com\/es\/wp-json\/wp\/v2\/pages\/383"}],"wp:attachment":[{"href":"https:\/\/ivfflorida.com\/es\/wp-json\/wp\/v2\/media?parent=377"}],"curies":[{"name":"wp","href":"https:\/\/api.w.org\/{rel}","templated":true}]}}