{"id":391,"date":"2025-08-05T21:05:50","date_gmt":"2025-08-05T21:05:50","guid":{"rendered":"https:\/\/ivfflorida.com\/?page_id=391"},"modified":"2025-09-23T19:34:27","modified_gmt":"2025-09-23T19:34:27","slug":"inscripcion-por-correo-electronico","status":"publish","type":"page","link":"https:\/\/ivfflorida.com\/es\/email-signup\/","title":{"rendered":"Suscripci\u00f3n por correo electr\u00f3nico"},"content":{"rendered":"<div data-elementor-type=\"wp-page\" data-elementor-id=\"391\" class=\"elementor elementor-391\" data-elementor-post-type=\"page\">\n\t\t\t\t<div class=\"elementor-element elementor-element-6fdc3390 e-flex e-con-boxed e-con e-parent\" data-id=\"6fdc3390\" data-element_type=\"container\" data-e-type=\"container\" data-settings=\"{&quot;background_background&quot;:&quot;classic&quot;}\">\n\t\t\t\t\t<div class=\"e-con-inner\">\n\t\t<div class=\"elementor-element elementor-element-1ce668e1 e-flex e-con-boxed e-con e-child\" data-id=\"1ce668e1\" data-element_type=\"container\" data-e-type=\"container\">\n\t\t\t\t\t<div class=\"e-con-inner\">\n\t\t<div class=\"elementor-element elementor-element-3054004f e-con-full e-flex e-con e-child\" data-id=\"3054004f\" data-element_type=\"container\" data-e-type=\"container\" data-settings=\"{&quot;background_background&quot;:&quot;classic&quot;}\">\n\t\t<div class=\"elementor-element elementor-element-32b1b53d e-con-full e-flex e-con e-child\" data-id=\"32b1b53d\" data-element_type=\"container\" data-e-type=\"container\">\n\t\t\t\t<div class=\"elementor-element elementor-element-11d23f59 elementor-widget elementor-widget-heading\" data-id=\"11d23f59\" data-element_type=\"widget\" data-e-type=\"widget\" data-widget_type=\"heading.default\">\n\t\t\t\t\t<h1 class=\"elementor-heading-title elementor-size-default\">Suscripci\u00f3n por correo electr\u00f3nico<\/h1>\t\t\t\t<\/div>\n\t\t\t\t<div class=\"elementor-element elementor-element-7dab0ed9 elementor-widget elementor-widget-text-editor\" data-id=\"7dab0ed9\" data-element_type=\"widget\" data-e-type=\"widget\" data-widget_type=\"text-editor.default\">\n\t\t\t\t\t\t\t\t\t<p>Inscr\u00edbase para recibir noticias y eventos de IVF Florida<\/p>\t\t\t\t\t\t\t\t<\/div>\n\t\t\t\t<\/div>\n\t\t\t\t<\/div>\n\t\t\t\t\t<\/div>\n\t\t\t\t<\/div>\n\t\t\t\t\t<\/div>\n\t\t\t\t<\/div>\n\t\t<div class=\"elementor-element elementor-element-6eab9973 e-con-full e-flex e-con e-parent\" data-id=\"6eab9973\" data-element_type=\"container\" data-e-type=\"container\">\n\t\t<div class=\"elementor-element elementor-element-609f591e e-flex e-con-boxed e-con e-child\" data-id=\"609f591e\" data-element_type=\"container\" data-e-type=\"container\">\n\t\t\t\t\t<div class=\"e-con-inner\">\n\t\t<div class=\"elementor-element elementor-element-75921ac3 e-con-full e-flex e-con e-child\" data-id=\"75921ac3\" data-element_type=\"container\" data-e-type=\"container\">\n\t\t<div class=\"elementor-element elementor-element-2cd452d4 e-con-full e-flex e-con e-child\" data-id=\"2cd452d4\" data-element_type=\"container\" data-e-type=\"container\">\n\t\t<div class=\"elementor-element elementor-element-24578df7 e-con-full e-flex e-con e-child\" data-id=\"24578df7\" data-element_type=\"container\" data-e-type=\"container\" data-settings=\"{&quot;background_background&quot;:&quot;classic&quot;}\">\n\t\t<div class=\"elementor-element elementor-element-4b712ab4 e-con-full e-flex e-con e-child\" data-id=\"4b712ab4\" data-element_type=\"container\" data-e-type=\"container\">\n\t\t<div class=\"elementor-element elementor-element-46c9e296 e-con-full e-flex e-con e-child\" data-id=\"46c9e296\" data-element_type=\"container\" data-e-type=\"container\">\n\t\t\t\t<div class=\"elementor-element elementor-element-52017ec elementor-widget elementor-widget-image\" data-id=\"52017ec\" data-element_type=\"widget\" data-e-type=\"widget\" data-widget_type=\"image.default\">\n\t\t\t\t\t\t\t\t\t\t\t\t\t\t\t<img decoding=\"async\" width=\"40\" height=\"40\" src=\"https:\/\/ivfflorida.com\/wp-content\/uploads\/2025\/07\/dblue-steth.svg\" class=\"attachment-full size-full wp-image-155\" alt=\"\" title=\"dblue-steth - FIV Florida\" \/>\t\t\t\t\t\t\t\t\t\t\t\t\t\t\t<\/div>\n\t\t\t\t<\/div>\n\t\t<div class=\"elementor-element elementor-element-1cbaca71 e-con-full e-flex e-con e-child\" data-id=\"1cbaca71\" data-element_type=\"container\" data-e-type=\"container\">\n\t\t\t\t<div class=\"elementor-element elementor-element-692702f0 elementor-widget elementor-widget-heading\" data-id=\"692702f0\" data-element_type=\"widget\" data-e-type=\"widget\" data-widget_type=\"heading.default\">\n\t\t\t\t\t<h2 class=\"elementor-heading-title elementor-size-default\">Inscr\u00edbase para recibir noticias y eventos de IVF Florida<\/h2>\t\t\t\t<\/div>\n\t\t\t\t<\/div>\n\t\t\t\t<\/div>\n\t\t<div class=\"elementor-element elementor-element-78352549 e-con-full e-flex e-con e-child\" data-id=\"78352549\" data-element_type=\"container\" data-e-type=\"container\">\n\t\t\t\t<div class=\"elementor-element elementor-element-1e53bf0 elementor-widget elementor-widget-html\" data-id=\"1e53bf0\" data-element_type=\"widget\" data-e-type=\"widget\" data-widget_type=\"html.default\">\n\t\t\t\t\t<script type=\"text\/javascript\" src=\"https:\/\/usfertility.jotform.com\/jsform\/251677950297168\"><\/script>\t\t\t\t<\/div>\n\t\t\t\t<\/div>\n\t\t\t\t<\/div>\n\t\t\t\t<\/div>\n\t\t<div class=\"elementor-element elementor-element-30d87483 e-con-full e-flex e-con e-child\" data-id=\"30d87483\" data-element_type=\"container\" data-e-type=\"container\">\n\t\t<div class=\"elementor-element elementor-element-23220783 e-con-full e-flex e-con e-child\" data-id=\"23220783\" data-element_type=\"container\" data-e-type=\"container\" data-settings=\"{&quot;background_background&quot;:&quot;classic&quot;}\">\n\t\t<div class=\"elementor-element elementor-element-194578d0 e-con-full e-flex e-con e-child\" data-id=\"194578d0\" data-element_type=\"container\" data-e-type=\"container\">\n\t\t\t\t<div class=\"elementor-element elementor-element-7e01254e elementor-widget elementor-widget-text-editor\" data-id=\"7e01254e\" data-element_type=\"widget\" data-e-type=\"widget\" data-widget_type=\"text-editor.default\">\n\t\t\t\t\t\t\t\t\t<p>Si tienes la suerte de que te toque el Dr. Z, \u00a1dale las gracias a tus estrellas! Es un diamante en bruto. \u00a1Mi esposo y yo lo amamos y realmente pensamos que es un regalo!<\/p>\t\t\t\t\t\t\t\t<\/div>\n\t\t\t\t<\/div>\n\t\t\t\t<\/div>\n\t\t<div class=\"elementor-element elementor-element-180ac1b9 e-con-full interior-helpful-resources-column e-flex e-con e-child\" data-id=\"180ac1b9\" data-element_type=\"container\" data-e-type=\"container\" data-settings=\"{&quot;background_background&quot;:&quot;classic&quot;}\">\n\t\t\t\t<div class=\"elementor-element elementor-element-424d17ac elementor-widget elementor-widget-heading\" data-id=\"424d17ac\" data-element_type=\"widget\" data-e-type=\"widget\" data-widget_type=\"heading.default\">\n\t\t\t\t\t<h5 class=\"elementor-heading-title elementor-size-default\">Recursos \u00fatiles<\/h5>\t\t\t\t<\/div>\n\t\t\t\t<div class=\"elementor-element elementor-element-763c34d2 elementor-widget elementor-widget-text-editor\" data-id=\"763c34d2\" data-element_type=\"widget\" data-e-type=\"widget\" data-widget_type=\"text-editor.default\">\n\t\t\t\t\t\t\t\t\t<ul><li><a href=\"\/es\/concertar-cita\/\">Citas<\/a><\/li><li><a href=\"\/es\/lugares\/\">Ubicaciones<\/a><\/li><li><a href=\"\/es\/proveedores\/\">Proveedores<\/a><\/li><\/ul>\t\t\t\t\t\t\t\t<\/div>\n\t\t\t\t<\/div>\n\t\t\t\t<\/div>\n\t\t\t\t<\/div>\n\t\t\t\t\t<\/div>\n\t\t\t\t<\/div>\n\t\t\t\t<\/div>\n\t\t\t\t<\/div>","protected":false},"excerpt":{"rendered":"<p>Suscripci\u00f3n de correo electr\u00f3nico Suscr\u00edbase a las noticias y eventos de IVF Florida Suscr\u00edbase a las noticias y eventos de IVF Florida Si tiene la suerte de que le toque el Dr. Z, \u00a1agradezca a sus estrellas!<\/p>","protected":false},"author":2,"featured_media":0,"parent":0,"menu_order":0,"template":"","meta":{"_acf_changed":false,"footnotes":""},"class_list":["post-391","page","type-page","status-publish","hentry"],"acf":[],"aioseo_notices":[],"_links":{"self":[{"href":"https:\/\/ivfflorida.com\/es\/wp-json\/wp\/v2\/pages\/391","targetHints":{"allow":["GET"]}}],"collection":[{"href":"https:\/\/ivfflorida.com\/es\/wp-json\/wp\/v2\/pages"}],"about":[{"href":"https:\/\/ivfflorida.com\/es\/wp-json\/wp\/v2\/types\/page"}],"author":[{"embeddable":true,"href":"https:\/\/ivfflorida.com\/es\/wp-json\/wp\/v2\/users\/2"}],"replies":[{"embeddable":true,"href":"https:\/\/ivfflorida.com\/es\/wp-json\/wp\/v2\/comments?post=391"}],"version-history":[{"count":6,"href":"https:\/\/ivfflorida.com\/es\/wp-json\/wp\/v2\/pages\/391\/revisions"}],"predecessor-version":[{"id":2344,"href":"https:\/\/ivfflorida.com\/es\/wp-json\/wp\/v2\/pages\/391\/revisions\/2344"}],"wp:attachment":[{"href":"https:\/\/ivfflorida.com\/es\/wp-json\/wp\/v2\/media?parent=391"}],"curies":[{"name":"wp","href":"https:\/\/api.w.org\/{rel}","templated":true}]}}