{"id":403,"date":"2025-08-06T20:47:58","date_gmt":"2025-08-06T20:47:58","guid":{"rendered":"https:\/\/ivfflorida.com\/?page_id=403"},"modified":"2025-09-23T19:35:53","modified_gmt":"2025-09-23T19:35:53","slug":"recursos-para-medicos-remitentes","status":"publish","type":"page","link":"https:\/\/ivfflorida.com\/es\/referring-physician-resources\/","title":{"rendered":"Recursos para m\u00e9dicos remitentes"},"content":{"rendered":"<div data-elementor-type=\"wp-page\" data-elementor-id=\"403\" class=\"elementor elementor-403\" data-elementor-post-type=\"page\">\n\t\t\t\t<div class=\"elementor-element elementor-element-6998a0d e-flex e-con-boxed e-con e-parent\" data-id=\"6998a0d\" data-element_type=\"container\" data-e-type=\"container\" data-settings=\"{&quot;background_background&quot;:&quot;classic&quot;}\">\n\t\t\t\t\t<div class=\"e-con-inner\">\n\t\t<div class=\"elementor-element elementor-element-56ee57ca e-flex e-con-boxed e-con e-child\" data-id=\"56ee57ca\" data-element_type=\"container\" data-e-type=\"container\">\n\t\t\t\t\t<div class=\"e-con-inner\">\n\t\t<div class=\"elementor-element elementor-element-5faa7483 e-con-full e-flex e-con e-child\" data-id=\"5faa7483\" data-element_type=\"container\" data-e-type=\"container\" data-settings=\"{&quot;background_background&quot;:&quot;classic&quot;}\">\n\t\t<div class=\"elementor-element elementor-element-1e356dfc e-con-full e-flex e-con e-child\" data-id=\"1e356dfc\" data-element_type=\"container\" data-e-type=\"container\">\n\t\t\t\t<div class=\"elementor-element elementor-element-2554c2e elementor-widget elementor-widget-heading\" data-id=\"2554c2e\" data-element_type=\"widget\" data-e-type=\"widget\" data-widget_type=\"heading.default\">\n\t\t\t\t\t<h1 class=\"elementor-heading-title elementor-size-default\">Recursos para m\u00e9dicos remitentes<\/h1>\t\t\t\t<\/div>\n\t\t\t\t<div class=\"elementor-element elementor-element-4a941a50 elementor-widget elementor-widget-text-editor\" data-id=\"4a941a50\" data-element_type=\"widget\" data-e-type=\"widget\" data-widget_type=\"text-editor.default\">\n\t\t\t\t\t\t\t\t\t<h3>IVF Florida valora su colaboraci\u00f3n para ayudar a los pacientes a crear o construir sus familias.<\/h3><p>Somos conscientes de la confianza que supone remitir a sus pacientes para que reciban tratamiento de fertilidad. Nuestro experimentado equipo se compromete a ofrecer a sus pacientes una atenci\u00f3n personalizada, una formaci\u00f3n completa y opciones de tratamiento avanzadas dise\u00f1adas para optimizar los resultados.<\/p>\t\t\t\t\t\t\t\t<\/div>\n\t\t\t\t<\/div>\n\t\t\t\t<\/div>\n\t\t\t\t\t<\/div>\n\t\t\t\t<\/div>\n\t\t\t\t\t<\/div>\n\t\t\t\t<\/div>\n\t\t<div class=\"elementor-element elementor-element-27fc16a2 e-con-full e-flex e-con e-parent\" data-id=\"27fc16a2\" data-element_type=\"container\" data-e-type=\"container\">\n\t\t<div class=\"elementor-element elementor-element-15bb91be e-flex e-con-boxed e-con e-child\" data-id=\"15bb91be\" data-element_type=\"container\" data-e-type=\"container\">\n\t\t\t\t\t<div class=\"e-con-inner\">\n\t\t<div class=\"elementor-element elementor-element-26f1fa9e e-con-full e-flex e-con e-child\" data-id=\"26f1fa9e\" data-element_type=\"container\" data-e-type=\"container\">\n\t\t<div class=\"elementor-element elementor-element-36f62f8c e-con-full e-flex e-con e-child\" data-id=\"36f62f8c\" data-element_type=\"container\" data-e-type=\"container\">\n\t\t<div class=\"elementor-element elementor-element-6248bd0 e-con-full e-flex e-con e-child\" data-id=\"6248bd0\" data-element_type=\"container\" data-e-type=\"container\">\n\t\t\t\t<div class=\"elementor-element elementor-element-45542a5f elementor-widget elementor-widget-image\" data-id=\"45542a5f\" data-element_type=\"widget\" data-e-type=\"widget\" data-widget_type=\"image.default\">\n\t\t\t\t\t\t\t\t\t\t\t\t\t\t\t<img fetchpriority=\"high\" decoding=\"async\" width=\"939\" height=\"233\" src=\"https:\/\/ivfflorida.com\/wp-content\/uploads\/2025\/09\/family-sunset-marquee.jpg\" class=\"attachment-full size-full wp-image-1205\" alt=\"\" srcset=\"https:\/\/ivfflorida.com\/wp-content\/uploads\/2025\/09\/family-sunset-marquee.jpg 939w, https:\/\/ivfflorida.com\/wp-content\/uploads\/2025\/09\/family-sunset-marquee-300x74.jpg 300w, https:\/\/ivfflorida.com\/wp-content\/uploads\/2025\/09\/family-sunset-marquee-768x191.jpg 768w\" sizes=\"(max-width: 939px) 100vw, 939px\" title=\"family-sunset-marquee - IVF Florida\" \/>\t\t\t\t\t\t\t\t\t\t\t\t\t\t\t<\/div>\n\t\t\t\t<\/div>\n\t\t<div class=\"elementor-element elementor-element-71c7ae4a e-con-full e-flex e-con e-child\" data-id=\"71c7ae4a\" data-element_type=\"container\" data-e-type=\"container\" data-settings=\"{&quot;background_background&quot;:&quot;classic&quot;}\">\n\t\t<div class=\"elementor-element elementor-element-29994168 e-con-full e-flex e-con e-child\" data-id=\"29994168\" data-element_type=\"container\" data-e-type=\"container\">\n\t\t\t\t<div class=\"elementor-element elementor-element-461a45b8 elementor-widget elementor-widget-heading\" data-id=\"461a45b8\" data-element_type=\"widget\" data-e-type=\"widget\" data-widget_type=\"heading.default\">\n\t\t\t\t\t<h2 class=\"elementor-heading-title elementor-size-default\">Solicitar m\u00e1s informaci\u00f3n<\/h2>\t\t\t\t<\/div>\n\t\t\t\t<\/div>\n\t\t<div class=\"elementor-element elementor-element-1419035f e-con-full e-flex e-con e-child\" data-id=\"1419035f\" data-element_type=\"container\" data-e-type=\"container\">\n\t\t\t\t<div class=\"elementor-element elementor-element-7d7893c2 elementor-widget elementor-widget-text-editor\" data-id=\"7d7893c2\" data-element_type=\"widget\" data-e-type=\"widget\" data-widget_type=\"text-editor.default\">\n\t\t\t\t\t\t\t\t\t<p>Para solicitar folletos de remisi\u00f3n o material de marketing, o para programar una reuni\u00f3n o un almuerzo de formaci\u00f3n en su consulta, p\u00f3ngase en contacto con el m\u00e9dico de enlace m\u00e1s cercano.\u00a0<\/p><h3 dir=\"ltr\">Miami\/Broward<\/h3><p dir=\"ltr\">Mar\u00eda Bryan<br \/><a href=\"mailto:maria.bryan@ivfflorida.com\">maria.bryan@ivfflorida.com<\/a> <\/p><h3 dir=\"ltr\">Boca Rat\u00f3n\/West Palm Beach\/J\u00fapiter<\/h3><p dir=\"ltr\">Chris Groh<br \/><a href=\"mailto:christenia.groh@ivfflorida.com\">christenia.groh@ivfflorida.com<\/a><\/p><div>\u00a0<\/div>\t\t\t\t\t\t\t\t<\/div>\n\t\t\t\t<\/div>\n\t\t\t\t<\/div>\n\t\t\t\t<\/div>\n\t\t<div class=\"elementor-element elementor-element-1483e55b e-con-full e-flex e-con e-child\" data-id=\"1483e55b\" data-element_type=\"container\" data-e-type=\"container\">\n\t\t<div class=\"elementor-element elementor-element-665fa50a e-con-full e-flex e-con e-child\" data-id=\"665fa50a\" data-element_type=\"container\" data-e-type=\"container\" data-settings=\"{&quot;background_background&quot;:&quot;classic&quot;}\">\n\t\t<div class=\"elementor-element elementor-element-18ef2b48 e-con-full e-flex e-con e-child\" data-id=\"18ef2b48\" data-element_type=\"container\" data-e-type=\"container\">\n\t\t\t\t<div class=\"elementor-element elementor-element-299606b1 elementor-widget elementor-widget-text-editor\" data-id=\"299606b1\" data-element_type=\"widget\" data-e-type=\"widget\" data-widget_type=\"text-editor.default\">\n\t\t\t\t\t\t\t\t\t<p><span style=\"font-weight: 400;\">No hay palabras para expresar toda nuestra gratitud. Gracias por ayudarnos a hacer realidad nuestro sue\u00f1o de formar una familia.<\/span><\/p>\t\t\t\t\t\t\t\t<\/div>\n\t\t\t\t<\/div>\n\t\t\t\t<\/div>\n\t\t<div class=\"elementor-element elementor-element-5cfdb273 e-con-full interior-helpful-resources-column e-flex e-con e-child\" data-id=\"5cfdb273\" data-element_type=\"container\" data-e-type=\"container\" data-settings=\"{&quot;background_background&quot;:&quot;classic&quot;}\">\n\t\t\t\t<div class=\"elementor-element elementor-element-1bcc8dbb elementor-widget elementor-widget-heading\" data-id=\"1bcc8dbb\" data-element_type=\"widget\" data-e-type=\"widget\" data-widget_type=\"heading.default\">\n\t\t\t\t\t<h5 class=\"elementor-heading-title elementor-size-default\">Recursos \u00fatiles<\/h5>\t\t\t\t<\/div>\n\t\t\t\t<div class=\"elementor-element elementor-element-67227670 elementor-widget elementor-widget-text-editor\" data-id=\"67227670\" data-element_type=\"widget\" data-e-type=\"widget\" data-widget_type=\"text-editor.default\">\n\t\t\t\t\t\t\t\t\t<ul><li><a href=\"\/wp-content\/uploads\/2025\/08\/new-patient-referral.pdf\" target=\"_blank\" rel=\"noopener\">Formulario de derivaci\u00f3n de nuevos pacientes<\/a><\/li><li><a href=\"\/wp-content\/uploads\/2025\/08\/andrology-referral.pdf\" target=\"_blank\" rel=\"noopener\">Formulario de servicio de diagn\u00f3stico androl\u00f3gico<\/a><\/li><li><a href=\"\/wp-content\/uploads\/2025\/08\/hsg-referral-forms.pdf\" target=\"_blank\" rel=\"noopener\">Formulario de remisi\u00f3n del servicio HSG<\/a><\/li><\/ul>\t\t\t\t\t\t\t\t<\/div>\n\t\t\t\t<\/div>\n\t\t\t\t<\/div>\n\t\t\t\t<\/div>\n\t\t\t\t\t<\/div>\n\t\t\t\t<\/div>\n\t\t\t\t<\/div>\n\t\t\t\t<\/div>","protected":false},"excerpt":{"rendered":"<p>Referring Physician Resources IVF Florida valora su colaboraci\u00f3n a la hora de ayudar a los pacientes a formar o construir sus familias.<\/p>","protected":false},"author":2,"featured_media":0,"parent":0,"menu_order":0,"template":"","meta":{"_acf_changed":false,"footnotes":""},"class_list":["post-403","page","type-page","status-publish","hentry"],"acf":[],"aioseo_notices":[],"_links":{"self":[{"href":"https:\/\/ivfflorida.com\/es\/wp-json\/wp\/v2\/pages\/403","targetHints":{"allow":["GET"]}}],"collection":[{"href":"https:\/\/ivfflorida.com\/es\/wp-json\/wp\/v2\/pages"}],"about":[{"href":"https:\/\/ivfflorida.com\/es\/wp-json\/wp\/v2\/types\/page"}],"author":[{"embeddable":true,"href":"https:\/\/ivfflorida.com\/es\/wp-json\/wp\/v2\/users\/2"}],"replies":[{"embeddable":true,"href":"https:\/\/ivfflorida.com\/es\/wp-json\/wp\/v2\/comments?post=403"}],"version-history":[{"count":9,"href":"https:\/\/ivfflorida.com\/es\/wp-json\/wp\/v2\/pages\/403\/revisions"}],"predecessor-version":[{"id":2350,"href":"https:\/\/ivfflorida.com\/es\/wp-json\/wp\/v2\/pages\/403\/revisions\/2350"}],"wp:attachment":[{"href":"https:\/\/ivfflorida.com\/es\/wp-json\/wp\/v2\/media?parent=403"}],"curies":[{"name":"wp","href":"https:\/\/api.w.org\/{rel}","templated":true}]}}