{"id":411,"date":"2025-08-06T21:12:49","date_gmt":"2025-08-06T21:12:49","guid":{"rendered":"https:\/\/ivfflorida.com\/?page_id=411"},"modified":"2025-09-23T19:46:04","modified_gmt":"2025-09-23T19:46:04","slug":"progyny","status":"publish","type":"page","link":"https:\/\/ivfflorida.com\/es\/resources\/infertility-treatments-and-costs\/progyny\/","title":{"rendered":"Beneficios de Progyny para la fertilidad"},"content":{"rendered":"<div data-elementor-type=\"wp-page\" data-elementor-id=\"411\" class=\"elementor elementor-411\" data-elementor-post-type=\"page\">\n\t\t\t\t<div class=\"elementor-element elementor-element-2e429e79 e-flex e-con-boxed e-con e-parent\" data-id=\"2e429e79\" data-element_type=\"container\" data-e-type=\"container\" data-settings=\"{&quot;background_background&quot;:&quot;classic&quot;}\">\n\t\t\t\t\t<div class=\"e-con-inner\">\n\t\t<div class=\"elementor-element elementor-element-3d3234fb e-flex e-con-boxed e-con e-child\" data-id=\"3d3234fb\" data-element_type=\"container\" data-e-type=\"container\">\n\t\t\t\t\t<div class=\"e-con-inner\">\n\t\t<div class=\"elementor-element elementor-element-62ebddbd e-con-full e-flex e-con e-child\" data-id=\"62ebddbd\" data-element_type=\"container\" data-e-type=\"container\" data-settings=\"{&quot;background_background&quot;:&quot;classic&quot;}\">\n\t\t<div class=\"elementor-element elementor-element-cadd16f e-con-full e-flex e-con e-child\" data-id=\"cadd16f\" data-element_type=\"container\" data-e-type=\"container\">\n\t\t\t\t<div class=\"elementor-element elementor-element-46c27232 elementor-widget elementor-widget-heading\" data-id=\"46c27232\" data-element_type=\"widget\" data-e-type=\"widget\" data-widget_type=\"heading.default\">\n\t\t\t\t\t<h1 class=\"elementor-heading-title elementor-size-default\">Beneficios de Progyny para la fertilidad<\/h1>\t\t\t\t<\/div>\n\t\t\t\t<div class=\"elementor-element elementor-element-37bcd756 elementor-widget elementor-widget-text-editor\" data-id=\"37bcd756\" data-element_type=\"widget\" data-e-type=\"widget\" data-widget_type=\"text-editor.default\">\n\t\t\t\t\t\t\t\t\t<h3>FIV Florida y Progyny: Elevando el cuidado de la fertilidad en el sureste de Florida\u00a0<\/h3><p>En IVF Florida, estamos orgullosos de asociarnos con Progyny para ofrecer a nuestros pacientes beneficios de fertilidad inclusivos y de alta calidad. Ya sea que est\u00e9 explorando la FIV, la congelaci\u00f3n de \u00f3vulos o la subrogaci\u00f3n, los planes flexibles de Progyny est\u00e1n dise\u00f1ados teniendo en cuenta cada camino hacia la paternidad. Consulta con tu departamento de RRHH si tu empresa ofrece prestaciones de Progyny.<\/p>\t\t\t\t\t\t\t\t<\/div>\n\t\t\t\t<\/div>\n\t\t\t\t<\/div>\n\t\t\t\t\t<\/div>\n\t\t\t\t<\/div>\n\t\t\t\t\t<\/div>\n\t\t\t\t<\/div>\n\t\t<div class=\"elementor-element elementor-element-48c732b1 e-con-full e-flex e-con e-parent\" data-id=\"48c732b1\" data-element_type=\"container\" data-e-type=\"container\">\n\t\t<div class=\"elementor-element elementor-element-5bd121bb e-flex e-con-boxed e-con e-child\" data-id=\"5bd121bb\" data-element_type=\"container\" data-e-type=\"container\">\n\t\t\t\t\t<div class=\"e-con-inner\">\n\t\t<div class=\"elementor-element elementor-element-13ed518e e-con-full e-flex e-con e-child\" data-id=\"13ed518e\" data-element_type=\"container\" data-e-type=\"container\">\n\t\t<div class=\"elementor-element elementor-element-1914bfdc e-con-full e-flex e-con e-child\" data-id=\"1914bfdc\" data-element_type=\"container\" data-e-type=\"container\">\n\t\t<div class=\"elementor-element elementor-element-7c0961d6 e-con-full e-flex e-con e-child\" data-id=\"7c0961d6\" data-element_type=\"container\" data-e-type=\"container\">\n\t\t\t\t<div class=\"elementor-element elementor-element-274862b2 elementor-widget elementor-widget-image\" data-id=\"274862b2\" data-element_type=\"widget\" data-e-type=\"widget\" data-widget_type=\"image.default\">\n\t\t\t\t\t\t\t\t\t\t\t\t\t\t\t<img fetchpriority=\"high\" decoding=\"async\" width=\"939\" height=\"233\" src=\"https:\/\/ivfflorida.com\/wp-content\/uploads\/2025\/09\/father-son-pool.jpg\" class=\"attachment-full size-full wp-image-1207\" alt=\"\" srcset=\"https:\/\/ivfflorida.com\/wp-content\/uploads\/2025\/09\/father-son-pool.jpg 939w, https:\/\/ivfflorida.com\/wp-content\/uploads\/2025\/09\/father-son-pool-300x74.jpg 300w, https:\/\/ivfflorida.com\/wp-content\/uploads\/2025\/09\/father-son-pool-768x191.jpg 768w\" sizes=\"(max-width: 939px) 100vw, 939px\" title=\"padre-hijo-pool - IVF Florida\" \/>\t\t\t\t\t\t\t\t\t\t\t\t\t\t\t<\/div>\n\t\t\t\t<\/div>\n\t\t<div class=\"elementor-element elementor-element-5b630bf0 e-con-full e-flex e-con e-child\" data-id=\"5b630bf0\" data-element_type=\"container\" data-e-type=\"container\" data-settings=\"{&quot;background_background&quot;:&quot;classic&quot;}\">\n\t\t<div class=\"elementor-element elementor-element-6670bc0 e-con-full e-flex e-con e-child\" data-id=\"6670bc0\" data-element_type=\"container\" data-e-type=\"container\">\n\t\t\t\t<div class=\"elementor-element elementor-element-4228392 elementor-widget elementor-widget-heading\" data-id=\"4228392\" data-element_type=\"widget\" data-e-type=\"widget\" data-widget_type=\"heading.default\">\n\t\t\t\t\t<h2 class=\"elementor-heading-title elementor-size-default\">Utilizaci\u00f3n de las ventajas de Progyny en IVF FLORIDA<\/h2>\t\t\t\t<\/div>\n\t\t\t\t<\/div>\n\t\t<div class=\"elementor-element elementor-element-3d79c1db e-con-full e-flex e-con e-child\" data-id=\"3d79c1db\" data-element_type=\"container\" data-e-type=\"container\">\n\t\t\t\t<div class=\"elementor-element elementor-element-2fd3742e elementor-widget elementor-widget-text-editor\" data-id=\"2fd3742e\" data-element_type=\"widget\" data-e-type=\"widget\" data-widget_type=\"text-editor.default\">\n\t\t\t\t\t\t\t\t\t<p><a href=\"https:\/\/progyny.com\/\">Progyny's <\/a>El modelo Smart Cycle simplifica sus prestaciones de fertilidad. En lugar de una facturaci\u00f3n detallada, cada Smart Cycle agrupa los servicios y la tecnolog\u00eda esenciales para que puedas centrarte en el tratamiento, no en el papeleo.<\/p><h3>Esto es lo que reciben los miembros de Progyny en IVF Florida:<\/h3><ul><li aria-level=\"1\">Amplia cobertura para tratamientos de fertilidad como FIV, IIU, conservaci\u00f3n, servicios de donantes, etc.<\/li><li aria-level=\"1\">Uso flexible de Smart Cycle adaptado a su plan de cuidados<\/li><li aria-level=\"1\">Apoyo de un Defensor del Paciente dedicado a Progyny<\/li><li aria-level=\"1\">Acceso a los renombrados especialistas en fertilidad de IVF Florida<\/li><li aria-level=\"1\">Prestaciones de conservaci\u00f3n para la congelaci\u00f3n de \u00f3vulos\/esperma (seg\u00fan el plan)<\/li><li aria-level=\"1\">Apoyo y asesoramiento en la gestaci\u00f3n subrogada<\/li><\/ul><h3>Por qu\u00e9 destaca Progyny<\/h3><p><strong>Con Progyny, ganas:<\/strong><\/p><ul><li aria-level=\"1\">Prestaciones inclusivas y orientadas a los resultados<\/li><li aria-level=\"1\">Orientaci\u00f3n personalizada en cada etapa<\/li><li aria-level=\"1\">Atenci\u00f3n de las mejores cl\u00ednicas de fertilidad<\/li><li aria-level=\"1\">Cobertura de medicamentos esenciales para la fertilidad<\/li><\/ul><h3>Resumen de la cobertura<\/h3><p><strong>Si su empresa ofrece Progyny, puede recibir:<\/strong><\/p><ul><li aria-level=\"1\">Consultas y evaluaciones iniciales<\/li><li aria-level=\"1\">Tratamientos de fertilidad mediante el sistema Smart Cycle<\/li><li aria-level=\"1\">Medicamentos y crioconservaci\u00f3n<\/li><li aria-level=\"1\">Servicios a los donantes<\/li><li aria-level=\"1\">Ayudas econ\u00f3micas relacionadas con la maternidad subrogada<\/li><\/ul><p><em>Los detalles espec\u00edficos de la cobertura dependen de su plan.<\/em><\/p><h3>Comprender el ciclo Smart<\/h3><p>Smart Cycles facilita el seguimiento de las prestaciones. Sabr\u00e1 exactamente qu\u00e9 est\u00e1 cubierto y evitar\u00e1 interrupciones en la asistencia. Su responsabilidad financiera depende de su plan m\u00e9dico, y algunos elementos pueden tener implicaciones fiscales.<\/p><h3>\u00bfLista para empezar con IVF Florida y Progyny?<\/h3><p>Llame a su AAC al <a href=\"tel:888-597-5065\" target=\"_blank\" rel=\"noopener\">888-597-5065<\/a> y programe su cita en IVF Florida hoy mismo.<\/p>\t\t\t\t\t\t\t\t<\/div>\n\t\t\t\t<\/div>\n\t\t\t\t<\/div>\n\t\t\t\t<\/div>\n\t\t<div class=\"elementor-element elementor-element-4be0983 e-con-full e-flex e-con e-child\" data-id=\"4be0983\" data-element_type=\"container\" data-e-type=\"container\">\n\t\t<div class=\"elementor-element elementor-element-36cdfc1f e-con-full e-flex e-con e-child\" data-id=\"36cdfc1f\" data-element_type=\"container\" data-e-type=\"container\" data-settings=\"{&quot;background_background&quot;:&quot;classic&quot;}\">\n\t\t<div class=\"elementor-element elementor-element-f6d072f e-con-full e-flex e-con e-child\" data-id=\"f6d072f\" data-element_type=\"container\" data-e-type=\"container\">\n\t\t\t\t<div class=\"elementor-element elementor-element-20084dfb elementor-widget elementor-widget-text-editor\" data-id=\"20084dfb\" data-element_type=\"widget\" data-e-type=\"widget\" data-widget_type=\"text-editor.default\">\n\t\t\t\t\t\t\t\t\t<p>El Dr. Hoffman fue mi m\u00e9dico de FIV y fue excelente. Tiene muchos conocimientos y siempre me hizo sentir segura en los siguientes pasos. \u00c9l es muy honesto y sincero que aprecio durante el proceso ya dif\u00edcil.<\/p>\t\t\t\t\t\t\t\t<\/div>\n\t\t\t\t<\/div>\n\t\t\t\t<\/div>\n\t\t<div class=\"elementor-element elementor-element-489a6965 e-con-full interior-helpful-resources-column e-flex e-con e-child\" data-id=\"489a6965\" data-element_type=\"container\" data-e-type=\"container\" data-settings=\"{&quot;background_background&quot;:&quot;classic&quot;}\">\n\t\t\t\t<div class=\"elementor-element elementor-element-75aedc6c elementor-widget elementor-widget-heading\" data-id=\"75aedc6c\" data-element_type=\"widget\" data-e-type=\"widget\" data-widget_type=\"heading.default\">\n\t\t\t\t\t<h5 class=\"elementor-heading-title elementor-size-default\">Recursos \u00fatiles<\/h5>\t\t\t\t<\/div>\n\t\t\t\t<div class=\"elementor-element elementor-element-4864a3d0 elementor-widget elementor-widget-text-editor\" data-id=\"4864a3d0\" data-element_type=\"widget\" data-e-type=\"widget\" data-widget_type=\"text-editor.default\">\n\t\t\t\t\t\t\t\t\t<ul><li aria-level=\"1\"><a href=\"\/es\/recursos\/affording-infertility-treatments-and-costs\/seguro\/\">Seguros aceptados<\/a><\/li><li aria-level=\"1\"><a href=\"\/es\/recursos\/affording-infertility-treatments-and-costs\/acceso-a-la-fertilidad\/\">Acceso a la fertilidad<\/a><\/li><li aria-level=\"1\"><a href=\"\/es\/recursos\/affording-infertility-treatments-and-costs\/\">C\u00f3mo costear los cuidados de fertilidad<\/a><\/li><\/ul>\t\t\t\t\t\t\t\t<\/div>\n\t\t\t\t<\/div>\n\t\t\t\t<\/div>\n\t\t\t\t<\/div>\n\t\t\t\t\t<\/div>\n\t\t\t\t<\/div>\n\t\t\t\t<\/div>\n\t\t\t\t<\/div>","protected":false},"excerpt":{"rendered":"<p>Beneficios de fertilidad de Progyny IVF Florida y Progyny: Elevando el cuidado de la fertilidad en el sureste de Florida En IVF Florida, estamos orgullosos de asociarnos con Progyny para ofrecer beneficios de fertilidad inclusivos y de alta calidad a nuestros pacientes. Ya sea que est\u00e9 explorando la FIV, la congelaci\u00f3n de \u00f3vulos o la subrogaci\u00f3n, los planes flexibles de Progyny est\u00e1n dise\u00f1ados teniendo en cuenta cada camino hacia la paternidad...<\/p>","protected":false},"author":2,"featured_media":0,"parent":440,"menu_order":0,"template":"","meta":{"_acf_changed":false,"footnotes":""},"class_list":["post-411","page","type-page","status-publish","hentry"],"acf":[],"aioseo_notices":[],"_links":{"self":[{"href":"https:\/\/ivfflorida.com\/es\/wp-json\/wp\/v2\/pages\/411","targetHints":{"allow":["GET"]}}],"collection":[{"href":"https:\/\/ivfflorida.com\/es\/wp-json\/wp\/v2\/pages"}],"about":[{"href":"https:\/\/ivfflorida.com\/es\/wp-json\/wp\/v2\/types\/page"}],"author":[{"embeddable":true,"href":"https:\/\/ivfflorida.com\/es\/wp-json\/wp\/v2\/users\/2"}],"replies":[{"embeddable":true,"href":"https:\/\/ivfflorida.com\/es\/wp-json\/wp\/v2\/comments?post=411"}],"version-history":[{"count":12,"href":"https:\/\/ivfflorida.com\/es\/wp-json\/wp\/v2\/pages\/411\/revisions"}],"predecessor-version":[{"id":2377,"href":"https:\/\/ivfflorida.com\/es\/wp-json\/wp\/v2\/pages\/411\/revisions\/2377"}],"up":[{"embeddable":true,"href":"https:\/\/ivfflorida.com\/es\/wp-json\/wp\/v2\/pages\/440"}],"wp:attachment":[{"href":"https:\/\/ivfflorida.com\/es\/wp-json\/wp\/v2\/media?parent=411"}],"curies":[{"name":"wp","href":"https:\/\/api.w.org\/{rel}","templated":true}]}}