{"id":468,"date":"2025-08-07T20:48:49","date_gmt":"2025-08-07T20:48:49","guid":{"rendered":"https:\/\/ivfflorida.com\/?page_id=468"},"modified":"2025-09-24T15:46:22","modified_gmt":"2025-09-24T15:46:22","slug":"infertilidad-masculina","status":"publish","type":"page","link":"https:\/\/ivfflorida.com\/es\/start-your-journey\/causes-of-infertility\/infertility-in-males\/","title":{"rendered":"Infertilidad masculina"},"content":{"rendered":"<div data-elementor-type=\"wp-page\" data-elementor-id=\"468\" class=\"elementor elementor-468\" data-elementor-post-type=\"page\">\n\t\t\t\t<div class=\"elementor-element elementor-element-34666a03 e-flex e-con-boxed e-con e-parent\" data-id=\"34666a03\" data-element_type=\"container\" data-e-type=\"container\" data-settings=\"{&quot;background_background&quot;:&quot;classic&quot;}\">\n\t\t\t\t\t<div class=\"e-con-inner\">\n\t\t<div class=\"elementor-element elementor-element-5a56216 e-flex e-con-boxed e-con e-child\" data-id=\"5a56216\" data-element_type=\"container\" data-e-type=\"container\">\n\t\t\t\t\t<div class=\"e-con-inner\">\n\t\t<div class=\"elementor-element elementor-element-19eb5aca e-con-full e-flex e-con e-child\" data-id=\"19eb5aca\" data-element_type=\"container\" data-e-type=\"container\" data-settings=\"{&quot;background_background&quot;:&quot;classic&quot;}\">\n\t\t<div class=\"elementor-element elementor-element-3f3cc4 e-con-full e-flex e-con e-child\" data-id=\"3f3cc4\" data-element_type=\"container\" data-e-type=\"container\">\n\t\t\t\t<div class=\"elementor-element elementor-element-151acdcd elementor-widget elementor-widget-heading\" data-id=\"151acdcd\" data-element_type=\"widget\" data-e-type=\"widget\" data-widget_type=\"heading.default\">\n\t\t\t\t\t<h1 class=\"elementor-heading-title elementor-size-default\">Infertilidad masculina<\/h1>\t\t\t\t<\/div>\n\t\t\t\t<div class=\"elementor-element elementor-element-76776bc7 elementor-widget elementor-widget-text-editor\" data-id=\"76776bc7\" data-element_type=\"widget\" data-e-type=\"widget\" data-widget_type=\"text-editor.default\">\n\t\t\t\t\t\t\t\t\t<p>La fertilidad masculina desempe\u00f1a un papel importante en la concepci\u00f3n. De hecho, hasta un tercio de los casos de infertilidad est\u00e1n relacionados con el factor masculino. IVF Florida ofrece una evaluaci\u00f3n experta y opciones de tratamiento dise\u00f1adas para identificar y abordar la infertilidad masculina con claridad y compasi\u00f3n.\u00a0<\/p>\t\t\t\t\t\t\t\t<\/div>\n\t\t\t\t<\/div>\n\t\t\t\t<\/div>\n\t\t\t\t\t<\/div>\n\t\t\t\t<\/div>\n\t\t\t\t\t<\/div>\n\t\t\t\t<\/div>\n\t\t<div class=\"elementor-element elementor-element-13e4ee0c e-con-full e-flex e-con e-parent\" data-id=\"13e4ee0c\" data-element_type=\"container\" data-e-type=\"container\">\n\t\t<div class=\"elementor-element elementor-element-2ec8fd2b e-flex e-con-boxed e-con e-child\" data-id=\"2ec8fd2b\" data-element_type=\"container\" data-e-type=\"container\">\n\t\t\t\t\t<div class=\"e-con-inner\">\n\t\t<div class=\"elementor-element elementor-element-7d074397 e-con-full e-flex e-con e-child\" data-id=\"7d074397\" data-element_type=\"container\" data-e-type=\"container\">\n\t\t<div class=\"elementor-element elementor-element-4186d85c e-con-full e-flex e-con e-child\" data-id=\"4186d85c\" data-element_type=\"container\" data-e-type=\"container\">\n\t\t<div class=\"elementor-element elementor-element-1c66cd85 e-con-full e-flex e-con e-child\" data-id=\"1c66cd85\" data-element_type=\"container\" data-e-type=\"container\">\n\t\t\t\t<div class=\"elementor-element elementor-element-63364e1f elementor-widget elementor-widget-image\" data-id=\"63364e1f\" data-element_type=\"widget\" data-e-type=\"widget\" data-widget_type=\"image.default\">\n\t\t\t\t\t\t\t\t\t\t\t\t\t\t\t<img fetchpriority=\"high\" decoding=\"async\" width=\"939\" height=\"233\" src=\"https:\/\/ivfflorida.com\/wp-content\/uploads\/2025\/09\/father-son-pool.jpg\" class=\"attachment-full size-full wp-image-1207\" alt=\"\" srcset=\"https:\/\/ivfflorida.com\/wp-content\/uploads\/2025\/09\/father-son-pool.jpg 939w, https:\/\/ivfflorida.com\/wp-content\/uploads\/2025\/09\/father-son-pool-300x74.jpg 300w, https:\/\/ivfflorida.com\/wp-content\/uploads\/2025\/09\/father-son-pool-768x191.jpg 768w\" sizes=\"(max-width: 939px) 100vw, 939px\" title=\"padre-hijo-pool - IVF Florida\" \/>\t\t\t\t\t\t\t\t\t\t\t\t\t\t\t<\/div>\n\t\t\t\t<\/div>\n\t\t<div class=\"elementor-element elementor-element-27c73f0e e-con-full e-flex e-con e-child\" data-id=\"27c73f0e\" data-element_type=\"container\" data-e-type=\"container\" data-settings=\"{&quot;background_background&quot;:&quot;classic&quot;}\">\n\t\t<div class=\"elementor-element elementor-element-37be3458 e-con-full e-flex e-con e-child\" data-id=\"37be3458\" data-element_type=\"container\" data-e-type=\"container\">\n\t\t\t\t<div class=\"elementor-element elementor-element-2ea9e10 elementor-widget elementor-widget-heading\" data-id=\"2ea9e10\" data-element_type=\"widget\" data-e-type=\"widget\" data-widget_type=\"heading.default\">\n\t\t\t\t\t<h2 class=\"elementor-heading-title elementor-size-default\">\u00bfCu\u00e1les son las causas de la infertilidad masculina?<\/h2>\t\t\t\t<\/div>\n\t\t\t\t<\/div>\n\t\t<div class=\"elementor-element elementor-element-2a41359 e-con-full e-flex e-con e-child\" data-id=\"2a41359\" data-element_type=\"container\" data-e-type=\"container\">\n\t\t\t\t<div class=\"elementor-element elementor-element-578c821f elementor-widget elementor-widget-text-editor\" data-id=\"578c821f\" data-element_type=\"widget\" data-e-type=\"widget\" data-widget_type=\"text-editor.default\">\n\t\t\t\t\t\t\t\t\t<p>La infertilidad masculina puede deberse a diversos factores, como problemas con la producci\u00f3n de esperma, la calidad del esperma o el parto.<\/p><p><strong>Las causas m\u00e1s comunes son:<\/strong><\/p><ul><li aria-level=\"1\">Bajo recuento de espermatozoides<\/li><li aria-level=\"1\">Movilidad (movimiento) deficiente de los espermatozoides<\/li><li aria-level=\"1\">Forma anormal del esperma (morfolog\u00eda)<\/li><li aria-level=\"1\">Bloqueos u obstrucciones en el tracto reproductivo<\/li><li aria-level=\"1\">Desequilibrios hormonales<\/li><li aria-level=\"1\">Condiciones gen\u00e9ticas<\/li><li aria-level=\"1\">Varicocele (venas dilatadas en el escroto)<\/li><li aria-level=\"1\">Estilo de vida o factores ambientales (por ejemplo, tabaquismo, calor elevado, medicamentos)<\/li><\/ul>\t\t\t\t\t\t\t\t<\/div>\n\t\t\t\t<\/div>\n\t\t\t\t<\/div>\n\t\t<div class=\"elementor-element elementor-element-5a95f85 e-con-full e-flex e-con e-child\" data-id=\"5a95f85\" data-element_type=\"container\" data-e-type=\"container\" data-settings=\"{&quot;background_background&quot;:&quot;classic&quot;}\">\n\t\t<div class=\"elementor-element elementor-element-49f4fcec e-con-full e-flex e-con e-child\" data-id=\"49f4fcec\" data-element_type=\"container\" data-e-type=\"container\">\n\t\t\t\t<div class=\"elementor-element elementor-element-5e3a438c elementor-widget elementor-widget-heading\" data-id=\"5e3a438c\" data-element_type=\"widget\" data-e-type=\"widget\" data-widget_type=\"heading.default\">\n\t\t\t\t\t<h2 class=\"elementor-heading-title elementor-size-default\">C\u00f3mo se diagnostica la infertilidad masculina<\/h2>\t\t\t\t<\/div>\n\t\t\t\t<\/div>\n\t\t<div class=\"elementor-element elementor-element-65cfd5b8 e-con-full e-flex e-con e-child\" data-id=\"65cfd5b8\" data-element_type=\"container\" data-e-type=\"container\">\n\t\t\t\t<div class=\"elementor-element elementor-element-389b9f35 elementor-widget elementor-widget-text-editor\" data-id=\"389b9f35\" data-element_type=\"widget\" data-e-type=\"widget\" data-widget_type=\"text-editor.default\">\n\t\t\t\t\t\t\t\t\t<p>El primer paso para evaluar la fertilidad masculina es un an\u00e1lisis del semen, que mide el recuento, el movimiento y la forma de los espermatozoides. Las pruebas adicionales, si est\u00e1n indicadas, pueden incluir an\u00e1lisis hormonales mediante an\u00e1lisis de sangre.<\/p><p>Las pruebas hormonales en los hombres pueden ayudar a detectar un desequilibrio hormonal midiendo los siguientes niveles hormonales, adem\u00e1s de comprobar si existen defectos gen\u00e9ticos:<\/p><ul><li aria-level=\"1\"><strong>Testosterona<\/strong>hormona masculina vital para la salud del esperma<\/li><li aria-level=\"1\"><strong>Hormona foliculoestimulante (FSH)<\/strong>hormona masculina y femenina; en los hombres, la FSH ayuda a mantener la producci\u00f3n de esperma<\/li><li aria-level=\"1\"><strong>Hormona luteinizante (LH)<\/strong>hormona masculina y femenina; en los hombres, la LH estimula la producci\u00f3n de testosterona<\/li><li aria-level=\"1\"><strong>Prolactina<\/strong>Hormona masculina y femenina; en los hombres, los niveles elevados de prolactina pueden inhibir la producci\u00f3n de testosterona.<\/li><\/ul>\t\t\t\t\t\t\t\t<\/div>\n\t\t\t\t<\/div>\n\t\t\t\t<\/div>\n\t\t<div class=\"elementor-element elementor-element-64b4f13 e-con-full e-flex e-con e-child\" data-id=\"64b4f13\" data-element_type=\"container\" data-e-type=\"container\" data-settings=\"{&quot;background_background&quot;:&quot;classic&quot;}\">\n\t\t<div class=\"elementor-element elementor-element-53fa73c e-con-full e-flex e-con e-child\" data-id=\"53fa73c\" data-element_type=\"container\" data-e-type=\"container\">\n\t\t\t\t<div class=\"elementor-element elementor-element-668ec6d elementor-widget elementor-widget-heading\" data-id=\"668ec6d\" data-element_type=\"widget\" data-e-type=\"widget\" data-widget_type=\"heading.default\">\n\t\t\t\t\t<h2 class=\"elementor-heading-title elementor-size-default\">Opciones de tratamiento de la infertilidad masculina<\/h2>\t\t\t\t<\/div>\n\t\t\t\t<\/div>\n\t\t<div class=\"elementor-element elementor-element-ffae737 e-con-full e-flex e-con e-child\" data-id=\"ffae737\" data-element_type=\"container\" data-e-type=\"container\">\n\t\t\t\t<div class=\"elementor-element elementor-element-f0371cd elementor-widget elementor-widget-text-editor\" data-id=\"f0371cd\" data-element_type=\"widget\" data-e-type=\"widget\" data-widget_type=\"text-editor.default\">\n\t\t\t\t\t\t\t\t\t<p>\u00a0En muchos casos, la infertilidad por factor masculino puede mejorarse o superarse con el enfoque adecuado. En funci\u00f3n del diagn\u00f3stico, el especialista en fertilidad puede recomendar:<\/p><ul><li aria-level=\"1\">Modificaciones del estilo de vida (dejar de fumar, controlar el peso, reducir la exposici\u00f3n al calor)<\/li><li aria-level=\"1\">Medicamentos para la fertilidad o terapia hormonal<\/li><li aria-level=\"1\">Procedimientos quir\u00fargicos para corregir una obstrucci\u00f3n o varicocele<\/li><li aria-level=\"1\">T\u00e9cnicas de reproducci\u00f3n asistida, como la IIU o la FIV con ICSI<\/li><\/ul>\t\t\t\t\t\t\t\t<\/div>\n\t\t\t\t<\/div>\n\t\t\t\t<\/div>\n\t\t\t\t<\/div>\n\t\t<div class=\"elementor-element elementor-element-1aa1f0c5 e-con-full e-flex e-con e-child\" data-id=\"1aa1f0c5\" data-element_type=\"container\" data-e-type=\"container\">\n\t\t<div class=\"elementor-element elementor-element-545becda e-con-full e-flex e-con e-child\" data-id=\"545becda\" data-element_type=\"container\" data-e-type=\"container\" data-settings=\"{&quot;background_background&quot;:&quot;classic&quot;}\">\n\t\t<div class=\"elementor-element elementor-element-2c6d5d36 e-con-full e-flex e-con e-child\" data-id=\"2c6d5d36\" data-element_type=\"container\" data-e-type=\"container\">\n\t\t\t\t<div class=\"elementor-element elementor-element-25ac8225 elementor-widget elementor-widget-text-editor\" data-id=\"25ac8225\" data-element_type=\"widget\" data-e-type=\"widget\" data-widget_type=\"text-editor.default\">\n\t\t\t\t\t\t\t\t\t<p>La Dra. Weitzman es inteligente, dulce, comprensiva y muy honesta en todo. Tuvimos la experiencia m\u00e1s maravillosa con ella. Nuestro viaje fue un \u00e9xito estamos muy agradecidos.<\/p>\t\t\t\t\t\t\t\t<\/div>\n\t\t\t\t<\/div>\n\t\t\t\t<\/div>\n\t\t<div class=\"elementor-element elementor-element-72cca251 e-con-full interior-helpful-resources-column e-flex e-con e-child\" data-id=\"72cca251\" data-element_type=\"container\" data-e-type=\"container\" data-settings=\"{&quot;background_background&quot;:&quot;classic&quot;}\">\n\t\t\t\t<div class=\"elementor-element elementor-element-693354d4 elementor-widget elementor-widget-heading\" data-id=\"693354d4\" data-element_type=\"widget\" data-e-type=\"widget\" data-widget_type=\"heading.default\">\n\t\t\t\t\t<h5 class=\"elementor-heading-title elementor-size-default\">Recursos \u00fatiles<\/h5>\t\t\t\t<\/div>\n\t\t\t\t<div class=\"elementor-element elementor-element-35e2101e elementor-widget elementor-widget-text-editor\" data-id=\"35e2101e\" data-element_type=\"widget\" data-e-type=\"widget\" data-widget_type=\"text-editor.default\">\n\t\t\t\t\t\t\t\t\t<ul><li><a href=\"\/es\/tratamientos\/fecundacion-in-vitro\/\">Fecundaci\u00f3n in vitro (FIV)<\/a>\u00a0<\/li><li><a href=\"\/es\/tratamientos\/inseminacion-intrauterina\/\">Inseminaci\u00f3n intrauterina (IIU)<\/a><\/li><li><a href=\"https:\/\/ivfflorida.com\/es\/comienza-tu-viaje\/cuando-acudir-a-un-especialista-en-fertilidad\/\">Cu\u00e1ndo acudir a un especialista en fertilidad<\/a><\/li><\/ul>\t\t\t\t\t\t\t\t<\/div>\n\t\t\t\t<\/div>\n\t\t\t\t<\/div>\n\t\t\t\t<\/div>\n\t\t\t\t\t<\/div>\n\t\t\t\t<\/div>\n\t\t\t\t<\/div>\n\t\t\t\t<\/div>","protected":false},"excerpt":{"rendered":"<p>Infertilidad masculina La fertilidad masculina desempe\u00f1a un papel importante en la concepci\u00f3n. De hecho, hasta un tercio de los casos de infertilidad est\u00e1n relacionados con el factor masculino...<\/p>","protected":false},"author":2,"featured_media":0,"parent":463,"menu_order":0,"template":"","meta":{"_acf_changed":false,"footnotes":""},"class_list":["post-468","page","type-page","status-publish","hentry"],"acf":[],"aioseo_notices":[],"_links":{"self":[{"href":"https:\/\/ivfflorida.com\/es\/wp-json\/wp\/v2\/pages\/468","targetHints":{"allow":["GET"]}}],"collection":[{"href":"https:\/\/ivfflorida.com\/es\/wp-json\/wp\/v2\/pages"}],"about":[{"href":"https:\/\/ivfflorida.com\/es\/wp-json\/wp\/v2\/types\/page"}],"author":[{"embeddable":true,"href":"https:\/\/ivfflorida.com\/es\/wp-json\/wp\/v2\/users\/2"}],"replies":[{"embeddable":true,"href":"https:\/\/ivfflorida.com\/es\/wp-json\/wp\/v2\/comments?post=468"}],"version-history":[{"count":15,"href":"https:\/\/ivfflorida.com\/es\/wp-json\/wp\/v2\/pages\/468\/revisions"}],"predecessor-version":[{"id":2553,"href":"https:\/\/ivfflorida.com\/es\/wp-json\/wp\/v2\/pages\/468\/revisions\/2553"}],"up":[{"embeddable":true,"href":"https:\/\/ivfflorida.com\/es\/wp-json\/wp\/v2\/pages\/463"}],"wp:attachment":[{"href":"https:\/\/ivfflorida.com\/es\/wp-json\/wp\/v2\/media?parent=468"}],"curies":[{"name":"wp","href":"https:\/\/api.w.org\/{rel}","templated":true}]}}