{"id":469,"date":"2025-08-07T20:58:47","date_gmt":"2025-08-07T20:58:47","guid":{"rendered":"https:\/\/ivfflorida.com\/?page_id=469"},"modified":"2025-09-24T20:58:54","modified_gmt":"2025-09-24T20:58:54","slug":"infertilidad-femenina","status":"publish","type":"page","link":"https:\/\/ivfflorida.com\/es\/start-your-journey\/causes-of-infertility\/infertility-in-females\/","title":{"rendered":"Infertilidad femenina"},"content":{"rendered":"<div data-elementor-type=\"wp-page\" data-elementor-id=\"469\" class=\"elementor elementor-469\" data-elementor-post-type=\"page\">\n\t\t\t\t<div class=\"elementor-element elementor-element-12cb5b41 e-flex e-con-boxed e-con e-parent\" data-id=\"12cb5b41\" data-element_type=\"container\" data-e-type=\"container\" data-settings=\"{&quot;background_background&quot;:&quot;classic&quot;}\">\n\t\t\t\t\t<div class=\"e-con-inner\">\n\t\t<div class=\"elementor-element elementor-element-85f02ef e-flex e-con-boxed e-con e-child\" data-id=\"85f02ef\" data-element_type=\"container\" data-e-type=\"container\">\n\t\t\t\t\t<div class=\"e-con-inner\">\n\t\t<div class=\"elementor-element elementor-element-4aa55501 e-con-full e-flex e-con e-child\" data-id=\"4aa55501\" data-element_type=\"container\" data-e-type=\"container\" data-settings=\"{&quot;background_background&quot;:&quot;classic&quot;}\">\n\t\t<div class=\"elementor-element elementor-element-1bdea262 e-con-full e-flex e-con e-child\" data-id=\"1bdea262\" data-element_type=\"container\" data-e-type=\"container\">\n\t\t\t\t<div class=\"elementor-element elementor-element-1a2d5077 elementor-widget elementor-widget-heading\" data-id=\"1a2d5077\" data-element_type=\"widget\" data-e-type=\"widget\" data-widget_type=\"heading.default\">\n\t\t\t\t\t<h1 class=\"elementor-heading-title elementor-size-default\">Infertilidad femenina<\/h1>\t\t\t\t<\/div>\n\t\t\t\t<div class=\"elementor-element elementor-element-3f8bdfb6 elementor-widget elementor-widget-text-editor\" data-id=\"3f8bdfb6\" data-element_type=\"widget\" data-e-type=\"widget\" data-widget_type=\"text-editor.default\">\n\t\t\t\t\t\t\t\t\t<p>Comprender las causas de la infertilidad en la mujer es una parte importante de la elaboraci\u00f3n de un plan personalizado de tratamiento. IVF Florida utiliza herramientas de diagn\u00f3stico avanzadas y un enfoque integral para evaluar los problemas de fertilidad y ayudar a las pacientes a sentirse seguras de sus pr\u00f3ximos pasos.<\/p>\t\t\t\t\t\t\t\t<\/div>\n\t\t\t\t<\/div>\n\t\t\t\t<\/div>\n\t\t\t\t\t<\/div>\n\t\t\t\t<\/div>\n\t\t\t\t\t<\/div>\n\t\t\t\t<\/div>\n\t\t<div class=\"elementor-element elementor-element-41c038a4 e-con-full e-flex e-con e-parent\" data-id=\"41c038a4\" data-element_type=\"container\" data-e-type=\"container\">\n\t\t<div class=\"elementor-element elementor-element-6e0fd800 e-flex e-con-boxed e-con e-child\" data-id=\"6e0fd800\" data-element_type=\"container\" data-e-type=\"container\">\n\t\t\t\t\t<div class=\"e-con-inner\">\n\t\t<div class=\"elementor-element elementor-element-21627438 e-con-full e-flex e-con e-child\" data-id=\"21627438\" data-element_type=\"container\" data-e-type=\"container\">\n\t\t<div class=\"elementor-element elementor-element-3a1c1d49 e-con-full e-flex e-con e-child\" data-id=\"3a1c1d49\" data-element_type=\"container\" data-e-type=\"container\">\n\t\t<div class=\"elementor-element elementor-element-8b20442 e-con-full e-flex e-con e-child\" data-id=\"8b20442\" data-element_type=\"container\" data-e-type=\"container\">\n\t\t\t\t<div class=\"elementor-element elementor-element-1266efe3 elementor-widget elementor-widget-image\" data-id=\"1266efe3\" data-element_type=\"widget\" data-e-type=\"widget\" data-widget_type=\"image.default\">\n\t\t\t\t\t\t\t\t\t\t\t\t\t\t\t<img fetchpriority=\"high\" decoding=\"async\" width=\"939\" height=\"233\" src=\"https:\/\/ivfflorida.com\/wp-content\/uploads\/2025\/09\/family-sunset-marquee.jpg\" class=\"attachment-full size-full wp-image-1205\" alt=\"\" srcset=\"https:\/\/ivfflorida.com\/wp-content\/uploads\/2025\/09\/family-sunset-marquee.jpg 939w, https:\/\/ivfflorida.com\/wp-content\/uploads\/2025\/09\/family-sunset-marquee-300x74.jpg 300w, https:\/\/ivfflorida.com\/wp-content\/uploads\/2025\/09\/family-sunset-marquee-768x191.jpg 768w\" sizes=\"(max-width: 939px) 100vw, 939px\" title=\"family-sunset-marquee - IVF Florida\" \/>\t\t\t\t\t\t\t\t\t\t\t\t\t\t\t<\/div>\n\t\t\t\t<\/div>\n\t\t<div class=\"elementor-element elementor-element-40cbbb71 e-con-full e-flex e-con e-child\" data-id=\"40cbbb71\" data-element_type=\"container\" data-e-type=\"container\" data-settings=\"{&quot;background_background&quot;:&quot;classic&quot;}\">\n\t\t<div class=\"elementor-element elementor-element-415a46c2 e-con-full e-flex e-con e-child\" data-id=\"415a46c2\" data-element_type=\"container\" data-e-type=\"container\">\n\t\t\t\t<div class=\"elementor-element elementor-element-6ab97b3b elementor-widget elementor-widget-heading\" data-id=\"6ab97b3b\" data-element_type=\"widget\" data-e-type=\"widget\" data-widget_type=\"heading.default\">\n\t\t\t\t\t<h2 class=\"elementor-heading-title elementor-size-default\">\u00bfCu\u00e1les son las causas de la infertilidad femenina?<\/h2>\t\t\t\t<\/div>\n\t\t\t\t<\/div>\n\t\t<div class=\"elementor-element elementor-element-1006ab1b e-con-full e-flex e-con e-child\" data-id=\"1006ab1b\" data-element_type=\"container\" data-e-type=\"container\">\n\t\t\t\t<div class=\"elementor-element elementor-element-76b673a7 elementor-widget elementor-widget-text-editor\" data-id=\"76b673a7\" data-element_type=\"widget\" data-e-type=\"widget\" data-widget_type=\"text-editor.default\">\n\t\t\t\t\t\t\t\t\t<p>Hay muchas razones por las que alguien puede tener dificultades para quedarse embarazada. En algunos casos, hay una explicaci\u00f3n m\u00e9dica clara. En otros, la causa puede ser m\u00e1s dif\u00edcil de identificar.<\/p><p><strong>Entre las causas m\u00e1s comunes de infertilidad femenina se incluyen<\/strong><\/p><ul><li aria-level=\"1\">Trastornos ovulatorios, incluyendo <a href=\"\/es\/comienza-tu-viaje\/causas-de-infertilidad\/sindrome-de-ovario-poliquistico\/\">s\u00edndrome de ovario poliqu\u00edstico (SOP)<\/a> y amenorrea hipotal\u00e1mica<\/li><li aria-level=\"1\"><a href=\"\/es\/comienza-tu-viaje\/causas-de-infertilidad\/reserva-ovarica-disminuida\/\">Disminuci\u00f3n de la reserva ov\u00e1rica<\/a>disminuci\u00f3n del n\u00famero o de la calidad de los \u00f3vulos disponibles<\/li><li aria-level=\"1\"><a href=\"\/es\/comienza-tu-viaje\/causas-de-infertilidad\/endometriosis\/\">Endometriosis<\/a>Cuando un tejido similar al revestimiento uterino crece fuera del \u00fatero.<\/li><li aria-level=\"1\">Anomal\u00edas uterinas, como fibromas, p\u00f3lipos o diferencias cong\u00e9nitas en la forma del \u00fatero.<\/li><li aria-level=\"1\"><a href=\"\/es\/comienza-tu-viaje\/causas-de-infertilidad\/infertilidad-por-factor-tubarico\/\">Infertilidad por factor tub\u00e1rico<\/a>Trompas de Falopio obstruidas, da\u00f1adas o ausentes.<\/li><li aria-level=\"1\"><a href=\"\/es\/comienza-tu-viaje\/causas-de-infertilidad\/infertilidad-inexplicada\/\">Infertilidad inexplicada<\/a>cuando las pruebas est\u00e1ndar no revelan una causa clara<\/li><li aria-level=\"1\"><a href=\"\/es\/comienza-tu-viaje\/causas-de-infertilidad\/perdida-recurrente-del-embarazo\/\">P\u00e9rdida recurrente del embarazo<\/a> (RPL), definida como dos o m\u00e1s abortos espont\u00e1neos<\/li><\/ul><p>Su m\u00e9dico puede recomendarle pruebas diagn\u00f3sticas -incluidos an\u00e1lisis de sangre, una ecograf\u00eda para evaluar el \u00fatero y los ovarios, o una histerosalpingograf\u00eda (HSG) para ayudar a evaluar la cavidad uterina y las trompas de Falopio- para comprender mejor la causa subyacente.<\/p>\t\t\t\t\t\t\t\t<\/div>\n\t\t\t\t<\/div>\n\t\t\t\t<\/div>\n\t\t<div class=\"elementor-element elementor-element-1eeddb4c e-con-full e-flex e-con e-child\" data-id=\"1eeddb4c\" data-element_type=\"container\" data-e-type=\"container\" data-settings=\"{&quot;background_background&quot;:&quot;classic&quot;}\">\n\t\t<div class=\"elementor-element elementor-element-1c98ea33 e-con-full e-flex e-con e-child\" data-id=\"1c98ea33\" data-element_type=\"container\" data-e-type=\"container\">\n\t\t\t\t<div class=\"elementor-element elementor-element-578365fe elementor-widget elementor-widget-heading\" data-id=\"578365fe\" data-element_type=\"widget\" data-e-type=\"widget\" data-widget_type=\"heading.default\">\n\t\t\t\t\t<h2 class=\"elementor-heading-title elementor-size-default\">C\u00f3mo afecta la edad a la fertilidad<\/h2>\t\t\t\t<\/div>\n\t\t\t\t<\/div>\n\t\t<div class=\"elementor-element elementor-element-3263e1e5 e-con-full e-flex e-con e-child\" data-id=\"3263e1e5\" data-element_type=\"container\" data-e-type=\"container\">\n\t\t\t\t<div class=\"elementor-element elementor-element-c4454da elementor-widget elementor-widget-text-editor\" data-id=\"c4454da\" data-element_type=\"widget\" data-e-type=\"widget\" data-widget_type=\"text-editor.default\">\n\t\t\t\t\t\t\t\t\t<p>La edad desempe\u00f1a un papel importante en la fertilidad femenina. Con la edad, el n\u00famero y la calidad de los \u00f3vulos disminuyen de forma natural. Esta disminuci\u00f3n comienza gradualmente a principios de los 30 y se acent\u00faa a partir de los 35 a\u00f1os. A partir de los 40, puede resultar mucho m\u00e1s dif\u00edcil concebir sin ayuda.<\/p><p>Comprender la relaci\u00f3n entre la edad y la fertilidad puede ayudar a tomar decisiones sobre el momento adecuado, el tratamiento y la planificaci\u00f3n para el futuro. Si a\u00fan no est\u00e1s preparada para formar una familia, las opciones de preservaci\u00f3n de la fertilidad, como la congelaci\u00f3n de \u00f3vulos, pueden ayudarte a ampliar tu potencial reproductivo.<\/p>\t\t\t\t\t\t\t\t<\/div>\n\t\t\t\t<\/div>\n\t\t<div class=\"elementor-element elementor-element-21a42c5 e-con-full e-flex e-con e-child\" data-id=\"21a42c5\" data-element_type=\"container\" data-e-type=\"container\">\n\t\t\t\t<div class=\"elementor-element elementor-element-bf328a1 elementor-widget elementor-widget-button\" data-id=\"bf328a1\" data-element_type=\"widget\" data-e-type=\"widget\" data-widget_type=\"button.default\">\n\t\t\t\t\t\t\t\t\t\t<a class=\"elementor-button elementor-button-link elementor-size-sm\" href=\"\/es\/tratamientos\/congelacion-de-ovulos\/\">\n\t\t\t\t\t\t<span class=\"elementor-button-content-wrapper\">\n\t\t\t\t\t\t\t\t\t<span class=\"elementor-button-text\">Explorar la congelaci\u00f3n de \u00f3vulos<\/span>\n\t\t\t\t\t<\/span>\n\t\t\t\t\t<\/a>\n\t\t\t\t\t\t\t\t<\/div>\n\t\t\t\t<div class=\"elementor-element elementor-element-42975c5 elementor-widget elementor-widget-button\" data-id=\"42975c5\" data-element_type=\"widget\" data-e-type=\"widget\" data-widget_type=\"button.default\">\n\t\t\t\t\t\t\t\t\t\t<a class=\"elementor-button elementor-button-link elementor-size-sm\" href=\"\/es\/tratamientos\/diagnosticos-y-medicamentos\/control-de-fertilidad\/\">\n\t\t\t\t\t\t<span class=\"elementor-button-content-wrapper\">\n\t\t\t\t\t\t\t\t\t<span class=\"elementor-button-text\">Programar un chequeo de fertilidad<\/span>\n\t\t\t\t\t<\/span>\n\t\t\t\t\t<\/a>\n\t\t\t\t\t\t\t\t<\/div>\n\t\t\t\t<\/div>\n\t\t\t\t<\/div>\n\t\t\t\t<\/div>\n\t\t<div class=\"elementor-element elementor-element-6b0015bd e-con-full e-flex e-con e-child\" data-id=\"6b0015bd\" data-element_type=\"container\" data-e-type=\"container\">\n\t\t<div class=\"elementor-element elementor-element-18ed7a50 e-con-full e-flex e-con e-child\" data-id=\"18ed7a50\" data-element_type=\"container\" data-e-type=\"container\" data-settings=\"{&quot;background_background&quot;:&quot;classic&quot;}\">\n\t\t<div class=\"elementor-element elementor-element-7483921c e-con-full e-flex e-con e-child\" data-id=\"7483921c\" data-element_type=\"container\" data-e-type=\"container\">\n\t\t\t\t<div class=\"elementor-element elementor-element-714f6854 elementor-widget elementor-widget-text-editor\" data-id=\"714f6854\" data-element_type=\"widget\" data-e-type=\"widget\" data-widget_type=\"text-editor.default\">\n\t\t\t\t\t\t\t\t\t<p>El Dr. B es incre\u00edble, y me alegro de haberlo encontrado. \u00c9l muestra compasi\u00f3n, y no te hace sentir tonto por hacer las preguntas m\u00e1s simples \/ irracionales. Trata a sus pacientes con cuidado. Explica todo con absoluto detalle.<\/p>\t\t\t\t\t\t\t\t<\/div>\n\t\t\t\t<\/div>\n\t\t\t\t<\/div>\n\t\t<div class=\"elementor-element elementor-element-a6d2346 e-con-full interior-helpful-resources-column e-flex e-con e-child\" data-id=\"a6d2346\" data-element_type=\"container\" data-e-type=\"container\" data-settings=\"{&quot;background_background&quot;:&quot;classic&quot;}\">\n\t\t\t\t<div class=\"elementor-element elementor-element-cb0c75f elementor-widget elementor-widget-heading\" data-id=\"cb0c75f\" data-element_type=\"widget\" data-e-type=\"widget\" data-widget_type=\"heading.default\">\n\t\t\t\t\t<h5 class=\"elementor-heading-title elementor-size-default\">Recursos \u00fatiles<\/h5>\t\t\t\t<\/div>\n\t\t\t\t<div class=\"elementor-element elementor-element-56cde56a elementor-widget elementor-widget-text-editor\" data-id=\"56cde56a\" data-element_type=\"widget\" data-e-type=\"widget\" data-widget_type=\"text-editor.default\">\n\t\t\t\t\t\t\t\t\t<ul><li><a href=\"\/es\/comienza-tu-viaje\/causas-de-infertilidad\/sindrome-de-ovario-poliquistico\/\">SOP<\/a>\u00a0<\/li><li><a href=\"\/es\/comienza-tu-viaje\/causas-de-infertilidad\/endometriosis\/\">Endometriosis\u00a0<\/a><\/li><li><a href=\"\/es\/comienza-tu-viaje\/causas-de-infertilidad\/reserva-ovarica-disminuida\/\">Disminuci\u00f3n de la reserva ov\u00e1rica<\/a><\/li><\/ul>\t\t\t\t\t\t\t\t<\/div>\n\t\t\t\t<\/div>\n\t\t\t\t<\/div>\n\t\t\t\t<\/div>\n\t\t\t\t\t<\/div>\n\t\t\t\t<\/div>\n\t\t\t\t<\/div>\n\t\t<div class=\"elementor-element elementor-element-27b2e00b e-flex e-con-boxed e-con e-parent\" data-id=\"27b2e00b\" data-element_type=\"container\" data-e-type=\"container\" data-settings=\"{&quot;background_background&quot;:&quot;classic&quot;}\">\n\t\t\t\t\t<div class=\"e-con-inner\">\n\t\t<div class=\"elementor-element elementor-element-47909d19 e-flex e-con-boxed e-con e-child\" data-id=\"47909d19\" data-element_type=\"container\" data-e-type=\"container\">\n\t\t\t\t\t<div class=\"e-con-inner\">\n\t\t<div class=\"elementor-element elementor-element-94f98ac e-con-full e-flex e-con e-child\" data-id=\"94f98ac\" data-element_type=\"container\" data-e-type=\"container\">\n\t\t<div class=\"elementor-element elementor-element-11b16a28 e-con-full e-flex e-con e-child\" data-id=\"11b16a28\" data-element_type=\"container\" data-e-type=\"container\">\n\t\t\t\t<div class=\"elementor-element elementor-element-42dacb0f elementor-widget elementor-widget-heading\" data-id=\"42dacb0f\" data-element_type=\"widget\" data-e-type=\"widget\" data-widget_type=\"heading.default\">\n\t\t\t\t\t<h2 class=\"elementor-heading-title elementor-size-default\">Estamos aqu\u00ed para ayudar<\/h2>\t\t\t\t<\/div>\n\t\t\t\t<div class=\"elementor-element elementor-element-6c3f832e elementor-widget elementor-widget-text-editor\" data-id=\"6c3f832e\" data-element_type=\"widget\" data-e-type=\"widget\" data-widget_type=\"text-editor.default\">\n\t\t\t\t\t\t\t\t\t<p>En IVF Florida, estamos especializados en el diagn\u00f3stico y tratamiento de toda la gama de problemas de fertilidad femenina. Si tiene preguntas sobre su salud reproductiva o desea explorar sus opciones, nuestro equipo est\u00e1 aqu\u00ed para guiarle con claridad, compasi\u00f3n y experiencia.<\/p>\t\t\t\t\t\t\t\t<\/div>\n\t\t\t\t<\/div>\n\t\t<div class=\"elementor-element elementor-element-657530c6 e-con-full e-flex e-con e-child\" data-id=\"657530c6\" data-element_type=\"container\" data-e-type=\"container\">\n\t\t\t\t<div class=\"elementor-element elementor-element-58b3dc2d elementor-widget__width-auto elementor-widget elementor-widget-button\" data-id=\"58b3dc2d\" data-element_type=\"widget\" data-e-type=\"widget\" data-widget_type=\"button.default\">\n\t\t\t\t\t\t\t\t\t\t<a class=\"elementor-button elementor-button-link elementor-size-sm\" href=\"\/es\/concertar-cita\/\">\n\t\t\t\t\t\t<span class=\"elementor-button-content-wrapper\">\n\t\t\t\t\t\t\t\t\t<span class=\"elementor-button-text\">Solicitar cita<\/span>\n\t\t\t\t\t<\/span>\n\t\t\t\t\t<\/a>\n\t\t\t\t\t\t\t\t<\/div>\n\t\t\t\t<\/div>\n\t\t\t\t<\/div>\n\t\t\t\t\t<\/div>\n\t\t\t\t<\/div>\n\t\t\t\t\t<\/div>\n\t\t\t\t<\/div>\n\t\t\t\t<\/div>","protected":false},"excerpt":{"rendered":"<p>Infertilidad femenina Comprender las causas de la infertilidad en la mujer es una parte importante de la elaboraci\u00f3n de un plan personalizado de tratamiento. IVF Florida utiliza herramientas de diagn\u00f3stico avanzadas y un enfoque integral para evaluar los problemas de fertilidad y ayudar a las pacientes a sentirse capacitadas y seguras de sus pr\u00f3ximos pasos...<\/p>","protected":false},"author":2,"featured_media":0,"parent":463,"menu_order":0,"template":"","meta":{"_acf_changed":false,"footnotes":""},"class_list":["post-469","page","type-page","status-publish","hentry"],"acf":[],"aioseo_notices":[],"_links":{"self":[{"href":"https:\/\/ivfflorida.com\/es\/wp-json\/wp\/v2\/pages\/469","targetHints":{"allow":["GET"]}}],"collection":[{"href":"https:\/\/ivfflorida.com\/es\/wp-json\/wp\/v2\/pages"}],"about":[{"href":"https:\/\/ivfflorida.com\/es\/wp-json\/wp\/v2\/types\/page"}],"author":[{"embeddable":true,"href":"https:\/\/ivfflorida.com\/es\/wp-json\/wp\/v2\/users\/2"}],"replies":[{"embeddable":true,"href":"https:\/\/ivfflorida.com\/es\/wp-json\/wp\/v2\/comments?post=469"}],"version-history":[{"count":27,"href":"https:\/\/ivfflorida.com\/es\/wp-json\/wp\/v2\/pages\/469\/revisions"}],"predecessor-version":[{"id":2929,"href":"https:\/\/ivfflorida.com\/es\/wp-json\/wp\/v2\/pages\/469\/revisions\/2929"}],"up":[{"embeddable":true,"href":"https:\/\/ivfflorida.com\/es\/wp-json\/wp\/v2\/pages\/463"}],"wp:attachment":[{"href":"https:\/\/ivfflorida.com\/es\/wp-json\/wp\/v2\/media?parent=469"}],"curies":[{"name":"wp","href":"https:\/\/api.w.org\/{rel}","templated":true}]}}