{"id":470,"date":"2025-08-07T21:00:22","date_gmt":"2025-08-07T21:00:22","guid":{"rendered":"https:\/\/ivfflorida.com\/?page_id=470"},"modified":"2025-09-23T19:55:37","modified_gmt":"2025-09-23T19:55:37","slug":"intervenciones-quirurgicas","status":"publish","type":"page","link":"https:\/\/ivfflorida.com\/es\/start-your-journey\/causes-of-infertility\/surgical-procedures\/","title":{"rendered":"Procedimientos quir\u00fargicos"},"content":{"rendered":"<div data-elementor-type=\"wp-page\" data-elementor-id=\"470\" class=\"elementor elementor-470\" data-elementor-post-type=\"page\">\n\t\t\t\t<div class=\"elementor-element elementor-element-7f279e0a e-flex e-con-boxed e-con e-parent\" data-id=\"7f279e0a\" data-element_type=\"container\" data-e-type=\"container\" data-settings=\"{&quot;background_background&quot;:&quot;classic&quot;}\">\n\t\t\t\t\t<div class=\"e-con-inner\">\n\t\t<div class=\"elementor-element elementor-element-a1ab091 e-flex e-con-boxed e-con e-child\" data-id=\"a1ab091\" data-element_type=\"container\" data-e-type=\"container\">\n\t\t\t\t\t<div class=\"e-con-inner\">\n\t\t<div class=\"elementor-element elementor-element-241ae9b3 e-con-full e-flex e-con e-child\" data-id=\"241ae9b3\" data-element_type=\"container\" data-e-type=\"container\" data-settings=\"{&quot;background_background&quot;:&quot;classic&quot;}\">\n\t\t<div class=\"elementor-element elementor-element-50f3dac0 e-con-full e-flex e-con e-child\" data-id=\"50f3dac0\" data-element_type=\"container\" data-e-type=\"container\">\n\t\t\t\t<div class=\"elementor-element elementor-element-3f46dd10 elementor-widget elementor-widget-heading\" data-id=\"3f46dd10\" data-element_type=\"widget\" data-e-type=\"widget\" data-widget_type=\"heading.default\">\n\t\t\t\t\t<h1 class=\"elementor-heading-title elementor-size-default\">Cirug\u00eda reproductiva<\/h1>\t\t\t\t<\/div>\n\t\t\t\t<div class=\"elementor-element elementor-element-5505dfd6 elementor-widget elementor-widget-text-editor\" data-id=\"5505dfd6\" data-element_type=\"widget\" data-e-type=\"widget\" data-widget_type=\"text-editor.default\">\n\t\t\t\t\t\t\t\t\t<p>La cirug\u00eda reproductiva puede ser una parte importante del tratamiento de la fertilidad. Estos procedimientos tratan las afecciones estructurales del \u00fatero, las trompas de Falopio o los ovarios que pueden interferir en la concepci\u00f3n, la implantaci\u00f3n o el embarazo. Nuestros m\u00e9dicos de FIV Florida est\u00e1n altamente cualificados en t\u00e9cnicas quir\u00fargicas avanzadas m\u00ednimamente invasivas, como la histeroscopia, la laparoscopia y la cirug\u00eda rob\u00f3tica asistida, para restaurar la salud reproductiva y mejorar los resultados de fertilidad.<\/p>\t\t\t\t\t\t\t\t<\/div>\n\t\t\t\t<\/div>\n\t\t\t\t<\/div>\n\t\t\t\t\t<\/div>\n\t\t\t\t<\/div>\n\t\t\t\t\t<\/div>\n\t\t\t\t<\/div>\n\t\t<div class=\"elementor-element elementor-element-6cccce9b e-con-full e-flex e-con e-parent\" data-id=\"6cccce9b\" data-element_type=\"container\" data-e-type=\"container\">\n\t\t<div class=\"elementor-element elementor-element-2390e9b2 e-flex e-con-boxed e-con e-child\" data-id=\"2390e9b2\" data-element_type=\"container\" data-e-type=\"container\">\n\t\t\t\t\t<div class=\"e-con-inner\">\n\t\t<div class=\"elementor-element elementor-element-16c4d449 e-con-full e-flex e-con e-child\" data-id=\"16c4d449\" data-element_type=\"container\" data-e-type=\"container\">\n\t\t<div class=\"elementor-element elementor-element-687a0445 e-con-full e-flex e-con e-child\" data-id=\"687a0445\" data-element_type=\"container\" data-e-type=\"container\">\n\t\t<div class=\"elementor-element elementor-element-2e7c470b e-con-full e-flex e-con e-child\" data-id=\"2e7c470b\" data-element_type=\"container\" data-e-type=\"container\">\n\t\t\t\t<div class=\"elementor-element elementor-element-6d4287ac elementor-widget elementor-widget-image\" data-id=\"6d4287ac\" data-element_type=\"widget\" data-e-type=\"widget\" data-widget_type=\"image.default\">\n\t\t\t\t\t\t\t\t\t\t\t\t\t\t\t<img fetchpriority=\"high\" decoding=\"async\" width=\"939\" height=\"233\" src=\"https:\/\/ivfflorida.com\/wp-content\/uploads\/2025\/09\/daugher-in-middle.jpg\" class=\"attachment-full size-full wp-image-1203\" alt=\"\" srcset=\"https:\/\/ivfflorida.com\/wp-content\/uploads\/2025\/09\/daugher-in-middle.jpg 939w, https:\/\/ivfflorida.com\/wp-content\/uploads\/2025\/09\/daugher-in-middle-300x74.jpg 300w, https:\/\/ivfflorida.com\/wp-content\/uploads\/2025\/09\/daugher-in-middle-768x191.jpg 768w\" sizes=\"(max-width: 939px) 100vw, 939px\" title=\"hija-en-medio - IVF Florida\" \/>\t\t\t\t\t\t\t\t\t\t\t\t\t\t\t<\/div>\n\t\t\t\t<\/div>\n\t\t<div class=\"elementor-element elementor-element-4220d826 e-con-full e-flex e-con e-child\" data-id=\"4220d826\" data-element_type=\"container\" data-e-type=\"container\" data-settings=\"{&quot;background_background&quot;:&quot;classic&quot;}\">\n\t\t<div class=\"elementor-element elementor-element-2f4ab8e4 e-con-full e-flex e-con e-child\" data-id=\"2f4ab8e4\" data-element_type=\"container\" data-e-type=\"container\">\n\t\t\t\t<div class=\"elementor-element elementor-element-652ab6c6 elementor-widget elementor-widget-heading\" data-id=\"652ab6c6\" data-element_type=\"widget\" data-e-type=\"widget\" data-widget_type=\"heading.default\">\n\t\t\t\t\t<h2 class=\"elementor-heading-title elementor-size-default\">\u00bfCu\u00e1ndo se recomienda la cirug\u00eda reproductiva?<\/h2>\t\t\t\t<\/div>\n\t\t\t\t<\/div>\n\t\t<div class=\"elementor-element elementor-element-6741e128 e-con-full e-flex e-con e-child\" data-id=\"6741e128\" data-element_type=\"container\" data-e-type=\"container\">\n\t\t\t\t<div class=\"elementor-element elementor-element-16e139e7 elementor-widget elementor-widget-text-editor\" data-id=\"16e139e7\" data-element_type=\"widget\" data-e-type=\"widget\" data-widget_type=\"text-editor.default\">\n\t\t\t\t\t\t\t\t\t<h3>No todos los pacientes necesitan someterse a una intervenci\u00f3n quir\u00fargica como parte de su proceso de fertilidad. La cirug\u00eda reproductiva puede considerarse cuando las pruebas muestran una afecci\u00f3n que podr\u00eda:<\/h3><ul><li aria-level=\"1\">Impedir la concepci\u00f3n natural<\/li><li aria-level=\"1\">Aumentar el riesgo de aborto<\/li><li aria-level=\"1\">Interfieren en la implantaci\u00f3n del embri\u00f3n<\/li><li aria-level=\"1\">Reducir el \u00e9xito de tratamientos como la FIV<\/li><\/ul><p>En muchos casos, la cirug\u00eda puede corregir estos problemas, a veces restaurando la capacidad de concebir de forma natural o creando el mejor entorno para un tratamiento de fertilidad.<\/p>\t\t\t\t\t\t\t\t<\/div>\n\t\t\t\t<\/div>\n\t\t\t\t<\/div>\n\t\t<div class=\"elementor-element elementor-element-3da18a94 e-con-full e-flex e-con e-child\" data-id=\"3da18a94\" data-element_type=\"container\" data-e-type=\"container\" data-settings=\"{&quot;background_background&quot;:&quot;classic&quot;}\">\n\t\t<div class=\"elementor-element elementor-element-54957c22 e-con-full e-flex e-con e-child\" data-id=\"54957c22\" data-element_type=\"container\" data-e-type=\"container\">\n\t\t\t\t<div class=\"elementor-element elementor-element-35977ab8 elementor-widget elementor-widget-heading\" data-id=\"35977ab8\" data-element_type=\"widget\" data-e-type=\"widget\" data-widget_type=\"heading.default\">\n\t\t\t\t\t<h2 class=\"elementor-heading-title elementor-size-default\">Afecciones tratadas con cirug\u00eda reproductiva<\/h2>\t\t\t\t<\/div>\n\t\t\t\t<\/div>\n\t\t<div class=\"elementor-element elementor-element-503649ee e-con-full e-flex e-con e-child\" data-id=\"503649ee\" data-element_type=\"container\" data-e-type=\"container\">\n\t\t\t\t<div class=\"elementor-element elementor-element-6b58d6b7 elementor-widget elementor-widget-text-editor\" data-id=\"6b58d6b7\" data-element_type=\"widget\" data-e-type=\"widget\" data-widget_type=\"text-editor.default\">\n\t\t\t\t\t\t\t\t\t<h3>La cirug\u00eda reproductiva puede tratar una amplia gama de trastornos que afectan a la fertilidad. Entre ellas se incluyen:<\/h3><p><strong>Afecciones uterinas<\/strong><\/p><ul><li aria-level=\"1\">Miomas (miomectom\u00eda)<\/li><li aria-level=\"1\">P\u00f3lipos endometriales<\/li><li aria-level=\"1\">Anomal\u00edas cong\u00e9nitas, como \u00fatero tabicado o adherencias intrauterinas (s\u00edndrome de Asherman).<\/li><li aria-level=\"1\">Reparaci\u00f3n de nicho de cicatriz de ces\u00e1rea<\/li><li aria-level=\"1\">Adenomiosis (en casos seleccionados)<\/li><\/ul><p><strong>Endometriosis<\/strong><\/p><ul><li aria-level=\"1\">Extirpaci\u00f3n laparosc\u00f3pica de implantes de endometriosis y endometriomas ov\u00e1ricos<\/li><\/ul><p><strong>Afecciones tub\u00e1ricas<\/strong><\/p><ul><li aria-level=\"1\">Obstrucci\u00f3n de las trompas de Falopio (reparaci\u00f3n tub\u00e1rica o tuboplastia)<\/li><li aria-level=\"1\">Extirpaci\u00f3n del hidros\u00e1lpinx antes de la FIV<\/li><\/ul><p><strong>Afecciones ov\u00e1ricas o p\u00e9lvicas<\/strong><\/p><ul><li aria-level=\"1\">Extirpaci\u00f3n de quistes ov\u00e1ricos<\/li><li aria-level=\"1\">Eliminaci\u00f3n de adherencias por cirug\u00eda previa o infecci\u00f3n p\u00e9lvica<\/li><\/ul>\t\t\t\t\t\t\t\t<\/div>\n\t\t\t\t<\/div>\n\t\t\t\t<\/div>\n\t\t<div class=\"elementor-element elementor-element-52fde54 e-con-full e-flex e-con e-child\" data-id=\"52fde54\" data-element_type=\"container\" data-e-type=\"container\" data-settings=\"{&quot;background_background&quot;:&quot;classic&quot;}\">\n\t\t<div class=\"elementor-element elementor-element-133f395 e-con-full e-flex e-con e-child\" data-id=\"133f395\" data-element_type=\"container\" data-e-type=\"container\">\n\t\t\t\t<div class=\"elementor-element elementor-element-ac258cb elementor-widget elementor-widget-heading\" data-id=\"ac258cb\" data-element_type=\"widget\" data-e-type=\"widget\" data-widget_type=\"heading.default\">\n\t\t\t\t\t<h2 class=\"elementor-heading-title elementor-size-default\">Tipos de cirug\u00eda reproductiva\n<\/h2>\t\t\t\t<\/div>\n\t\t\t\t<\/div>\n\t\t<div class=\"elementor-element elementor-element-196c0fed e-con-full e-flex e-con e-child\" data-id=\"196c0fed\" data-element_type=\"container\" data-e-type=\"container\">\n\t\t\t\t<div class=\"elementor-element elementor-element-22401ee5 elementor-widget elementor-widget-text-editor\" data-id=\"22401ee5\" data-element_type=\"widget\" data-e-type=\"widget\" data-widget_type=\"text-editor.default\">\n\t\t\t\t\t\t\t\t\t<h3>En IVF Florida, nuestros cirujanos utilizan m\u00e9todos m\u00ednimamente invasivos siempre que es posible para reducir el tiempo de recuperaci\u00f3n y mejorar los resultados:<\/h3><ul><li aria-level=\"1\"><strong>Histeroscopia:<\/strong> Se introduce un fino endoscopio a trav\u00e9s del cuello uterino para ver y tratar afecciones del interior de la cavidad uterina, como p\u00f3lipos, fibromas o tabique uterino.<\/li><li aria-level=\"1\"><strong>Laparoscopia:<\/strong> Procedimiento m\u00ednimamente invasivo que utiliza peque\u00f1as incisiones en el abdomen para tratar la endometriosis, los fibromas, los quistes ov\u00e1ricos o las enfermedades tub\u00e1ricas.<\/li><li aria-level=\"1\"><strong>Cirug\u00eda rob\u00f3tica asistida:<\/strong> Proporciona una mayor precisi\u00f3n y control para afecciones m\u00e1s complejas sin dejar de ser m\u00ednimamente invasivo.<\/li><\/ul>\t\t\t\t\t\t\t\t<\/div>\n\t\t\t\t<\/div>\n\t\t\t\t<\/div>\n\t\t<div class=\"elementor-element elementor-element-ac20733 e-con-full e-flex e-con e-child\" data-id=\"ac20733\" data-element_type=\"container\" data-e-type=\"container\" data-settings=\"{&quot;background_background&quot;:&quot;classic&quot;}\">\n\t\t<div class=\"elementor-element elementor-element-3838286 e-con-full e-flex e-con e-child\" data-id=\"3838286\" data-element_type=\"container\" data-e-type=\"container\">\n\t\t\t\t<div class=\"elementor-element elementor-element-3274126 elementor-widget elementor-widget-heading\" data-id=\"3274126\" data-element_type=\"widget\" data-e-type=\"widget\" data-widget_type=\"heading.default\">\n\t\t\t\t\t<h2 class=\"elementor-heading-title elementor-size-default\">Beneficios de la cirug\u00eda reproductiva en el tratamiento de la fertilidad<\/h2>\t\t\t\t<\/div>\n\t\t\t\t<\/div>\n\t\t<div class=\"elementor-element elementor-element-04c1cd5 e-con-full e-flex e-con e-child\" data-id=\"04c1cd5\" data-element_type=\"container\" data-e-type=\"container\">\n\t\t\t\t<div class=\"elementor-element elementor-element-c446dbe elementor-widget elementor-widget-text-editor\" data-id=\"c446dbe\" data-element_type=\"widget\" data-e-type=\"widget\" data-widget_type=\"text-editor.default\">\n\t\t\t\t\t\t\t\t\t<h3>La cirug\u00eda reproductiva puede:<\/h3><ul><li aria-level=\"1\">Restaurar la fertilidad natural en algunos pacientes<\/li><li aria-level=\"1\">Mejorar el entorno uterino para la implantaci\u00f3n del embri\u00f3n<\/li><li aria-level=\"1\">Aumentar las tasas de \u00e9xito de la FIV y otros tratamientos de fertilidad<\/li><li aria-level=\"1\">Ofrecer una recuperaci\u00f3n m\u00e1s corta y menos molestias con t\u00e9cnicas m\u00ednimamente invasivas<\/li><\/ul>\t\t\t\t\t\t\t\t<\/div>\n\t\t\t\t<\/div>\n\t\t\t\t<\/div>\n\t\t<div class=\"elementor-element elementor-element-08b4211 e-con-full e-flex e-con e-child\" data-id=\"08b4211\" data-element_type=\"container\" data-e-type=\"container\" data-settings=\"{&quot;background_background&quot;:&quot;classic&quot;}\">\n\t\t<div class=\"elementor-element elementor-element-eeabb34 e-con-full e-flex e-con e-child\" data-id=\"eeabb34\" data-element_type=\"container\" data-e-type=\"container\">\n\t\t\t\t<div class=\"elementor-element elementor-element-5c2925f elementor-widget elementor-widget-heading\" data-id=\"5c2925f\" data-element_type=\"widget\" data-e-type=\"widget\" data-widget_type=\"heading.default\">\n\t\t\t\t\t<h2 class=\"elementor-heading-title elementor-size-default\">Atenci\u00f3n quir\u00fargica personalizada en IVF Florida<\/h2>\t\t\t\t<\/div>\n\t\t\t\t<\/div>\n\t\t<div class=\"elementor-element elementor-element-548394c e-con-full e-flex e-con e-child\" data-id=\"548394c\" data-element_type=\"container\" data-e-type=\"container\">\n\t\t\t\t<div class=\"elementor-element elementor-element-aa42d74 elementor-widget elementor-widget-text-editor\" data-id=\"aa42d74\" data-element_type=\"widget\" data-e-type=\"widget\" data-widget_type=\"text-editor.default\">\n\t\t\t\t\t\t\t\t\t<p>La situaci\u00f3n de cada paciente es \u00fanica. En IVF Florida, la cirug\u00eda s\u00f3lo se recomienda cuando ofrece un claro beneficio para sus objetivos de fertilidad. Nuestro equipo combina la experiencia quir\u00fargica con tecnolog\u00edas reproductivas avanzadas, asegurando que la cirug\u00eda se integra perfectamente en un plan de atenci\u00f3n personalizado dise\u00f1ado para su mejor oportunidad de construir una familia.<\/p>\t\t\t\t\t\t\t\t<\/div>\n\t\t\t\t<\/div>\n\t\t\t\t<\/div>\n\t\t\t\t<\/div>\n\t\t<div class=\"elementor-element elementor-element-343be214 e-con-full e-flex e-con e-child\" data-id=\"343be214\" data-element_type=\"container\" data-e-type=\"container\">\n\t\t<div class=\"elementor-element elementor-element-73fbbb41 e-con-full e-flex e-con e-child\" data-id=\"73fbbb41\" data-element_type=\"container\" data-e-type=\"container\" data-settings=\"{&quot;background_background&quot;:&quot;classic&quot;}\">\n\t\t<div class=\"elementor-element elementor-element-5df6d159 e-con-full e-flex e-con e-child\" data-id=\"5df6d159\" data-element_type=\"container\" data-e-type=\"container\">\n\t\t\t\t<div class=\"elementor-element elementor-element-3ef7b78a elementor-widget elementor-widget-text-editor\" data-id=\"3ef7b78a\" data-element_type=\"widget\" data-e-type=\"widget\" data-widget_type=\"text-editor.default\">\n\t\t\t\t\t\t\t\t\t<p>El Dr. Christie se toma su tiempo para responder preguntas y explicar el procedimiento. \u00c9l tiene un comportamiento tranquilo que es beneficioso durante una experiencia tan alta tensi\u00f3n.<\/p>\t\t\t\t\t\t\t\t<\/div>\n\t\t\t\t<\/div>\n\t\t\t\t<\/div>\n\t\t<div class=\"elementor-element elementor-element-30e6c4ec e-con-full interior-helpful-resources-column e-flex e-con e-child\" data-id=\"30e6c4ec\" data-element_type=\"container\" data-e-type=\"container\" data-settings=\"{&quot;background_background&quot;:&quot;classic&quot;}\">\n\t\t\t\t<div class=\"elementor-element elementor-element-4706fc08 elementor-widget elementor-widget-heading\" data-id=\"4706fc08\" data-element_type=\"widget\" data-e-type=\"widget\" data-widget_type=\"heading.default\">\n\t\t\t\t\t<h5 class=\"elementor-heading-title elementor-size-default\">Recursos \u00fatiles<\/h5>\t\t\t\t<\/div>\n\t\t\t\t<div class=\"elementor-element elementor-element-795812c3 elementor-widget elementor-widget-text-editor\" data-id=\"795812c3\" data-element_type=\"widget\" data-e-type=\"widget\" data-widget_type=\"text-editor.default\">\n\t\t\t\t\t\t\t\t\t<ul><li><a href=\"\/es\/concertar-cita\/\">Citas<\/a><\/li><li><a href=\"\/es\/lugares\/\">Ubicaciones<\/a><\/li><li><a href=\"\/es\/proveedores\/\">Proveedores<\/a><\/li><\/ul>\t\t\t\t\t\t\t\t<\/div>\n\t\t\t\t<\/div>\n\t\t\t\t<\/div>\n\t\t\t\t<\/div>\n\t\t\t\t\t<\/div>\n\t\t\t\t<\/div>\n\t\t\t\t<\/div>\n\t\t\t\t<\/div>","protected":false},"excerpt":{"rendered":"<p>Cirug\u00eda reproductiva La cirug\u00eda reproductiva puede ser una parte importante del tratamiento de la fertilidad. Estos procedimientos abordan afecciones estructurales del \u00fatero, las trompas de Falopio o los ovarios que pueden interferir en la concepci\u00f3n, la implantaci\u00f3n o el embarazo....<\/p>","protected":false},"author":2,"featured_media":0,"parent":463,"menu_order":0,"template":"","meta":{"_acf_changed":false,"footnotes":""},"class_list":["post-470","page","type-page","status-publish","hentry"],"acf":[],"aioseo_notices":[],"_links":{"self":[{"href":"https:\/\/ivfflorida.com\/es\/wp-json\/wp\/v2\/pages\/470","targetHints":{"allow":["GET"]}}],"collection":[{"href":"https:\/\/ivfflorida.com\/es\/wp-json\/wp\/v2\/pages"}],"about":[{"href":"https:\/\/ivfflorida.com\/es\/wp-json\/wp\/v2\/types\/page"}],"author":[{"embeddable":true,"href":"https:\/\/ivfflorida.com\/es\/wp-json\/wp\/v2\/users\/2"}],"replies":[{"embeddable":true,"href":"https:\/\/ivfflorida.com\/es\/wp-json\/wp\/v2\/comments?post=470"}],"version-history":[{"count":9,"href":"https:\/\/ivfflorida.com\/es\/wp-json\/wp\/v2\/pages\/470\/revisions"}],"predecessor-version":[{"id":2413,"href":"https:\/\/ivfflorida.com\/es\/wp-json\/wp\/v2\/pages\/470\/revisions\/2413"}],"up":[{"embeddable":true,"href":"https:\/\/ivfflorida.com\/es\/wp-json\/wp\/v2\/pages\/463"}],"wp:attachment":[{"href":"https:\/\/ivfflorida.com\/es\/wp-json\/wp\/v2\/media?parent=470"}],"curies":[{"name":"wp","href":"https:\/\/api.w.org\/{rel}","templated":true}]}}