{"id":988,"date":"2025-09-04T19:32:34","date_gmt":"2025-09-04T19:32:34","guid":{"rendered":"https:\/\/ivfflorida.com\/?page_id=988"},"modified":"2025-09-23T19:54:25","modified_gmt":"2025-09-23T19:54:25","slug":"sindrome-de-ovario-poliquistico","status":"publish","type":"page","link":"https:\/\/ivfflorida.com\/es\/start-your-journey\/causes-of-infertility\/polycystic-ovary-syndrome\/","title":{"rendered":"S\u00edndrome de ovario poliqu\u00edstico (SOP)"},"content":{"rendered":"<div data-elementor-type=\"wp-page\" data-elementor-id=\"988\" class=\"elementor elementor-988\" data-elementor-post-type=\"page\">\n\t\t\t\t<div class=\"elementor-element elementor-element-3c49c537 e-flex e-con-boxed e-con e-parent\" data-id=\"3c49c537\" data-element_type=\"container\" data-e-type=\"container\" data-settings=\"{&quot;background_background&quot;:&quot;classic&quot;}\">\n\t\t\t\t\t<div class=\"e-con-inner\">\n\t\t<div class=\"elementor-element elementor-element-45bda5c2 e-flex e-con-boxed e-con e-child\" data-id=\"45bda5c2\" data-element_type=\"container\" data-e-type=\"container\">\n\t\t\t\t\t<div class=\"e-con-inner\">\n\t\t<div class=\"elementor-element elementor-element-177d843 e-con-full e-flex e-con e-child\" data-id=\"177d843\" data-element_type=\"container\" data-e-type=\"container\" data-settings=\"{&quot;background_background&quot;:&quot;classic&quot;}\">\n\t\t<div class=\"elementor-element elementor-element-47e0fd02 e-con-full e-flex e-con e-child\" data-id=\"47e0fd02\" data-element_type=\"container\" data-e-type=\"container\">\n\t\t\t\t<div class=\"elementor-element elementor-element-52814410 elementor-widget elementor-widget-heading\" data-id=\"52814410\" data-element_type=\"widget\" data-e-type=\"widget\" data-widget_type=\"heading.default\">\n\t\t\t\t\t<h1 class=\"elementor-heading-title elementor-size-default\">S\u00edndrome de ovario poliqu\u00edstico (SOP)<\/h1>\t\t\t\t<\/div>\n\t\t\t\t<div class=\"elementor-element elementor-element-3cf58f92 elementor-widget elementor-widget-text-editor\" data-id=\"3cf58f92\" data-element_type=\"widget\" data-e-type=\"widget\" data-widget_type=\"text-editor.default\">\n\t\t\t\t\t\t\t\t\t<p>El s\u00edndrome de ovario poliqu\u00edstico (SOP) es una de las causas m\u00e1s comunes -aunque a menudo incomprendida- de infertilidad femenina. Se trata de un trastorno hormonal que puede afectar a la ovulaci\u00f3n, la regularidad menstrual y la calidad de los \u00f3vulos. Aunque la experiencia de cada paciente con el SOP es \u00fanica, se trata de un trastorno muy tratable con una amplia gama de opciones de fertilidad disponibles.<\/p>\t\t\t\t\t\t\t\t<\/div>\n\t\t\t\t<\/div>\n\t\t\t\t<\/div>\n\t\t\t\t\t<\/div>\n\t\t\t\t<\/div>\n\t\t\t\t\t<\/div>\n\t\t\t\t<\/div>\n\t\t<div class=\"elementor-element elementor-element-4937209c e-con-full e-flex e-con e-parent\" data-id=\"4937209c\" data-element_type=\"container\" data-e-type=\"container\">\n\t\t<div class=\"elementor-element elementor-element-4fd32100 e-flex e-con-boxed e-con e-child\" data-id=\"4fd32100\" data-element_type=\"container\" data-e-type=\"container\">\n\t\t\t\t\t<div class=\"e-con-inner\">\n\t\t<div class=\"elementor-element elementor-element-5f7d4d1 e-con-full e-flex e-con e-child\" data-id=\"5f7d4d1\" data-element_type=\"container\" data-e-type=\"container\">\n\t\t<div class=\"elementor-element elementor-element-49861646 e-con-full e-flex e-con e-child\" data-id=\"49861646\" data-element_type=\"container\" data-e-type=\"container\">\n\t\t<div class=\"elementor-element elementor-element-1e037a61 e-con-full e-flex e-con e-child\" data-id=\"1e037a61\" data-element_type=\"container\" data-e-type=\"container\">\n\t\t\t\t<div class=\"elementor-element elementor-element-2224c843 elementor-widget elementor-widget-image\" data-id=\"2224c843\" data-element_type=\"widget\" data-e-type=\"widget\" data-widget_type=\"image.default\">\n\t\t\t\t\t\t\t\t\t\t\t\t\t\t\t<img fetchpriority=\"high\" decoding=\"async\" width=\"939\" height=\"233\" src=\"https:\/\/ivfflorida.com\/wp-content\/uploads\/2025\/09\/daugher-in-middle.jpg\" class=\"attachment-full size-full wp-image-1203\" alt=\"\" srcset=\"https:\/\/ivfflorida.com\/wp-content\/uploads\/2025\/09\/daugher-in-middle.jpg 939w, https:\/\/ivfflorida.com\/wp-content\/uploads\/2025\/09\/daugher-in-middle-300x74.jpg 300w, https:\/\/ivfflorida.com\/wp-content\/uploads\/2025\/09\/daugher-in-middle-768x191.jpg 768w\" sizes=\"(max-width: 939px) 100vw, 939px\" title=\"hija-en-medio - IVF Florida\" \/>\t\t\t\t\t\t\t\t\t\t\t\t\t\t\t<\/div>\n\t\t\t\t<\/div>\n\t\t<div class=\"elementor-element elementor-element-101007de e-con-full e-flex e-con e-child\" data-id=\"101007de\" data-element_type=\"container\" data-e-type=\"container\" data-settings=\"{&quot;background_background&quot;:&quot;classic&quot;}\">\n\t\t<div class=\"elementor-element elementor-element-16665c23 e-con-full e-flex e-con e-child\" data-id=\"16665c23\" data-element_type=\"container\" data-e-type=\"container\">\n\t\t\t\t<div class=\"elementor-element elementor-element-4a0cbfc2 elementor-widget elementor-widget-heading\" data-id=\"4a0cbfc2\" data-element_type=\"widget\" data-e-type=\"widget\" data-widget_type=\"heading.default\">\n\t\t\t\t\t<h2 class=\"elementor-heading-title elementor-size-default\">\u00bfQu\u00e9 es el s\u00edndrome de ovario poliqu\u00edstico?<\/h2>\t\t\t\t<\/div>\n\t\t\t\t<\/div>\n\t\t<div class=\"elementor-element elementor-element-730138ef e-con-full e-flex e-con e-child\" data-id=\"730138ef\" data-element_type=\"container\" data-e-type=\"container\">\n\t\t\t\t<div class=\"elementor-element elementor-element-76417c3e elementor-widget elementor-widget-text-editor\" data-id=\"76417c3e\" data-element_type=\"widget\" data-e-type=\"widget\" data-widget_type=\"text-editor.default\">\n\t\t\t\t\t\t\t\t\t<p>El SOP es un complejo desequilibrio hormonal que afecta al funcionamiento de los ovarios. Las personas con SOP pueden producir niveles de andr\u00f3genos (a menudo denominados hormonas \"masculinas\") superiores a la media, lo que puede alterar la ovulaci\u00f3n y dar lugar a peque\u00f1os fol\u00edculos en forma de quiste en los ovarios. Estos fol\u00edculos contienen \u00f3vulos inmaduros que pueden no desarrollarse adecuadamente o no ser liberados durante la ovulaci\u00f3n. Cualquier alteraci\u00f3n de la ovulaci\u00f3n puede afectar al \u00e9xito de la fertilidad.<\/p><p>No es necesario tener quistes en los ovarios para que te diagnostiquen el s\u00edndrome de ovario poliqu\u00edstico. La enfermedad se presenta de forma diferente en cada persona y suele cambiar con el tiempo.<\/p>\t\t\t\t\t\t\t\t<\/div>\n\t\t\t\t<\/div>\n\t\t\t\t<\/div>\n\t\t<div class=\"elementor-element elementor-element-40fb4f9b e-con-full e-flex e-con e-child\" data-id=\"40fb4f9b\" data-element_type=\"container\" data-e-type=\"container\" data-settings=\"{&quot;background_background&quot;:&quot;classic&quot;}\">\n\t\t<div class=\"elementor-element elementor-element-55071b1a e-con-full e-flex e-con e-child\" data-id=\"55071b1a\" data-element_type=\"container\" data-e-type=\"container\">\n\t\t\t\t<div class=\"elementor-element elementor-element-6dc14a3d elementor-widget elementor-widget-heading\" data-id=\"6dc14a3d\" data-element_type=\"widget\" data-e-type=\"widget\" data-widget_type=\"heading.default\">\n\t\t\t\t\t<h2 class=\"elementor-heading-title elementor-size-default\">\u00bfCu\u00e1les son las causas del SOP?<\/h2>\t\t\t\t<\/div>\n\t\t\t\t<\/div>\n\t\t<div class=\"elementor-element elementor-element-7c35018a e-con-full e-flex e-con e-child\" data-id=\"7c35018a\" data-element_type=\"container\" data-e-type=\"container\">\n\t\t\t\t<div class=\"elementor-element elementor-element-79d334f6 elementor-widget elementor-widget-text-editor\" data-id=\"79d334f6\" data-element_type=\"widget\" data-e-type=\"widget\" data-widget_type=\"text-editor.default\">\n\t\t\t\t\t\t\t\t\t<h3>A\u00fan se desconoce la causa exacta del s\u00edndrome de ovario poliqu\u00edstico, pero hay varios factores que pueden contribuir a \u00e9l:<\/h3><ul><li aria-level=\"1\"><strong>Resistencia a la insulina:<\/strong> Muchas personas con s\u00edndrome de ovario poliqu\u00edstico presentan resistencia a la insulina, lo que puede elevar los niveles de insulina y afectar a la producci\u00f3n hormonal y la ovulaci\u00f3n.<\/li><li aria-level=\"1\"><strong>Desequilibrio hormonal:<\/strong> Los niveles elevados de andr\u00f3genos pueden interferir en el desarrollo y la liberaci\u00f3n de \u00f3vulos.<\/li><li aria-level=\"1\"><strong>Gen\u00e9tica:<\/strong> El s\u00edndrome de ovario poliqu\u00edstico suele ser hereditario, lo que sugiere un componente hereditario.<\/li><\/ul><p>Los factores relacionados con el estilo de vida, como el peso y la salud metab\u00f3lica, pueden influir en los s\u00edntomas, pero el SOP es una afecci\u00f3n m\u00e9dica, no algo causado por la dieta o los h\u00e1bitos personales.<\/p>\t\t\t\t\t\t\t\t<\/div>\n\t\t\t\t<\/div>\n\t\t\t\t<\/div>\n\t\t<div class=\"elementor-element elementor-element-1b4761a3 e-con-full e-flex e-con e-child\" data-id=\"1b4761a3\" data-element_type=\"container\" data-e-type=\"container\" data-settings=\"{&quot;background_background&quot;:&quot;classic&quot;}\">\n\t\t<div class=\"elementor-element elementor-element-197fc065 e-con-full e-flex e-con e-child\" data-id=\"197fc065\" data-element_type=\"container\" data-e-type=\"container\">\n\t\t\t\t<div class=\"elementor-element elementor-element-3823f196 elementor-widget elementor-widget-heading\" data-id=\"3823f196\" data-element_type=\"widget\" data-e-type=\"widget\" data-widget_type=\"heading.default\">\n\t\t\t\t\t<h2 class=\"elementor-heading-title elementor-size-default\">C\u00f3mo afecta el SOP a la fertilidad<\/h2>\t\t\t\t<\/div>\n\t\t\t\t<\/div>\n\t\t<div class=\"elementor-element elementor-element-72e8a055 e-con-full e-flex e-con e-child\" data-id=\"72e8a055\" data-element_type=\"container\" data-e-type=\"container\">\n\t\t\t\t<div class=\"elementor-element elementor-element-7e3136f4 elementor-widget elementor-widget-text-editor\" data-id=\"7e3136f4\" data-element_type=\"widget\" data-e-type=\"widget\" data-widget_type=\"text-editor.default\">\n\t\t\t\t\t\t\t\t\t<p>La ovulaci\u00f3n es esencial para la concepci\u00f3n, y el s\u00edndrome de ovario poliqu\u00edstico es una de las principales causas de ovulaci\u00f3n irregular o ausente (anovulaci\u00f3n). Sin una ovulaci\u00f3n regular, puede haber menos oportunidades de concebir de forma natural.<\/p><h3>El s\u00edndrome de ovario poliqu\u00edstico tambi\u00e9n puede afectar:<\/h3><ul><li aria-level=\"1\">Desarrollo y calidad de los huevos<\/li><li aria-level=\"1\">Regularidad del ciclo menstrual<\/li><li aria-level=\"1\">Salud del endometrio (el revestimiento uterino donde se implanta el embri\u00f3n fecundado).<\/li><\/ul><p>A pesar de estas dificultades, la mayor\u00eda de las personas con SOP pueden concebir con el tratamiento y el apoyo adecuados.<\/p>\t\t\t\t\t\t\t\t<\/div>\n\t\t\t\t<\/div>\n\t\t\t\t<\/div>\n\t\t<div class=\"elementor-element elementor-element-2c06a202 e-con-full e-flex e-con e-child\" data-id=\"2c06a202\" data-element_type=\"container\" data-e-type=\"container\" data-settings=\"{&quot;background_background&quot;:&quot;classic&quot;}\">\n\t\t<div class=\"elementor-element elementor-element-5d4768e3 e-con-full e-flex e-con e-child\" data-id=\"5d4768e3\" data-element_type=\"container\" data-e-type=\"container\">\n\t\t\t\t<div class=\"elementor-element elementor-element-64fe9c83 elementor-widget elementor-widget-heading\" data-id=\"64fe9c83\" data-element_type=\"widget\" data-e-type=\"widget\" data-widget_type=\"heading.default\">\n\t\t\t\t\t<h2 class=\"elementor-heading-title elementor-size-default\">C\u00f3mo se diagnostica el SOP<\/h2>\t\t\t\t<\/div>\n\t\t\t\t<\/div>\n\t\t<div class=\"elementor-element elementor-element-1a040085 e-con-full e-flex e-con e-child\" data-id=\"1a040085\" data-element_type=\"container\" data-e-type=\"container\">\n\t\t\t\t<div class=\"elementor-element elementor-element-77d7eb5e elementor-widget elementor-widget-text-editor\" data-id=\"77d7eb5e\" data-element_type=\"widget\" data-e-type=\"widget\" data-widget_type=\"text-editor.default\">\n\t\t\t\t\t\t\t\t\t<h3>El diagn\u00f3stico se basa en una combinaci\u00f3n de s\u00edntomas, niveles hormonales e im\u00e1genes. Su especialista en fertilidad puede recomendarle:<\/h3><ul><li aria-level=\"1\">An\u00e1lisis de sangre para evaluar los niveles hormonales, incluidos los andr\u00f3genos y la insulina.<\/li><li aria-level=\"1\">Ecograf\u00eda p\u00e9lvica para evaluar el n\u00famero y el aspecto de los fol\u00edculos ov\u00e1ricos<\/li><li aria-level=\"1\">Discusi\u00f3n de s\u00edntomas, como periodos irregulares, crecimiento excesivo de vello, acn\u00e9 o cambios de peso.<\/li><li aria-level=\"1\">Pruebas para descartar otros problemas que pueden simular el s\u00edndrome de ovario poliqu\u00edstico<\/li><\/ul>\t\t\t\t\t\t\t\t<\/div>\n\t\t\t\t<\/div>\n\t\t\t\t<\/div>\n\t\t<div class=\"elementor-element elementor-element-50ecf461 e-con-full e-flex e-con e-child\" data-id=\"50ecf461\" data-element_type=\"container\" data-e-type=\"container\" data-settings=\"{&quot;background_background&quot;:&quot;classic&quot;}\">\n\t\t<div class=\"elementor-element elementor-element-62efc709 e-con-full e-flex e-con e-child\" data-id=\"62efc709\" data-element_type=\"container\" data-e-type=\"container\">\n\t\t\t\t<div class=\"elementor-element elementor-element-53719557 elementor-widget elementor-widget-heading\" data-id=\"53719557\" data-element_type=\"widget\" data-e-type=\"widget\" data-widget_type=\"heading.default\">\n\t\t\t\t\t<h2 class=\"elementor-heading-title elementor-size-default\">Opciones de tratamiento del SOP<\/h2>\t\t\t\t<\/div>\n\t\t\t\t<\/div>\n\t\t<div class=\"elementor-element elementor-element-5538568 e-con-full e-flex e-con e-child\" data-id=\"5538568\" data-element_type=\"container\" data-e-type=\"container\">\n\t\t\t\t<div class=\"elementor-element elementor-element-5c13e23b elementor-widget elementor-widget-text-editor\" data-id=\"5c13e23b\" data-element_type=\"widget\" data-e-type=\"widget\" data-widget_type=\"text-editor.default\">\n\t\t\t\t\t\t\t\t\t<h3>El tratamiento de la fertilidad para el SOP es personalizado y a menudo muy eficaz. Su equipo m\u00e9dico le recomendar\u00e1 opciones en funci\u00f3n de sus objetivos reproductivos, edad y respuesta a la medicaci\u00f3n. Estas opciones pueden incluir:<\/h3><ul><li aria-level=\"1\"><strong>Apoyo al estilo de vida:<\/strong> El asesoramiento nutricional y una actividad suave pueden ayudar a regular la insulina y las hormonas, especialmente cuando se combinan con el tratamiento m\u00e9dico.<\/li><li aria-level=\"1\"><strong>Inducci\u00f3n de la ovulaci\u00f3n:<\/strong> Medicamentos como el letrozol o el citrato de clomifeno estimulan la ovulaci\u00f3n en personas que no ovulan con regularidad.<\/li><li aria-level=\"1\"><strong>Inseminaci\u00f3n intrauterina (IIU):<\/strong> Puede recomendarse junto con la inducci\u00f3n de la ovulaci\u00f3n para aumentar las posibilidades de fecundaci\u00f3n.<\/li><li aria-level=\"1\"><strong>Fecundaci\u00f3n in vitro (FIV):<\/strong> Ofrece un mayor control sobre la ovulaci\u00f3n y el desarrollo embrionario y puede ser especialmente \u00fatil para quienes no responden a otros tratamientos.<\/li><\/ul><p>Con un diagn\u00f3stico precoz y una atenci\u00f3n personalizada, la mayor\u00eda de las pacientes con SOP pueden formar una familia. El equipo de IVF Florida trabajar\u00e1 estrechamente con usted para crear un plan que satisfaga sus necesidades, apoye su salud y priorice sus objetivos.<\/p>\t\t\t\t\t\t\t\t<\/div>\n\t\t\t\t<\/div>\n\t\t\t\t<\/div>\n\t\t\t\t<\/div>\n\t\t<div class=\"elementor-element elementor-element-70ecaeb7 e-con-full e-flex e-con e-child\" data-id=\"70ecaeb7\" data-element_type=\"container\" data-e-type=\"container\">\n\t\t<div class=\"elementor-element elementor-element-683c53fe e-con-full e-flex e-con e-child\" data-id=\"683c53fe\" data-element_type=\"container\" data-e-type=\"container\" data-settings=\"{&quot;background_background&quot;:&quot;classic&quot;}\">\n\t\t<div class=\"elementor-element elementor-element-1b3f1b89 e-con-full e-flex e-con e-child\" data-id=\"1b3f1b89\" data-element_type=\"container\" data-e-type=\"container\">\n\t\t\t\t<div class=\"elementor-element elementor-element-7661dc9c elementor-widget elementor-widget-text-editor\" data-id=\"7661dc9c\" data-element_type=\"widget\" data-e-type=\"widget\" data-widget_type=\"text-editor.default\">\n\t\t\t\t\t\t\t\t\t<p><span style=\"font-weight: 400;\">No hay palabras para expresar toda nuestra gratitud. Gracias por ayudarnos a hacer realidad nuestro sue\u00f1o de formar una familia.\u00a0<\/span><\/p>\t\t\t\t\t\t\t\t<\/div>\n\t\t\t\t<\/div>\n\t\t\t\t<\/div>\n\t\t<div class=\"elementor-element elementor-element-2987254e e-con-full interior-helpful-resources-column e-flex e-con e-child\" data-id=\"2987254e\" data-element_type=\"container\" data-e-type=\"container\" data-settings=\"{&quot;background_background&quot;:&quot;classic&quot;}\">\n\t\t\t\t<div class=\"elementor-element elementor-element-36f2d34e elementor-widget elementor-widget-heading\" data-id=\"36f2d34e\" data-element_type=\"widget\" data-e-type=\"widget\" data-widget_type=\"heading.default\">\n\t\t\t\t\t<h5 class=\"elementor-heading-title elementor-size-default\">Recursos \u00fatiles<\/h5>\t\t\t\t<\/div>\n\t\t\t\t<div class=\"elementor-element elementor-element-31b5bd55 elementor-widget elementor-widget-text-editor\" data-id=\"31b5bd55\" data-element_type=\"widget\" data-e-type=\"widget\" data-widget_type=\"text-editor.default\">\n\t\t\t\t\t\t\t\t\t<ul><li><a href=\"\/es\/comienza-tu-viaje\/causas-de-infertilidad\/infertilidad-femenina\/\">Infertilidad femenina\u00a0<\/a><\/li><li><a href=\"\/es\/comienza-tu-viaje\/cuando-acudir-a-un-especialista-en-fertilidad\/\">Cu\u00e1ndo acudir a un especialista en fertilidad<\/a><\/li><\/ul>\t\t\t\t\t\t\t\t<\/div>\n\t\t\t\t<\/div>\n\t\t\t\t<\/div>\n\t\t\t\t<\/div>\n\t\t\t\t\t<\/div>\n\t\t\t\t<\/div>\n\t\t\t\t<\/div>\n\t\t\t\t<\/div>","protected":false},"excerpt":{"rendered":"<p>S\u00edndrome de ovario poliqu\u00edstico (SOP) El s\u00edndrome de ovario poliqu\u00edstico (SOP) es una de las causas m\u00e1s comunes -aunque a menudo incomprendida- de infertilidad femenina. Se trata de un trastorno hormonal que puede afectar a la ovulaci\u00f3n, la regularidad menstrual y la calidad de los \u00f3vulos....<\/p>","protected":false},"author":2,"featured_media":0,"parent":463,"menu_order":0,"template":"","meta":{"_acf_changed":false,"footnotes":""},"class_list":["post-988","page","type-page","status-publish","hentry"],"acf":[],"aioseo_notices":[],"_links":{"self":[{"href":"https:\/\/ivfflorida.com\/es\/wp-json\/wp\/v2\/pages\/988","targetHints":{"allow":["GET"]}}],"collection":[{"href":"https:\/\/ivfflorida.com\/es\/wp-json\/wp\/v2\/pages"}],"about":[{"href":"https:\/\/ivfflorida.com\/es\/wp-json\/wp\/v2\/types\/page"}],"author":[{"embeddable":true,"href":"https:\/\/ivfflorida.com\/es\/wp-json\/wp\/v2\/users\/2"}],"replies":[{"embeddable":true,"href":"https:\/\/ivfflorida.com\/es\/wp-json\/wp\/v2\/comments?post=988"}],"version-history":[{"count":12,"href":"https:\/\/ivfflorida.com\/es\/wp-json\/wp\/v2\/pages\/988\/revisions"}],"predecessor-version":[{"id":2404,"href":"https:\/\/ivfflorida.com\/es\/wp-json\/wp\/v2\/pages\/988\/revisions\/2404"}],"up":[{"embeddable":true,"href":"https:\/\/ivfflorida.com\/es\/wp-json\/wp\/v2\/pages\/463"}],"wp:attachment":[{"href":"https:\/\/ivfflorida.com\/es\/wp-json\/wp\/v2\/media?parent=988"}],"curies":[{"name":"wp","href":"https:\/\/api.w.org\/{rel}","templated":true}]}}