{"id":993,"date":"2025-09-04T20:05:08","date_gmt":"2025-09-04T20:05:08","guid":{"rendered":"https:\/\/ivfflorida.com\/?page_id=993"},"modified":"2025-09-23T19:49:21","modified_gmt":"2025-09-23T19:49:21","slug":"endometriosis","status":"publish","type":"page","link":"https:\/\/ivfflorida.com\/es\/start-your-journey\/causes-of-infertility\/endometriosis\/","title":{"rendered":"Endometriosis"},"content":{"rendered":"<div data-elementor-type=\"wp-page\" data-elementor-id=\"993\" class=\"elementor elementor-993\" data-elementor-post-type=\"page\">\n\t\t\t\t<div class=\"elementor-element elementor-element-39d6634d e-flex e-con-boxed e-con e-parent\" data-id=\"39d6634d\" data-element_type=\"container\" data-e-type=\"container\" data-settings=\"{&quot;background_background&quot;:&quot;classic&quot;}\">\n\t\t\t\t\t<div class=\"e-con-inner\">\n\t\t<div class=\"elementor-element elementor-element-5da2a67a e-flex e-con-boxed e-con e-child\" data-id=\"5da2a67a\" data-element_type=\"container\" data-e-type=\"container\">\n\t\t\t\t\t<div class=\"e-con-inner\">\n\t\t<div class=\"elementor-element elementor-element-2824d3aa e-con-full e-flex e-con e-child\" data-id=\"2824d3aa\" data-element_type=\"container\" data-e-type=\"container\" data-settings=\"{&quot;background_background&quot;:&quot;classic&quot;}\">\n\t\t<div class=\"elementor-element elementor-element-57936957 e-con-full e-flex e-con e-child\" data-id=\"57936957\" data-element_type=\"container\" data-e-type=\"container\">\n\t\t\t\t<div class=\"elementor-element elementor-element-2d97a8a5 elementor-widget elementor-widget-heading\" data-id=\"2d97a8a5\" data-element_type=\"widget\" data-e-type=\"widget\" data-widget_type=\"heading.default\">\n\t\t\t\t\t<h1 class=\"elementor-heading-title elementor-size-default\">Endometriosis<\/h1>\t\t\t\t<\/div>\n\t\t\t\t<div class=\"elementor-element elementor-element-722208b4 elementor-widget elementor-widget-text-editor\" data-id=\"722208b4\" data-element_type=\"widget\" data-e-type=\"widget\" data-widget_type=\"text-editor.default\">\n\t\t\t\t\t\t\t\t\t<p>La endometriosis es una enfermedad reproductiva frecuente que puede afectar a la fertilidad al interferir en la ovulaci\u00f3n, la calidad de los \u00f3vulos y la implantaci\u00f3n. Se produce cuando un tejido similar al revestimiento del \u00fatero comienza a crecer fuera de \u00e9ste, con mayor frecuencia en los ovarios, las trompas de Falopio o el revestimiento p\u00e9lvico. Este tejido responde a los cambios hormonales igual que el revestimiento uterino, lo que puede causar inflamaci\u00f3n, cicatrices y molestias con el tiempo.<\/p><p>La endometriosis puede ser dif\u00edcil de diagnosticar y no siempre presenta s\u00edntomas evidentes, pero existe un tratamiento eficaz que incluye opciones de eficacia probada para ayudarle a formar una familia.<\/p>\t\t\t\t\t\t\t\t<\/div>\n\t\t\t\t<\/div>\n\t\t\t\t<\/div>\n\t\t\t\t\t<\/div>\n\t\t\t\t<\/div>\n\t\t\t\t\t<\/div>\n\t\t\t\t<\/div>\n\t\t<div class=\"elementor-element elementor-element-504c885 e-con-full e-flex e-con e-parent\" data-id=\"504c885\" data-element_type=\"container\" data-e-type=\"container\">\n\t\t<div class=\"elementor-element elementor-element-3c61427e e-flex e-con-boxed e-con e-child\" data-id=\"3c61427e\" data-element_type=\"container\" data-e-type=\"container\">\n\t\t\t\t\t<div class=\"e-con-inner\">\n\t\t<div class=\"elementor-element elementor-element-2ce13393 e-con-full e-flex e-con e-child\" data-id=\"2ce13393\" data-element_type=\"container\" data-e-type=\"container\">\n\t\t<div class=\"elementor-element elementor-element-6877659a e-con-full e-flex e-con e-child\" data-id=\"6877659a\" data-element_type=\"container\" data-e-type=\"container\">\n\t\t<div class=\"elementor-element elementor-element-7cca086f e-con-full e-flex e-con e-child\" data-id=\"7cca086f\" data-element_type=\"container\" data-e-type=\"container\">\n\t\t\t\t<div class=\"elementor-element elementor-element-44bcd1d8 elementor-widget elementor-widget-image\" data-id=\"44bcd1d8\" data-element_type=\"widget\" data-e-type=\"widget\" data-widget_type=\"image.default\">\n\t\t\t\t\t\t\t\t\t\t\t\t\t\t\t<img fetchpriority=\"high\" decoding=\"async\" width=\"939\" height=\"233\" src=\"https:\/\/ivfflorida.com\/wp-content\/uploads\/2025\/09\/father-son-pool.jpg\" class=\"attachment-full size-full wp-image-1207\" alt=\"\" srcset=\"https:\/\/ivfflorida.com\/wp-content\/uploads\/2025\/09\/father-son-pool.jpg 939w, https:\/\/ivfflorida.com\/wp-content\/uploads\/2025\/09\/father-son-pool-300x74.jpg 300w, https:\/\/ivfflorida.com\/wp-content\/uploads\/2025\/09\/father-son-pool-768x191.jpg 768w\" sizes=\"(max-width: 939px) 100vw, 939px\" \/>\t\t\t\t\t\t\t\t\t\t\t\t\t\t\t<\/div>\n\t\t\t\t<\/div>\n\t\t<div class=\"elementor-element elementor-element-2ab1d7c8 e-con-full e-flex e-con e-child\" data-id=\"2ab1d7c8\" data-element_type=\"container\" data-e-type=\"container\" data-settings=\"{&quot;background_background&quot;:&quot;classic&quot;}\">\n\t\t<div class=\"elementor-element elementor-element-4fcdd31d e-con-full e-flex e-con e-child\" data-id=\"4fcdd31d\" data-element_type=\"container\" data-e-type=\"container\">\n\t\t\t\t<div class=\"elementor-element elementor-element-6c17b02 elementor-widget elementor-widget-heading\" data-id=\"6c17b02\" data-element_type=\"widget\" data-e-type=\"widget\" data-widget_type=\"heading.default\">\n\t\t\t\t\t<h2 class=\"elementor-heading-title elementor-size-default\">\u00bfQu\u00e9 es la endometriosis?<\/h2>\t\t\t\t<\/div>\n\t\t\t\t<\/div>\n\t\t<div class=\"elementor-element elementor-element-3583e959 e-con-full e-flex e-con e-child\" data-id=\"3583e959\" data-element_type=\"container\" data-e-type=\"container\">\n\t\t\t\t<div class=\"elementor-element elementor-element-304e311f elementor-widget elementor-widget-text-editor\" data-id=\"304e311f\" data-element_type=\"widget\" data-e-type=\"widget\" data-widget_type=\"text-editor.default\">\n\t\t\t\t\t\t\t\t\t<p>El endometrio es el tejido que recubre el interior del \u00fatero y se engrosa cada mes como preparaci\u00f3n para un posible embarazo. En las personas con endometriosis, un tejido similar crece en otras partes del cuerpo, a menudo en zonas que no est\u00e1n dise\u00f1adas para desprenderse o regenerarse. Esto puede provocar inflamaci\u00f3n cr\u00f3nica, tejido cicatricial (adherencias) y, en algunos casos, da\u00f1os en los \u00f3rganos reproductores.<\/p><p>La endometriosis se clasifica en cuatro estadios -m\u00ednima, leve, moderada y grave- en funci\u00f3n de la cantidad de tejido presente y de su localizaci\u00f3n. Sin embargo, la gravedad de los s\u00edntomas no siempre coincide con el estadio de la enfermedad.<\/p>\t\t\t\t\t\t\t\t<\/div>\n\t\t\t\t<\/div>\n\t\t\t\t<\/div>\n\t\t<div class=\"elementor-element elementor-element-2a69adbb e-con-full e-flex e-con e-child\" data-id=\"2a69adbb\" data-element_type=\"container\" data-e-type=\"container\" data-settings=\"{&quot;background_background&quot;:&quot;classic&quot;}\">\n\t\t<div class=\"elementor-element elementor-element-2ad2eb43 e-con-full e-flex e-con e-child\" data-id=\"2ad2eb43\" data-element_type=\"container\" data-e-type=\"container\">\n\t\t\t\t<div class=\"elementor-element elementor-element-1be3ec5f elementor-widget elementor-widget-heading\" data-id=\"1be3ec5f\" data-element_type=\"widget\" data-e-type=\"widget\" data-widget_type=\"heading.default\">\n\t\t\t\t\t<h2 class=\"elementor-heading-title elementor-size-default\">\u00bfCu\u00e1les son las causas de la endometriosis?<\/h2>\t\t\t\t<\/div>\n\t\t\t\t<\/div>\n\t\t<div class=\"elementor-element elementor-element-c26b41 e-con-full e-flex e-con e-child\" data-id=\"c26b41\" data-element_type=\"container\" data-e-type=\"container\">\n\t\t\t\t<div class=\"elementor-element elementor-element-5d3ca939 elementor-widget elementor-widget-text-editor\" data-id=\"5d3ca939\" data-element_type=\"widget\" data-e-type=\"widget\" data-widget_type=\"text-editor.default\">\n\t\t\t\t\t\t\t\t\t<h3>La causa exacta de la endometriosis no se conoce del todo, pero existen varias teor\u00edas:<\/h3><ul><li aria-level=\"1\"><strong>Menstruaci\u00f3n retr\u00f3grada:<\/strong> Parte del tejido menstrual puede retroceder por las trompas de Falopio e implantarse en la cavidad p\u00e9lvica.<\/li><li aria-level=\"1\"><strong>Factores del sistema inmunitario:<\/strong> Una respuesta inmunitaria alterada puede permitir que el tejido crezca en lugares donde normalmente no lo har\u00eda.<\/li><li aria-level=\"1\"><strong>Gen\u00e9tica:<\/strong> La endometriosis puede ser hereditaria, lo que sugiere un v\u00ednculo gen\u00e9tico.<\/li><\/ul><p>La endometriosis no est\u00e1 causada por nada que una persona haya hecho o dejado de hacer, y aunque algunos factores de riesgo pueden aumentar las probabilidades de desarrollar la enfermedad, muchas de las personas diagnosticadas no tienen ning\u00fan factor de riesgo conocido.<\/p>\t\t\t\t\t\t\t\t<\/div>\n\t\t\t\t<\/div>\n\t\t\t\t<\/div>\n\t\t<div class=\"elementor-element elementor-element-7f01a22 e-con-full e-flex e-con e-child\" data-id=\"7f01a22\" data-element_type=\"container\" data-e-type=\"container\" data-settings=\"{&quot;background_background&quot;:&quot;classic&quot;}\">\n\t\t<div class=\"elementor-element elementor-element-2b65af26 e-con-full e-flex e-con e-child\" data-id=\"2b65af26\" data-element_type=\"container\" data-e-type=\"container\">\n\t\t\t\t<div class=\"elementor-element elementor-element-569e68f5 elementor-widget elementor-widget-heading\" data-id=\"569e68f5\" data-element_type=\"widget\" data-e-type=\"widget\" data-widget_type=\"heading.default\">\n\t\t\t\t\t<h2 class=\"elementor-heading-title elementor-size-default\">C\u00f3mo afecta la endometriosis a la fertilidad<\/h2>\t\t\t\t<\/div>\n\t\t\t\t<\/div>\n\t\t<div class=\"elementor-element elementor-element-6d81d76d e-con-full e-flex e-con e-child\" data-id=\"6d81d76d\" data-element_type=\"container\" data-e-type=\"container\">\n\t\t\t\t<div class=\"elementor-element elementor-element-159c9030 elementor-widget elementor-widget-text-editor\" data-id=\"159c9030\" data-element_type=\"widget\" data-e-type=\"widget\" data-widget_type=\"text-editor.default\">\n\t\t\t\t\t\t\t\t\t<h3>La endometriosis puede afectar a la fertilidad de varias maneras:<\/h3><ul><li aria-level=\"1\">La inflamaci\u00f3n y las cicatrices pueden interferir en la calidad de los \u00f3vulos, la ovulaci\u00f3n y la implantaci\u00f3n del embri\u00f3n.<\/li><li aria-level=\"1\">La obstrucci\u00f3n de las trompas de Falopio puede impedir el encuentro entre el \u00f3vulo y el espermatozoide.<\/li><li aria-level=\"1\">Los quistes ov\u00e1ricos (endometriomas) pueden da\u00f1ar el tejido ov\u00e1rico sano.<\/li><li aria-level=\"1\">Las adherencias p\u00e9lvicas pueden alterar la posici\u00f3n de los \u00f3rganos reproductores, dificultando la fecundaci\u00f3n.<\/li><\/ul><p>No todas las personas con endometriosis sufren infertilidad, pero para las que s\u00ed la padecen existe un tratamiento que suele ser eficaz.<\/p>\t\t\t\t\t\t\t\t<\/div>\n\t\t\t\t<\/div>\n\t\t\t\t<\/div>\n\t\t<div class=\"elementor-element elementor-element-cb79a8c e-con-full e-flex e-con e-child\" data-id=\"cb79a8c\" data-element_type=\"container\" data-e-type=\"container\" data-settings=\"{&quot;background_background&quot;:&quot;classic&quot;}\">\n\t\t<div class=\"elementor-element elementor-element-5a809c6 e-con-full e-flex e-con e-child\" data-id=\"5a809c6\" data-element_type=\"container\" data-e-type=\"container\">\n\t\t\t\t<div class=\"elementor-element elementor-element-d953968 elementor-widget elementor-widget-heading\" data-id=\"d953968\" data-element_type=\"widget\" data-e-type=\"widget\" data-widget_type=\"heading.default\">\n\t\t\t\t\t<h2 class=\"elementor-heading-title elementor-size-default\">C\u00f3mo se diagnostica la endometriosis<\/h2>\t\t\t\t<\/div>\n\t\t\t\t<\/div>\n\t\t<div class=\"elementor-element elementor-element-9df20b2 e-con-full e-flex e-con e-child\" data-id=\"9df20b2\" data-element_type=\"container\" data-e-type=\"container\">\n\t\t\t\t<div class=\"elementor-element elementor-element-abffcdd elementor-widget elementor-widget-text-editor\" data-id=\"abffcdd\" data-element_type=\"widget\" data-e-type=\"widget\" data-widget_type=\"text-editor.default\">\n\t\t\t\t\t\t\t\t\t<h3>Dado que los s\u00edntomas pueden ser vagos o confundirse con otras afecciones, a veces se retrasa el diagn\u00f3stico. Un especialista en fertilidad puede recomendar:<\/h3><ul><li aria-level=\"1\">Im\u00e1genes p\u00e9lvicas (como ecograf\u00eda o resonancia magn\u00e9tica) para buscar quistes o tejido anormal.<\/li><li aria-level=\"1\">Evaluaci\u00f3n de los s\u00edntomas menstruales, como dolor, sangrado abundante o ciclos irregulares.<\/li><li aria-level=\"1\">Cirug\u00eda m\u00ednimamente invasiva (laparoscopia) para confirmar la presencia y extensi\u00f3n del tejido endometrial.<\/li><\/ul><p>Un diagn\u00f3stico de endometriosis no significa autom\u00e1ticamente que vaya a necesitar cirug\u00eda, pero en algunos casos, un procedimiento laparosc\u00f3pico puede tanto diagnosticar como tratar la afecci\u00f3n.<\/p>\t\t\t\t\t\t\t\t<\/div>\n\t\t\t\t<\/div>\n\t\t\t\t<\/div>\n\t\t<div class=\"elementor-element elementor-element-59a608c e-con-full e-flex e-con e-child\" data-id=\"59a608c\" data-element_type=\"container\" data-e-type=\"container\" data-settings=\"{&quot;background_background&quot;:&quot;classic&quot;}\">\n\t\t<div class=\"elementor-element elementor-element-da286da e-con-full e-flex e-con e-child\" data-id=\"da286da\" data-element_type=\"container\" data-e-type=\"container\">\n\t\t\t\t<div class=\"elementor-element elementor-element-a6fd0d3 elementor-widget elementor-widget-heading\" data-id=\"a6fd0d3\" data-element_type=\"widget\" data-e-type=\"widget\" data-widget_type=\"heading.default\">\n\t\t\t\t\t<h2 class=\"elementor-heading-title elementor-size-default\">Opciones de tratamiento de la endometriosis<\/h2>\t\t\t\t<\/div>\n\t\t\t\t<\/div>\n\t\t<div class=\"elementor-element elementor-element-192cbdb e-con-full e-flex e-con e-child\" data-id=\"192cbdb\" data-element_type=\"container\" data-e-type=\"container\">\n\t\t\t\t<div class=\"elementor-element elementor-element-f0aafa9 elementor-widget elementor-widget-text-editor\" data-id=\"f0aafa9\" data-element_type=\"widget\" data-e-type=\"widget\" data-widget_type=\"text-editor.default\">\n\t\t\t\t\t\t\t\t\t<h3>El tratamiento de la fertilidad para pacientes con endometriosis depende de sus s\u00edntomas, estadio de la enfermedad, edad y objetivos reproductivos. Las opciones pueden incluir:<\/h3><ul><li aria-level=\"1\">Inducci\u00f3n de la ovulaci\u00f3n e IIU: Pueden ayudar si la endometriosis es leve y las trompas de Falopio est\u00e1n abiertas.<\/li><li aria-level=\"1\">Cirug\u00eda laparosc\u00f3pica: La extirpaci\u00f3n de tejido endometrial o quistes puede mejorar las posibilidades de concepci\u00f3n en algunas pacientes.<\/li><li aria-level=\"1\">Fecundaci\u00f3n in vitro (FIV): Suele recomendarse en casos de endometriosis de moderada a grave o para quienes no han tenido \u00e9xito con otros tratamientos. La FIV evita las trompas de Falopio y permite una cuidadosa selecci\u00f3n y transferencia de embriones.<\/li><\/ul><p>Algunos pacientes optan por preservar la fertilidad pronto, antes de que progresen los s\u00edntomas. Otros exploran el tratamiento despu\u00e9s de a\u00f1os de infertilidad inexplicable. No importa d\u00f3nde se encuentre en su viaje, IVF Florida est\u00e1 aqu\u00ed para proporcionar claridad, orientaci\u00f3n y atenci\u00f3n compasiva.<\/p>\t\t\t\t\t\t\t\t<\/div>\n\t\t\t\t<\/div>\n\t\t\t\t<\/div>\n\t\t\t\t<\/div>\n\t\t<div class=\"elementor-element elementor-element-4b5c3395 e-con-full e-flex e-con e-child\" data-id=\"4b5c3395\" data-element_type=\"container\" data-e-type=\"container\">\n\t\t<div class=\"elementor-element elementor-element-377d4e76 e-con-full e-flex e-con e-child\" data-id=\"377d4e76\" data-element_type=\"container\" data-e-type=\"container\" data-settings=\"{&quot;background_background&quot;:&quot;classic&quot;}\">\n\t\t<div class=\"elementor-element elementor-element-3c781303 e-con-full e-flex e-con e-child\" data-id=\"3c781303\" data-element_type=\"container\" data-e-type=\"container\">\n\t\t\t\t<div class=\"elementor-element elementor-element-492302b elementor-widget elementor-widget-text-editor\" data-id=\"492302b\" data-element_type=\"widget\" data-e-type=\"widget\" data-widget_type=\"text-editor.default\">\n\t\t\t\t\t\t\t\t\t<p>Sin vosotros, me habr\u00eda sido imposible ser madre. Gracias a todo el equipo de la cl\u00ednica, y en especial al Dr. Luis Hoyos, por este hermoso regalo que me han ayudado a conseguir. Me siento muy feliz y bendecida por todo lo que han hecho por m\u00ed y por mi peque\u00f1a familia.<\/p>\t\t\t\t\t\t\t\t<\/div>\n\t\t\t\t<\/div>\n\t\t\t\t<\/div>\n\t\t<div class=\"elementor-element elementor-element-6e10796e e-con-full interior-helpful-resources-column e-flex e-con e-child\" data-id=\"6e10796e\" data-element_type=\"container\" data-e-type=\"container\" data-settings=\"{&quot;background_background&quot;:&quot;classic&quot;}\">\n\t\t\t\t<div class=\"elementor-element elementor-element-50acd34b elementor-widget elementor-widget-heading\" data-id=\"50acd34b\" data-element_type=\"widget\" data-e-type=\"widget\" data-widget_type=\"heading.default\">\n\t\t\t\t\t<h5 class=\"elementor-heading-title elementor-size-default\">Recursos \u00fatiles<\/h5>\t\t\t\t<\/div>\n\t\t\t\t<div class=\"elementor-element elementor-element-1d54c968 elementor-widget elementor-widget-text-editor\" data-id=\"1d54c968\" data-element_type=\"widget\" data-e-type=\"widget\" data-widget_type=\"text-editor.default\">\n\t\t\t\t\t\t\t\t\t<ul><li><a href=\"\/es\/comienza-tu-viaje\/cuando-acudir-a-un-especialista-en-fertilidad\/\">Cu\u00e1ndo acudir a un especialista en fertilidad\u00a0<\/a><\/li><li><a href=\"\/es\/tratamientos\/fecundacion-in-vitro\/\">Fecundaci\u00f3n in vitro (FIV)<\/a>\u00a0\u00a0<\/li><li><a href=\"\/es\/tratamientos\/inseminacion-intrauterina\/\">Inseminaci\u00f3n intrauterina (IIU)<\/a><\/li><\/ul>\t\t\t\t\t\t\t\t<\/div>\n\t\t\t\t<\/div>\n\t\t\t\t<\/div>\n\t\t\t\t<\/div>\n\t\t\t\t\t<\/div>\n\t\t\t\t<\/div>\n\t\t\t\t<\/div>\n\t\t\t\t<\/div>","protected":false},"excerpt":{"rendered":"<p>Endometriosis La endometriosis es un trastorno com\u00fan de la salud reproductiva que puede afectar a la fertilidad al interferir en la ovulaci\u00f3n, la calidad del \u00f3vulo y la implantaci\u00f3n. Se produce cuando un tejido similar al revestimiento del \u00fatero comienza a crecer fuera del \u00fatero, a menudo en los ovarios, las trompas de Falopio o el revestimiento p\u00e9lvico....<\/p>","protected":false},"author":2,"featured_media":0,"parent":463,"menu_order":0,"template":"","meta":{"_acf_changed":false,"footnotes":""},"class_list":["post-993","page","type-page","status-publish","hentry"],"acf":[],"aioseo_notices":[],"_links":{"self":[{"href":"https:\/\/ivfflorida.com\/es\/wp-json\/wp\/v2\/pages\/993","targetHints":{"allow":["GET"]}}],"collection":[{"href":"https:\/\/ivfflorida.com\/es\/wp-json\/wp\/v2\/pages"}],"about":[{"href":"https:\/\/ivfflorida.com\/es\/wp-json\/wp\/v2\/types\/page"}],"author":[{"embeddable":true,"href":"https:\/\/ivfflorida.com\/es\/wp-json\/wp\/v2\/users\/2"}],"replies":[{"embeddable":true,"href":"https:\/\/ivfflorida.com\/es\/wp-json\/wp\/v2\/comments?post=993"}],"version-history":[{"count":9,"href":"https:\/\/ivfflorida.com\/es\/wp-json\/wp\/v2\/pages\/993\/revisions"}],"predecessor-version":[{"id":2389,"href":"https:\/\/ivfflorida.com\/es\/wp-json\/wp\/v2\/pages\/993\/revisions\/2389"}],"up":[{"embeddable":true,"href":"https:\/\/ivfflorida.com\/es\/wp-json\/wp\/v2\/pages\/463"}],"wp:attachment":[{"href":"https:\/\/ivfflorida.com\/es\/wp-json\/wp\/v2\/media?parent=993"}],"curies":[{"name":"wp","href":"https:\/\/api.w.org\/{rel}","templated":true}]}}