{"id":995,"date":"2025-09-04T20:32:05","date_gmt":"2025-09-04T20:32:05","guid":{"rendered":"https:\/\/ivfflorida.com\/?page_id=995"},"modified":"2025-09-23T19:58:04","modified_gmt":"2025-09-23T19:58:04","slug":"anomalias-uterinas","status":"publish","type":"page","link":"https:\/\/ivfflorida.com\/es\/start-your-journey\/causes-of-infertility\/uterine-abnormalities\/","title":{"rendered":"Anomal\u00edas uterinas"},"content":{"rendered":"<div data-elementor-type=\"wp-page\" data-elementor-id=\"995\" class=\"elementor elementor-995\" data-elementor-post-type=\"page\">\n\t\t\t\t<div class=\"elementor-element elementor-element-10c69941 e-flex e-con-boxed e-con e-parent\" data-id=\"10c69941\" data-element_type=\"container\" data-e-type=\"container\" data-settings=\"{&quot;background_background&quot;:&quot;classic&quot;}\">\n\t\t\t\t\t<div class=\"e-con-inner\">\n\t\t<div class=\"elementor-element elementor-element-389b0518 e-flex e-con-boxed e-con e-child\" data-id=\"389b0518\" data-element_type=\"container\" data-e-type=\"container\">\n\t\t\t\t\t<div class=\"e-con-inner\">\n\t\t<div class=\"elementor-element elementor-element-40e28373 e-con-full e-flex e-con e-child\" data-id=\"40e28373\" data-element_type=\"container\" data-e-type=\"container\" data-settings=\"{&quot;background_background&quot;:&quot;classic&quot;}\">\n\t\t<div class=\"elementor-element elementor-element-b48b70a e-con-full e-flex e-con e-child\" data-id=\"b48b70a\" data-element_type=\"container\" data-e-type=\"container\">\n\t\t\t\t<div class=\"elementor-element elementor-element-2556287a elementor-widget elementor-widget-heading\" data-id=\"2556287a\" data-element_type=\"widget\" data-e-type=\"widget\" data-widget_type=\"heading.default\">\n\t\t\t\t\t<h1 class=\"elementor-heading-title elementor-size-default\">Anomal\u00edas uterinas<\/h1>\t\t\t\t<\/div>\n\t\t\t\t<div class=\"elementor-element elementor-element-60267a9d elementor-widget elementor-widget-text-editor\" data-id=\"60267a9d\" data-element_type=\"widget\" data-e-type=\"widget\" data-widget_type=\"text-editor.default\">\n\t\t\t\t\t\t\t\t\t<p>La forma y la estructura del \u00fatero desempe\u00f1an un papel importante en la fertilidad y el embarazo. Las anomal\u00edas uterinas se refieren a afecciones cong\u00e9nitas o adquiridas que afectan a la anatom\u00eda del \u00fatero. Algunas de estas diferencias estructurales pueden interferir en la implantaci\u00f3n, aumentar el riesgo de aborto o dificultar que el embarazo llegue a t\u00e9rmino.<\/p><p>Muchas anomal\u00edas uterinas son tratables y, una vez identificadas, su equipo m\u00e9dico puede recomendarle el mejor camino a seguir en funci\u00f3n de su diagn\u00f3stico y de sus objetivos de formar una familia.<\/p>\t\t\t\t\t\t\t\t<\/div>\n\t\t\t\t<\/div>\n\t\t\t\t<\/div>\n\t\t\t\t\t<\/div>\n\t\t\t\t<\/div>\n\t\t\t\t\t<\/div>\n\t\t\t\t<\/div>\n\t\t<div class=\"elementor-element elementor-element-770c2b6c e-con-full e-flex e-con e-parent\" data-id=\"770c2b6c\" data-element_type=\"container\" data-e-type=\"container\">\n\t\t<div class=\"elementor-element elementor-element-2cc1a8ab e-flex e-con-boxed e-con e-child\" data-id=\"2cc1a8ab\" data-element_type=\"container\" data-e-type=\"container\">\n\t\t\t\t\t<div class=\"e-con-inner\">\n\t\t<div class=\"elementor-element elementor-element-70a244ca e-con-full e-flex e-con e-child\" data-id=\"70a244ca\" data-element_type=\"container\" data-e-type=\"container\">\n\t\t<div class=\"elementor-element elementor-element-2572695f e-con-full e-flex e-con e-child\" data-id=\"2572695f\" data-element_type=\"container\" data-e-type=\"container\">\n\t\t<div class=\"elementor-element elementor-element-366a2e2b e-con-full e-flex e-con e-child\" data-id=\"366a2e2b\" data-element_type=\"container\" data-e-type=\"container\">\n\t\t\t\t<div class=\"elementor-element elementor-element-49a91b7e elementor-widget elementor-widget-image\" data-id=\"49a91b7e\" data-element_type=\"widget\" data-e-type=\"widget\" data-widget_type=\"image.default\">\n\t\t\t\t\t\t\t\t\t\t\t\t\t\t\t<img fetchpriority=\"high\" decoding=\"async\" width=\"939\" height=\"233\" src=\"https:\/\/ivfflorida.com\/wp-content\/uploads\/2025\/09\/family-sunset-marquee.jpg\" class=\"attachment-full size-full wp-image-1205\" alt=\"\" srcset=\"https:\/\/ivfflorida.com\/wp-content\/uploads\/2025\/09\/family-sunset-marquee.jpg 939w, https:\/\/ivfflorida.com\/wp-content\/uploads\/2025\/09\/family-sunset-marquee-300x74.jpg 300w, https:\/\/ivfflorida.com\/wp-content\/uploads\/2025\/09\/family-sunset-marquee-768x191.jpg 768w\" sizes=\"(max-width: 939px) 100vw, 939px\" title=\"family-sunset-marquee - IVF Florida\" \/>\t\t\t\t\t\t\t\t\t\t\t\t\t\t\t<\/div>\n\t\t\t\t<\/div>\n\t\t<div class=\"elementor-element elementor-element-74ffb0d1 e-con-full e-flex e-con e-child\" data-id=\"74ffb0d1\" data-element_type=\"container\" data-e-type=\"container\" data-settings=\"{&quot;background_background&quot;:&quot;classic&quot;}\">\n\t\t<div class=\"elementor-element elementor-element-301196 e-con-full e-flex e-con e-child\" data-id=\"301196\" data-element_type=\"container\" data-e-type=\"container\">\n\t\t\t\t<div class=\"elementor-element elementor-element-75ec91dd elementor-widget elementor-widget-heading\" data-id=\"75ec91dd\" data-element_type=\"widget\" data-e-type=\"widget\" data-widget_type=\"heading.default\">\n\t\t\t\t\t<h2 class=\"elementor-heading-title elementor-size-default\">\u00bfQu\u00e9 son las anomal\u00edas uterinas?<\/h2>\t\t\t\t<\/div>\n\t\t\t\t<\/div>\n\t\t<div class=\"elementor-element elementor-element-3365cfc5 e-con-full e-flex e-con e-child\" data-id=\"3365cfc5\" data-element_type=\"container\" data-e-type=\"container\">\n\t\t\t\t<div class=\"elementor-element elementor-element-fb859a5 elementor-widget elementor-widget-text-editor\" data-id=\"fb859a5\" data-element_type=\"widget\" data-e-type=\"widget\" data-widget_type=\"text-editor.default\">\n\t\t\t\t\t\t\t\t\t<h3>Las anomal\u00edas uterinas se dividen en dos categor\u00edas principales:<\/h3><ul><li aria-level=\"1\">Anomal\u00edas cong\u00e9nitas: Est\u00e1n presentes desde el nacimiento y son el resultado de un desarrollo diferente del \u00fatero en el vientre materno. Algunos ejemplos son:<ul><li aria-level=\"2\">\u00datero tabicado: Una banda de tejido divide el \u00fatero, parcial o totalmente.<\/li><li aria-level=\"2\">\u00datero bicorne: El \u00fatero tiene dos cuernos, con forma de coraz\u00f3n<\/li><li aria-level=\"2\">\u00datero unicorne: \u00datero unilateral con una sola trompa de Falopio.<\/li><li aria-level=\"2\">\u00datero did\u00e9lfico: Dos cavidades uterinas separadas y a menudo dos c\u00e9rvix.<\/li><li aria-level=\"2\">S\u00edndrome de MRKH: Enfermedad en la que el \u00fatero y el canal vaginal superior est\u00e1n poco desarrollados o ausentes, a pesar de que la funci\u00f3n ov\u00e1rica y la anatom\u00eda externa son normales.<\/li><\/ul><\/li><li aria-level=\"1\">Anomal\u00edas adquiridas: Se desarrollan m\u00e1s tarde en la vida y pueden incluir:<ul><li aria-level=\"2\">Adherencias intrauterinas (s\u00edndrome de Asherman): Tejido cicatricial en el interior del \u00fatero, a menudo causado por una intervenci\u00f3n quir\u00fargica previa o una infecci\u00f3n.<\/li><li aria-level=\"2\">Fibromas o p\u00f3lipos que distorsionan la cavidad uterina<\/li><\/ul><\/li><\/ul><p>Algunas personas pueden no presentar ning\u00fan s\u00edntoma, mientras que otras experimentan hemorragias irregulares, dolor p\u00e9lvico o p\u00e9rdidas repetidas del embarazo.<\/p>\t\t\t\t\t\t\t\t<\/div>\n\t\t\t\t<\/div>\n\t\t\t\t<\/div>\n\t\t<div class=\"elementor-element elementor-element-1d73f64e e-con-full e-flex e-con e-child\" data-id=\"1d73f64e\" data-element_type=\"container\" data-e-type=\"container\" data-settings=\"{&quot;background_background&quot;:&quot;classic&quot;}\">\n\t\t<div class=\"elementor-element elementor-element-31929377 e-con-full e-flex e-con e-child\" data-id=\"31929377\" data-element_type=\"container\" data-e-type=\"container\">\n\t\t\t\t<div class=\"elementor-element elementor-element-255a638 elementor-widget elementor-widget-heading\" data-id=\"255a638\" data-element_type=\"widget\" data-e-type=\"widget\" data-widget_type=\"heading.default\">\n\t\t\t\t\t<h2 class=\"elementor-heading-title elementor-size-default\">\u00bfCu\u00e1les son las causas de las anomal\u00edas uterinas?<\/h2>\t\t\t\t<\/div>\n\t\t\t\t<\/div>\n\t\t<div class=\"elementor-element elementor-element-571013f7 e-con-full e-flex e-con e-child\" data-id=\"571013f7\" data-element_type=\"container\" data-e-type=\"container\">\n\t\t\t\t<div class=\"elementor-element elementor-element-37a76873 elementor-widget elementor-widget-text-editor\" data-id=\"37a76873\" data-element_type=\"widget\" data-e-type=\"widget\" data-widget_type=\"text-editor.default\">\n\t\t\t\t\t\t\t\t\t<p>Las anomal\u00edas cong\u00e9nitas son el resultado de diferencias en la formaci\u00f3n del \u00fatero durante el desarrollo fetal. Estos cambios no se pueden prevenir ni est\u00e1n causados por nada durante la edad adulta.<\/p><h3>Las anomal\u00edas adquiridas pueden estar relacionadas con:<\/h3><ul><li aria-level=\"1\">Cirug\u00eda uterina (como el legrado o la extirpaci\u00f3n de fibromas)<\/li><li aria-level=\"1\">Infecci\u00f3n p\u00e9lvica<\/li><li aria-level=\"1\">Afecciones hormonales que favorecen el crecimiento de fibromas o p\u00f3lipos<\/li><\/ul><p>La mayor\u00eda de las diferencias estructurales pasan desapercibidas hasta que se realizan pruebas de imagen o de fertilidad.<\/p>\t\t\t\t\t\t\t\t<\/div>\n\t\t\t\t<\/div>\n\t\t\t\t<\/div>\n\t\t<div class=\"elementor-element elementor-element-6edcd78 e-con-full e-flex e-con e-child\" data-id=\"6edcd78\" data-element_type=\"container\" data-e-type=\"container\" data-settings=\"{&quot;background_background&quot;:&quot;classic&quot;}\">\n\t\t<div class=\"elementor-element elementor-element-310aafef e-con-full e-flex e-con e-child\" data-id=\"310aafef\" data-element_type=\"container\" data-e-type=\"container\">\n\t\t\t\t<div class=\"elementor-element elementor-element-bda4a6c elementor-widget elementor-widget-heading\" data-id=\"bda4a6c\" data-element_type=\"widget\" data-e-type=\"widget\" data-widget_type=\"heading.default\">\n\t\t\t\t\t<h2 class=\"elementor-heading-title elementor-size-default\">C\u00f3mo afectan las anomal\u00edas uterinas a la fertilidad<\/h2>\t\t\t\t<\/div>\n\t\t\t\t<\/div>\n\t\t<div class=\"elementor-element elementor-element-f9c98d6 e-con-full e-flex e-con e-child\" data-id=\"f9c98d6\" data-element_type=\"container\" data-e-type=\"container\">\n\t\t\t\t<div class=\"elementor-element elementor-element-5555c9f5 elementor-widget elementor-widget-text-editor\" data-id=\"5555c9f5\" data-element_type=\"widget\" data-e-type=\"widget\" data-widget_type=\"text-editor.default\">\n\t\t\t\t\t\t\t\t\t<h3>El impacto sobre la fertilidad depende del tipo y la gravedad de la anomal\u00eda. Los problemas m\u00e1s comunes son:<\/h3><ul><li aria-level=\"1\">Alteraci\u00f3n de la cavidad uterina que dificulta la implantaci\u00f3n del embri\u00f3n.<\/li><li aria-level=\"1\">Mayor riesgo de aborto espont\u00e1neo, especialmente con paredes uterinas septadas o cicatrizadas.<\/li><li aria-level=\"1\">Deterioro del flujo sangu\u00edneo que afecta al revestimiento uterino y al desarrollo del embri\u00f3n.<\/li><li aria-level=\"1\">Contracciones uterinas anormales, que pueden interferir en las primeras etapas del embarazo.<\/li><\/ul><p>No todas las anomal\u00edas requieren tratamiento, pero para las que s\u00ed, las opciones suelen ser eficaces.<\/p>\t\t\t\t\t\t\t\t<\/div>\n\t\t\t\t<\/div>\n\t\t\t\t<\/div>\n\t\t<div class=\"elementor-element elementor-element-7c77f722 e-con-full e-flex e-con e-child\" data-id=\"7c77f722\" data-element_type=\"container\" data-e-type=\"container\" data-settings=\"{&quot;background_background&quot;:&quot;classic&quot;}\">\n\t\t<div class=\"elementor-element elementor-element-6d4ab743 e-con-full e-flex e-con e-child\" data-id=\"6d4ab743\" data-element_type=\"container\" data-e-type=\"container\">\n\t\t\t\t<div class=\"elementor-element elementor-element-63123cfd elementor-widget elementor-widget-heading\" data-id=\"63123cfd\" data-element_type=\"widget\" data-e-type=\"widget\" data-widget_type=\"heading.default\">\n\t\t\t\t\t<h2 class=\"elementor-heading-title elementor-size-default\">C\u00f3mo se diagnostican las anomal\u00edas uterinas<\/h2>\t\t\t\t<\/div>\n\t\t\t\t<\/div>\n\t\t<div class=\"elementor-element elementor-element-5a9db347 e-con-full e-flex e-con e-child\" data-id=\"5a9db347\" data-element_type=\"container\" data-e-type=\"container\">\n\t\t\t\t<div class=\"elementor-element elementor-element-8096508 elementor-widget elementor-widget-text-editor\" data-id=\"8096508\" data-element_type=\"widget\" data-e-type=\"widget\" data-widget_type=\"text-editor.default\">\n\t\t\t\t\t\t\t\t\t<h3>Los especialistas en fertilidad utilizan t\u00e9cnicas de imagen avanzadas para evaluar la forma y el estado del \u00fatero. Entre las herramientas de diagn\u00f3stico habituales se incluyen:<\/h3><ul><li aria-level=\"1\">Ecohisterograf\u00eda salina (SIS): Ecograf\u00eda con infusi\u00f3n salina para evaluar la cavidad uterina.<\/li><li aria-level=\"1\">Histerosalpingograf\u00eda (HSG): Radiograf\u00eda que utiliza un medio de contraste para visualizar el \u00fatero y las trompas de Falopio.<\/li><li aria-level=\"1\">RESONANCIA MAGN\u00c9TICA: Se utiliza en casos complejos para una evaluaci\u00f3n estructural detallada<\/li><li aria-level=\"1\">Histeroscopia: Procedimiento m\u00ednimamente invasivo que permite la visualizaci\u00f3n directa de la cavidad uterina.<\/li><\/ul><p>Un diagn\u00f3stico preciso ayuda a determinar si una anomal\u00eda est\u00e1 afectando a la fertilidad y si se recomienda un tratamiento.<\/p>\t\t\t\t\t\t\t\t<\/div>\n\t\t\t\t<\/div>\n\t\t\t\t<\/div>\n\t\t<div class=\"elementor-element elementor-element-4c7e168d e-con-full e-flex e-con e-child\" data-id=\"4c7e168d\" data-element_type=\"container\" data-e-type=\"container\" data-settings=\"{&quot;background_background&quot;:&quot;classic&quot;}\">\n\t\t<div class=\"elementor-element elementor-element-74ce74f9 e-con-full e-flex e-con e-child\" data-id=\"74ce74f9\" data-element_type=\"container\" data-e-type=\"container\">\n\t\t\t\t<div class=\"elementor-element elementor-element-2752045a elementor-widget elementor-widget-heading\" data-id=\"2752045a\" data-element_type=\"widget\" data-e-type=\"widget\" data-widget_type=\"heading.default\">\n\t\t\t\t\t<h2 class=\"elementor-heading-title elementor-size-default\">Opciones de tratamiento de las anomal\u00edas uterinas<\/h2>\t\t\t\t<\/div>\n\t\t\t\t<\/div>\n\t\t<div class=\"elementor-element elementor-element-187c55e6 e-con-full e-flex e-con e-child\" data-id=\"187c55e6\" data-element_type=\"container\" data-e-type=\"container\">\n\t\t\t\t<div class=\"elementor-element elementor-element-3de067cc elementor-widget elementor-widget-text-editor\" data-id=\"3de067cc\" data-element_type=\"widget\" data-e-type=\"widget\" data-widget_type=\"text-editor.default\">\n\t\t\t\t\t\t\t\t\t<h3>El tratamiento depende de su diagn\u00f3stico, s\u00edntomas y objetivos reproductivos. Las opciones pueden incluir:<\/h3><ul><li aria-level=\"1\">Cirug\u00eda histerosc\u00f3pica: Extirpaci\u00f3n m\u00ednimamente invasiva del tabique uterino, adherencias, p\u00f3lipos o miomas submucosos.<\/li><li aria-level=\"1\">Cirug\u00eda laparosc\u00f3pica o rob\u00f3tica: Se utiliza para afecciones cong\u00e9nitas m\u00e1s complejas<\/li><li aria-level=\"1\">FIV: puede utilizarse para evitar barreras anat\u00f3micas o mejorar el \u00e9xito tras una correcci\u00f3n quir\u00fargica.<\/li><li aria-level=\"1\">Portadora gestacional: Recomendada en casos en los que gestar no es posible o no est\u00e1 m\u00e9dicamente aconsejado, como en el s\u00edndrome de MRKH.<\/li><\/ul><p>Su equipo de FIV Florida crear\u00e1 un plan personalizado basado en su anatom\u00eda, objetivos y calendario de fertilidad.\u00a0<\/p>\t\t\t\t\t\t\t\t<\/div>\n\t\t\t\t<\/div>\n\t\t\t\t<\/div>\n\t\t\t\t<\/div>\n\t\t<div class=\"elementor-element elementor-element-7b46539c e-con-full e-flex e-con e-child\" data-id=\"7b46539c\" data-element_type=\"container\" data-e-type=\"container\">\n\t\t<div class=\"elementor-element elementor-element-749125c9 e-con-full e-flex e-con e-child\" data-id=\"749125c9\" data-element_type=\"container\" data-e-type=\"container\" data-settings=\"{&quot;background_background&quot;:&quot;classic&quot;}\">\n\t\t<div class=\"elementor-element elementor-element-24a3edc4 e-con-full e-flex e-con e-child\" data-id=\"24a3edc4\" data-element_type=\"container\" data-e-type=\"container\">\n\t\t\t\t<div class=\"elementor-element elementor-element-4e60657 elementor-widget elementor-widget-text-editor\" data-id=\"4e60657\" data-element_type=\"widget\" data-e-type=\"widget\" data-widget_type=\"text-editor.default\">\n\t\t\t\t\t\t\t\t\t<p>El Dr. Gualtieri se comunica con claridad y responde pacientemente a todas las preguntas. Nunca me voy preguntando detalles adicionales. Simplemente parece un tipo extremadamente normal y te hace sentir a gusto en una situaci\u00f3n nueva y aterradora.<\/p>\t\t\t\t\t\t\t\t<\/div>\n\t\t\t\t<\/div>\n\t\t\t\t<\/div>\n\t\t<div class=\"elementor-element elementor-element-643c8de8 e-con-full interior-helpful-resources-column e-flex e-con e-child\" data-id=\"643c8de8\" data-element_type=\"container\" data-e-type=\"container\" data-settings=\"{&quot;background_background&quot;:&quot;classic&quot;}\">\n\t\t\t\t<div class=\"elementor-element elementor-element-1505caeb elementor-widget elementor-widget-heading\" data-id=\"1505caeb\" data-element_type=\"widget\" data-e-type=\"widget\" data-widget_type=\"heading.default\">\n\t\t\t\t\t<h5 class=\"elementor-heading-title elementor-size-default\">Recursos \u00fatiles<\/h5>\t\t\t\t<\/div>\n\t\t\t\t<div class=\"elementor-element elementor-element-4a407a85 elementor-widget elementor-widget-text-editor\" data-id=\"4a407a85\" data-element_type=\"widget\" data-e-type=\"widget\" data-widget_type=\"text-editor.default\">\n\t\t\t\t\t\t\t\t\t<ul><li><a href=\"\/es\/comienza-tu-viaje\/cuando-acudir-a-un-especialista-en-fertilidad\/\">Cu\u00e1ndo acudir a un especialista en fertilidad<\/a><\/li><li><a href=\"\/es\/tratamientos\/fecundacion-in-vitro\/\">Fecundaci\u00f3n in vitro (FIV)<\/a>\u00a0<\/li><li><a href=\"\/es\/comienza-tu-viaje\/su-primera-visita\/\">Su primera cita<\/a><\/li><\/ul>\t\t\t\t\t\t\t\t<\/div>\n\t\t\t\t<\/div>\n\t\t\t\t<\/div>\n\t\t\t\t<\/div>\n\t\t\t\t\t<\/div>\n\t\t\t\t<\/div>\n\t\t\t\t<\/div>\n\t\t\t\t<\/div>","protected":false},"excerpt":{"rendered":"<p>Anomal\u00edas uterinas La forma y estructura del \u00fatero desempe\u00f1an un papel importante en la fertilidad y el embarazo. Las anomal\u00edas uterinas se refieren a afecciones cong\u00e9nitas o adquiridas que afectan a la anatom\u00eda del \u00fatero....<\/p>","protected":false},"author":2,"featured_media":0,"parent":463,"menu_order":0,"template":"","meta":{"_acf_changed":false,"footnotes":""},"class_list":["post-995","page","type-page","status-publish","hentry"],"acf":[],"aioseo_notices":[],"_links":{"self":[{"href":"https:\/\/ivfflorida.com\/es\/wp-json\/wp\/v2\/pages\/995","targetHints":{"allow":["GET"]}}],"collection":[{"href":"https:\/\/ivfflorida.com\/es\/wp-json\/wp\/v2\/pages"}],"about":[{"href":"https:\/\/ivfflorida.com\/es\/wp-json\/wp\/v2\/types\/page"}],"author":[{"embeddable":true,"href":"https:\/\/ivfflorida.com\/es\/wp-json\/wp\/v2\/users\/2"}],"replies":[{"embeddable":true,"href":"https:\/\/ivfflorida.com\/es\/wp-json\/wp\/v2\/comments?post=995"}],"version-history":[{"count":12,"href":"https:\/\/ivfflorida.com\/es\/wp-json\/wp\/v2\/pages\/995\/revisions"}],"predecessor-version":[{"id":2425,"href":"https:\/\/ivfflorida.com\/es\/wp-json\/wp\/v2\/pages\/995\/revisions\/2425"}],"up":[{"embeddable":true,"href":"https:\/\/ivfflorida.com\/es\/wp-json\/wp\/v2\/pages\/463"}],"wp:attachment":[{"href":"https:\/\/ivfflorida.com\/es\/wp-json\/wp\/v2\/media?parent=995"}],"curies":[{"name":"wp","href":"https:\/\/api.w.org\/{rel}","templated":true}]}}