{"id":998,"date":"2025-09-04T20:59:54","date_gmt":"2025-09-04T20:59:54","guid":{"rendered":"https:\/\/ivfflorida.com\/?page_id=998"},"modified":"2025-09-22T22:52:14","modified_gmt":"2025-09-22T22:52:14","slug":"infertilidad-inexplicada","status":"publish","type":"page","link":"https:\/\/ivfflorida.com\/es\/start-your-journey\/causes-of-infertility\/unexplained-infertility\/","title":{"rendered":"Infertilidad inexplicada"},"content":{"rendered":"<div data-elementor-type=\"wp-page\" data-elementor-id=\"998\" class=\"elementor elementor-998\" data-elementor-post-type=\"page\">\n\t\t\t\t<div class=\"elementor-element elementor-element-41c59345 e-flex e-con-boxed e-con e-parent\" data-id=\"41c59345\" data-element_type=\"container\" data-e-type=\"container\" data-settings=\"{&quot;background_background&quot;:&quot;classic&quot;}\">\n\t\t\t\t\t<div class=\"e-con-inner\">\n\t\t<div class=\"elementor-element elementor-element-7b5120e7 e-flex e-con-boxed e-con e-child\" data-id=\"7b5120e7\" data-element_type=\"container\" data-e-type=\"container\">\n\t\t\t\t\t<div class=\"e-con-inner\">\n\t\t<div class=\"elementor-element elementor-element-5d6c25f6 e-con-full e-flex e-con e-child\" data-id=\"5d6c25f6\" data-element_type=\"container\" data-e-type=\"container\" data-settings=\"{&quot;background_background&quot;:&quot;classic&quot;}\">\n\t\t<div class=\"elementor-element elementor-element-1557106a e-con-full e-flex e-con e-child\" data-id=\"1557106a\" data-element_type=\"container\" data-e-type=\"container\">\n\t\t\t\t<div class=\"elementor-element elementor-element-4655db02 elementor-widget elementor-widget-heading\" data-id=\"4655db02\" data-element_type=\"widget\" data-e-type=\"widget\" data-widget_type=\"heading.default\">\n\t\t\t\t\t<h1 class=\"elementor-heading-title elementor-size-default\">Infertilidad inexplicada<\/h1>\t\t\t\t<\/div>\n\t\t\t\t<div class=\"elementor-element elementor-element-56e47b9b elementor-widget elementor-widget-text-editor\" data-id=\"56e47b9b\" data-element_type=\"widget\" data-e-type=\"widget\" data-widget_type=\"text-editor.default\">\n\t\t\t\t\t\t\t\t\t<p>A veces, las pruebas de fertilidad no revelan una causa clara de por qu\u00e9 no se ha producido la concepci\u00f3n. Es lo que se conoce como infertilidad inexplicada, un diagn\u00f3stico que puede resultar frustrante y confuso. Aunque todos los resultados de las pruebas est\u00e1ndar parezcan normales, eso no significa que no est\u00e9 ocurriendo algo bajo la superficie.<\/p><p>La buena noticia: el tratamiento suele ser muy eficaz, sobre todo cuando lo dirige un equipo con gran experiencia y acceso a tecnolog\u00edas reproductivas avanzadas.<\/p>\t\t\t\t\t\t\t\t<\/div>\n\t\t\t\t<\/div>\n\t\t\t\t<\/div>\n\t\t\t\t\t<\/div>\n\t\t\t\t<\/div>\n\t\t\t\t\t<\/div>\n\t\t\t\t<\/div>\n\t\t<div class=\"elementor-element elementor-element-7203ec7c e-con-full e-flex e-con e-parent\" data-id=\"7203ec7c\" data-element_type=\"container\" data-e-type=\"container\">\n\t\t<div class=\"elementor-element elementor-element-77d4a05a e-flex e-con-boxed e-con e-child\" data-id=\"77d4a05a\" data-element_type=\"container\" data-e-type=\"container\">\n\t\t\t\t\t<div class=\"e-con-inner\">\n\t\t<div class=\"elementor-element elementor-element-5c0e5ce1 e-con-full e-flex e-con e-child\" data-id=\"5c0e5ce1\" data-element_type=\"container\" data-e-type=\"container\">\n\t\t<div class=\"elementor-element elementor-element-25c1fea4 e-con-full e-flex e-con e-child\" data-id=\"25c1fea4\" data-element_type=\"container\" data-e-type=\"container\">\n\t\t<div class=\"elementor-element elementor-element-729501dd e-con-full e-flex e-con e-child\" data-id=\"729501dd\" data-element_type=\"container\" data-e-type=\"container\">\n\t\t\t\t<div class=\"elementor-element elementor-element-6b6f211b elementor-widget elementor-widget-image\" data-id=\"6b6f211b\" data-element_type=\"widget\" data-e-type=\"widget\" data-widget_type=\"image.default\">\n\t\t\t\t\t\t\t\t\t\t\t\t\t\t\t<img fetchpriority=\"high\" decoding=\"async\" width=\"939\" height=\"233\" src=\"https:\/\/ivfflorida.com\/wp-content\/uploads\/2025\/09\/daugher-in-middle.jpg\" class=\"attachment-full size-full wp-image-1203\" alt=\"\" srcset=\"https:\/\/ivfflorida.com\/wp-content\/uploads\/2025\/09\/daugher-in-middle.jpg 939w, https:\/\/ivfflorida.com\/wp-content\/uploads\/2025\/09\/daugher-in-middle-300x74.jpg 300w, https:\/\/ivfflorida.com\/wp-content\/uploads\/2025\/09\/daugher-in-middle-768x191.jpg 768w\" sizes=\"(max-width: 939px) 100vw, 939px\" title=\"hija-en-medio - IVF Florida\" \/>\t\t\t\t\t\t\t\t\t\t\t\t\t\t\t<\/div>\n\t\t\t\t<\/div>\n\t\t<div class=\"elementor-element elementor-element-2300e96c e-con-full e-flex e-con e-child\" data-id=\"2300e96c\" data-element_type=\"container\" data-e-type=\"container\" data-settings=\"{&quot;background_background&quot;:&quot;classic&quot;}\">\n\t\t<div class=\"elementor-element elementor-element-40d20d88 e-con-full e-flex e-con e-child\" data-id=\"40d20d88\" data-element_type=\"container\" data-e-type=\"container\">\n\t\t\t\t<div class=\"elementor-element elementor-element-61cf834d elementor-widget elementor-widget-heading\" data-id=\"61cf834d\" data-element_type=\"widget\" data-e-type=\"widget\" data-widget_type=\"heading.default\">\n\t\t\t\t\t<h2 class=\"elementor-heading-title elementor-size-default\">\u00bfQu\u00e9 es la infertilidad inexplicada?<\/h2>\t\t\t\t<\/div>\n\t\t\t\t<\/div>\n\t\t<div class=\"elementor-element elementor-element-49662e11 e-con-full e-flex e-con e-child\" data-id=\"49662e11\" data-element_type=\"container\" data-e-type=\"container\">\n\t\t\t\t<div class=\"elementor-element elementor-element-7592541c elementor-widget elementor-widget-text-editor\" data-id=\"7592541c\" data-element_type=\"widget\" data-e-type=\"widget\" data-widget_type=\"text-editor.default\">\n\t\t\t\t\t\t\t\t\t<p>La infertilidad inexplicada es un diagn\u00f3stico que se da cuando las pruebas de fertilidad est\u00e1ndar no identifican un problema evidente con la ovulaci\u00f3n, la calidad del esperma, las trompas de Falopio o el \u00fatero. Este diagn\u00f3stico suele hacerse tras un a\u00f1o de intentar concebir (o seis meses si se es mayor de 35 a\u00f1os), seguido de un estudio completo de fertilidad.<\/p><p>Es m\u00e1s frecuente de lo que mucha gente cree: afecta hasta al 30% de las parejas con infertilidad.<\/p><p>Inexplicable no significa intratable. Simplemente significa que el siguiente paso es un enfoque m\u00e1s estrat\u00e9gico del tratamiento.<\/p>\t\t\t\t\t\t\t\t<\/div>\n\t\t\t\t<\/div>\n\t\t\t\t<\/div>\n\t\t<div class=\"elementor-element elementor-element-7ac40e5a e-con-full e-flex e-con e-child\" data-id=\"7ac40e5a\" data-element_type=\"container\" data-e-type=\"container\" data-settings=\"{&quot;background_background&quot;:&quot;classic&quot;}\">\n\t\t<div class=\"elementor-element elementor-element-26ba8c74 e-con-full e-flex e-con e-child\" data-id=\"26ba8c74\" data-element_type=\"container\" data-e-type=\"container\">\n\t\t\t\t<div class=\"elementor-element elementor-element-74e1d6bf elementor-widget elementor-widget-heading\" data-id=\"74e1d6bf\" data-element_type=\"widget\" data-e-type=\"widget\" data-widget_type=\"heading.default\">\n\t\t\t\t\t<h2 class=\"elementor-heading-title elementor-size-default\">C\u00f3mo afecta la infertilidad inexplicada a la fertilidad<\/h2>\t\t\t\t<\/div>\n\t\t\t\t<\/div>\n\t\t<div class=\"elementor-element elementor-element-73580575 e-con-full e-flex e-con e-child\" data-id=\"73580575\" data-element_type=\"container\" data-e-type=\"container\">\n\t\t\t\t<div class=\"elementor-element elementor-element-626fd4ce elementor-widget elementor-widget-text-editor\" data-id=\"626fd4ce\" data-element_type=\"widget\" data-e-type=\"widget\" data-widget_type=\"text-editor.default\">\n\t\t\t\t\t\t\t\t\t<p>La infertilidad inexplicada significa que todas las piezas parecen estar en su sitio, pero a\u00fan no se ha producido el embarazo. Esto puede resultar especialmente desalentador porque no hay un \"problema\" claro que resolver. Por eso, la atenci\u00f3n se centra r\u00e1pidamente en lo que se puede hacer a continuaci\u00f3n, en lugar de en encontrar una causa definitiva.<\/p><p>Con un diagn\u00f3stico de infertilidad inexplicada, el tratamiento se dise\u00f1a para aumentar las probabilidades de concepci\u00f3n con cada ciclo, al tiempo que se minimizan los retrasos.<\/p>\t\t\t\t\t\t\t\t<\/div>\n\t\t\t\t<\/div>\n\t\t\t\t<\/div>\n\t\t<div class=\"elementor-element elementor-element-1a66feea e-con-full e-flex e-con e-child\" data-id=\"1a66feea\" data-element_type=\"container\" data-e-type=\"container\" data-settings=\"{&quot;background_background&quot;:&quot;classic&quot;}\">\n\t\t<div class=\"elementor-element elementor-element-153c88b6 e-con-full e-flex e-con e-child\" data-id=\"153c88b6\" data-element_type=\"container\" data-e-type=\"container\">\n\t\t\t\t<div class=\"elementor-element elementor-element-1febb177 elementor-widget elementor-widget-heading\" data-id=\"1febb177\" data-element_type=\"widget\" data-e-type=\"widget\" data-widget_type=\"heading.default\">\n\t\t\t\t\t<h2 class=\"elementor-heading-title elementor-size-default\">C\u00f3mo se diagnostica la infertilidad inexplicada<\/h2>\t\t\t\t<\/div>\n\t\t\t\t<\/div>\n\t\t<div class=\"elementor-element elementor-element-5a20cf25 e-con-full e-flex e-con e-child\" data-id=\"5a20cf25\" data-element_type=\"container\" data-e-type=\"container\">\n\t\t\t\t<div class=\"elementor-element elementor-element-958ad6a elementor-widget elementor-widget-text-editor\" data-id=\"958ad6a\" data-element_type=\"widget\" data-e-type=\"widget\" data-widget_type=\"text-editor.default\">\n\t\t\t\t\t\t\t\t\t<h3>La infertilidad inexplicada suele diagnosticarse tras una evaluaci\u00f3n exhaustiva que confirma:<\/h3><ul><li aria-level=\"1\">Ovulaci\u00f3n regular<\/li><li aria-level=\"1\">An\u00e1lisis de semen normal<\/li><li aria-level=\"1\">Trompas de Falopio abiertas (confirmado por HSG o ecograf\u00eda salina)<\/li><li aria-level=\"1\">\u00datero de aspecto sano, sin anomal\u00edas ni cicatrices.<\/li><\/ul><p>Tambi\u00e9n pueden incluirse pruebas adicionales, como la evaluaci\u00f3n de la reserva ov\u00e1rica o pruebas esperm\u00e1ticas avanzadas. Una vez que todos los resultados se encuentran dentro de los rangos esperados y no se identifica ninguna otra causa, el diagn\u00f3stico se considera inexplicado.<\/p>\t\t\t\t\t\t\t\t<\/div>\n\t\t\t\t<\/div>\n\t\t\t\t<\/div>\n\t\t<div class=\"elementor-element elementor-element-d598122 e-con-full e-flex e-con e-child\" data-id=\"d598122\" data-element_type=\"container\" data-e-type=\"container\" data-settings=\"{&quot;background_background&quot;:&quot;classic&quot;}\">\n\t\t<div class=\"elementor-element elementor-element-b56ba62 e-con-full e-flex e-con e-child\" data-id=\"b56ba62\" data-element_type=\"container\" data-e-type=\"container\">\n\t\t\t\t<div class=\"elementor-element elementor-element-5072b59 elementor-widget elementor-widget-heading\" data-id=\"5072b59\" data-element_type=\"widget\" data-e-type=\"widget\" data-widget_type=\"heading.default\">\n\t\t\t\t\t<h2 class=\"elementor-heading-title elementor-size-default\">Opciones de tratamiento de la infertilidad inexplicada\n<\/h2>\t\t\t\t<\/div>\n\t\t\t\t<\/div>\n\t\t<div class=\"elementor-element elementor-element-dad9feb e-con-full e-flex e-con e-child\" data-id=\"dad9feb\" data-element_type=\"container\" data-e-type=\"container\">\n\t\t\t\t<div class=\"elementor-element elementor-element-e35d98d elementor-widget elementor-widget-text-editor\" data-id=\"e35d98d\" data-element_type=\"widget\" data-e-type=\"widget\" data-widget_type=\"text-editor.default\">\n\t\t\t\t\t\t\t\t\t<h3>El tratamiento se centra en aumentar las posibilidades de que el \u00f3vulo y el espermatozoide se encuentren en condiciones \u00f3ptimas. Las opciones suelen seguir un enfoque escalonado:<\/h3><ul><li aria-level=\"1\">Ovulaci\u00f3n programada con IIU: La medicaci\u00f3n (como el letrozol o el clomifeno) estimula la ovulaci\u00f3n, y la IIU ayuda a los espermatozoides a alcanzar el \u00f3vulo con mayor eficacia. Suele utilizarse como m\u00e9todo de primera l\u00ednea.<\/li><li aria-level=\"1\">Fecundaci\u00f3n in vitro (FIV): Ofrece un mayor control sobre la fecundaci\u00f3n, el desarrollo embrionario y la selecci\u00f3n. La FIV tambi\u00e9n puede descubrir problemas no detectados previamente, como fallos en la fecundaci\u00f3n o crecimiento an\u00f3malo del embri\u00f3n.<\/li><\/ul><p>Su equipo asistencial le guiar\u00e1 a trav\u00e9s de estas opciones con un plan personalizado basado en su edad, cronolog\u00eda e historial de tratamientos previos.<\/p><p>En IVF Florida, inexplicable no significa sin respuesta. Le ayudaremos a explorar todas las opciones con claridad, compasi\u00f3n y la atenci\u00f3n avanzada que se merece.<\/p>\t\t\t\t\t\t\t\t<\/div>\n\t\t\t\t<\/div>\n\t\t\t\t<\/div>\n\t\t\t\t<\/div>\n\t\t<div class=\"elementor-element elementor-element-1168b700 e-con-full e-flex e-con e-child\" data-id=\"1168b700\" data-element_type=\"container\" data-e-type=\"container\">\n\t\t<div class=\"elementor-element elementor-element-1deaf08f e-con-full e-flex e-con e-child\" data-id=\"1deaf08f\" data-element_type=\"container\" data-e-type=\"container\" data-settings=\"{&quot;background_background&quot;:&quot;classic&quot;}\">\n\t\t<div class=\"elementor-element elementor-element-2bd27fde e-con-full e-flex e-con e-child\" data-id=\"2bd27fde\" data-element_type=\"container\" data-e-type=\"container\">\n\t\t\t\t<div class=\"elementor-element elementor-element-3e291508 elementor-widget elementor-widget-text-editor\" data-id=\"3e291508\" data-element_type=\"widget\" data-e-type=\"widget\" data-widget_type=\"text-editor.default\">\n\t\t\t\t\t\t\t\t\t<p>La Dra. Bou Nemer es extremadamente conocedora y profesional. Ella siempre es paciente con la explicaci\u00f3n de las opciones y procedimientos y es muy emp\u00e1tico.<\/p>\t\t\t\t\t\t\t\t<\/div>\n\t\t\t\t<\/div>\n\t\t\t\t<\/div>\n\t\t<div class=\"elementor-element elementor-element-3e52a76c e-con-full interior-helpful-resources-column e-flex e-con e-child\" data-id=\"3e52a76c\" data-element_type=\"container\" data-e-type=\"container\" data-settings=\"{&quot;background_background&quot;:&quot;classic&quot;}\">\n\t\t\t\t<div class=\"elementor-element elementor-element-2d9823cf elementor-widget elementor-widget-heading\" data-id=\"2d9823cf\" data-element_type=\"widget\" data-e-type=\"widget\" data-widget_type=\"heading.default\">\n\t\t\t\t\t<h5 class=\"elementor-heading-title elementor-size-default\">Recursos \u00fatiles<\/h5>\t\t\t\t<\/div>\n\t\t\t\t<div class=\"elementor-element elementor-element-2013e0c7 elementor-widget elementor-widget-text-editor\" data-id=\"2013e0c7\" data-element_type=\"widget\" data-e-type=\"widget\" data-widget_type=\"text-editor.default\">\n\t\t\t\t\t\t\t\t\t<ul><li><a href=\"\/es\/concertar-cita\/\">Citas<\/a><\/li><li><a href=\"\/es\/lugares\/\">Ubicaciones<\/a><\/li><li><a href=\"\/es\/proveedores\/\">Proveedores<\/a><\/li><\/ul>\t\t\t\t\t\t\t\t<\/div>\n\t\t\t\t<\/div>\n\t\t\t\t<\/div>\n\t\t\t\t<\/div>\n\t\t\t\t\t<\/div>\n\t\t\t\t<\/div>\n\t\t\t\t<\/div>\n\t\t\t\t<\/div>","protected":false},"excerpt":{"rendered":"<p>Infertilidad inexplicada A veces, las pruebas de fertilidad no revelan una causa clara de por qu\u00e9 no se ha producido la concepci\u00f3n. Es lo que se conoce como infertilidad inexplicada, un diagn\u00f3stico que puede resultar frustrante y confuso...<\/p>","protected":false},"author":2,"featured_media":0,"parent":463,"menu_order":0,"template":"","meta":{"_acf_changed":false,"footnotes":""},"class_list":["post-998","page","type-page","status-publish","hentry"],"acf":[],"aioseo_notices":[],"_links":{"self":[{"href":"https:\/\/ivfflorida.com\/es\/wp-json\/wp\/v2\/pages\/998","targetHints":{"allow":["GET"]}}],"collection":[{"href":"https:\/\/ivfflorida.com\/es\/wp-json\/wp\/v2\/pages"}],"about":[{"href":"https:\/\/ivfflorida.com\/es\/wp-json\/wp\/v2\/types\/page"}],"author":[{"embeddable":true,"href":"https:\/\/ivfflorida.com\/es\/wp-json\/wp\/v2\/users\/2"}],"replies":[{"embeddable":true,"href":"https:\/\/ivfflorida.com\/es\/wp-json\/wp\/v2\/comments?post=998"}],"version-history":[{"count":6,"href":"https:\/\/ivfflorida.com\/es\/wp-json\/wp\/v2\/pages\/998\/revisions"}],"predecessor-version":[{"id":2114,"href":"https:\/\/ivfflorida.com\/es\/wp-json\/wp\/v2\/pages\/998\/revisions\/2114"}],"up":[{"embeddable":true,"href":"https:\/\/ivfflorida.com\/es\/wp-json\/wp\/v2\/pages\/463"}],"wp:attachment":[{"href":"https:\/\/ivfflorida.com\/es\/wp-json\/wp\/v2\/media?parent=998"}],"curies":[{"name":"wp","href":"https:\/\/api.w.org\/{rel}","templated":true}]}}